{"id":770,"date":"2022-09-12T09:00:58","date_gmt":"2022-09-12T09:00:58","guid":{"rendered":"https:\/\/semanamundial.com\/?page_id=770"},"modified":"2022-10-05T10:20:52","modified_gmt":"2022-10-05T10:20:52","slug":"concurs","status":"publish","type":"page","link":"https:\/\/semanamundial.com\/ca\/concurs\/","title":{"rendered":"Concurs"},"content":{"rendered":"\t\t<div data-elementor-type=\"wp-page\" data-elementor-id=\"770\" class=\"elementor elementor-770 elementor-684\">\n\t\t\t\t\t\t<section class=\"elementor-section elementor-top-section elementor-element elementor-element-5796ea8 elementor-section-boxed elementor-section-height-default elementor-section-height-default\" data-id=\"5796ea8\" data-element_type=\"section\">\n\t\t\t\t\t\t<div class=\"elementor-container elementor-column-gap-default\">\n\t\t\t\t\t<div class=\"aux-parallax-section elementor-column elementor-col-100 elementor-top-column elementor-element elementor-element-b19c556\" data-id=\"b19c556\" data-element_type=\"column\">\n\t\t\t<div class=\"elementor-widget-wrap elementor-element-populated\">\n\t\t\t\t\t\t<div class=\"elementor-element elementor-element-69ba571 elementor-widget elementor-widget-heading\" data-id=\"69ba571\" data-element_type=\"widget\" data-widget_type=\"heading.default\">\n\t\t\t\t<div class=\"elementor-widget-container\">\n\t\t\t\t\t<h1 class=\"elementor-heading-title elementor-size-default\">Concurs<\/h1>\t\t\t\t<\/div>\n\t\t\t\t<\/div>\n\t\t\t\t\t<\/div>\n\t\t<\/div>\n\t\t\t\t\t<\/div>\n\t\t<\/section>\n\t\t\t\t<section class=\"elementor-section elementor-top-section elementor-element elementor-element-7d1c5d8 elementor-section-boxed elementor-section-height-default elementor-section-height-default\" data-id=\"7d1c5d8\" data-element_type=\"section\">\n\t\t\t\t\t\t<div class=\"elementor-container elementor-column-gap-default\">\n\t\t\t\t\t<div class=\"aux-parallax-section elementor-column elementor-col-100 elementor-top-column elementor-element elementor-element-ec50e5a\" data-id=\"ec50e5a\" data-element_type=\"column\">\n\t\t\t<div class=\"elementor-widget-wrap elementor-element-populated\">\n\t\t\t\t\t\t<div class=\"elementor-element elementor-element-465751a elementor-widget elementor-widget-image\" data-id=\"465751a\" data-element_type=\"widget\" data-widget_type=\"image.default\">\n\t\t\t\t<div class=\"elementor-widget-container\">\n\t\t\t\t\t\t\t\t\t\t\t\t\t\t\t<img decoding=\"async\" src=\"https:\/\/semanamundial.com\/wp-content\/uploads\/elementor\/thumbs\/fotos-pagines-SM-1800x500-v3-pvrfwu3db0k4kg5beo7a956l4htui7g7753qapfzc0.jpg\" title=\"fotos pagines SM 1800&#215;500 v3\" alt=\"fotos pagines SM 1800x500 v3\" loading=\"lazy\" \/>\t\t\t\t\t\t\t\t\t\t\t\t\t\t\t<\/div>\n\t\t\t\t<\/div>\n\t\t\t\t\t<\/div>\n\t\t<\/div>\n\t\t\t\t\t<\/div>\n\t\t<\/section>\n\t\t\t\t<section class=\"elementor-section elementor-top-section elementor-element elementor-element-5e6dbc4 elementor-section-boxed elementor-section-height-default elementor-section-height-default\" data-id=\"5e6dbc4\" data-element_type=\"section\">\n\t\t\t\t\t\t<div class=\"elementor-container elementor-column-gap-default\">\n\t\t\t\t\t<div class=\"aux-parallax-section elementor-column elementor-col-100 elementor-top-column elementor-element elementor-element-ec8b698\" data-id=\"ec8b698\" data-element_type=\"column\">\n\t\t\t<div class=\"elementor-widget-wrap elementor-element-populated\">\n\t\t\t\t\t\t<div class=\"elementor-element elementor-element-cc03e2f elementor-widget elementor-widget-text-editor\" data-id=\"cc03e2f\" data-element_type=\"widget\" data-widget_type=\"text-editor.default\">\n\t\t\t\t<div class=\"elementor-widget-container\">\n\t\t\t\t\t\t\t\t\t<p>La Setmana Mundial 2022 est\u00e0 repleta d&#8217;innovacions i una d&#8217;elles \u00e9s el concurs interactiu que se celebrar\u00e0 durant l&#8217;esdeveniment. Per a participar no haur\u00e0s de moure&#8217;t de la teva butaca a la Sala Gran del TNC.<\/p>\n<p>La mec\u00e0nica d&#8217;aquest joc \u00e9s senzilla: Has de parar atenci\u00f3 a les presentacions que 10 companyies realitzaran aquesta tarda des de l&#8217;escenari per a parlar-nos de la seva visi\u00f3 sobre la innovaci\u00f3. Aix\u00f2 i portar el teu m\u00f2bil, la teva acreditaci\u00f3 de la Setmana Mundial impresa i estar atent a les indicacions del presentador de l&#8217;acte, Pau-Garcia Mil\u00e0.<\/p>\n<p>T&#8217;ho expliquem, pas a pas:<\/p>\n<p>1- Anar al TNC amb la teva acreditaci\u00f3 de la Setmana Mundial impresa.<br \/>\n2- Despr\u00e9s de passar el control d&#8217;acc\u00e9s, haur\u00e0s d&#8217;escanejar des del teu m\u00f2bil el codi QR que trobar\u00e0s en la teva acreditaci\u00f3.<br \/>\n3- Aquesta acci\u00f3 obrir\u00e0 un acc\u00e9s a una web de la Setmana Mundial a trav\u00e9s de la que podr\u00e0s interactuar amb l&#8217;organitzaci\u00f3.<br \/>\n4- Seguir les indicacions de Pau Garcia-Mil\u00e0.<br \/>\n5- Estar molt pendent a totes les presentacions tipus TED sobre la innovaci\u00f3 en les companyies.<br \/>\n6- Al final de les presentacions, rebr\u00e0s en el teu m\u00f2bil una pregunta i dues possibles respostes, de la qual nom\u00e9s una \u00e9s correcta, sobre el contingut de cada xerrada. Disposar\u00e0s d&#8217;un temps l\u00edmit per a cada resposta.<br \/>\n7- Els participants que obtinguin m\u00e9s puntuaci\u00f3 entraran en el sorteig de dues bicicletes el\u00e8ctriques plegables.<br \/>\n8- Si ho desitgen, els guanyadors podran emportar-se la bicicleta aquesta mateixa nit o recollir-la m\u00e9s endavant en el Col\u00b7legi.<\/p>\n<p><strong>El premi<\/strong><br \/>\nDues bicicletes el\u00e8ctriques de la marca Freeel personalitzades per al Col\u00b7legi i que estaran exposades en el TNC. Aquestes bicicletes han estat dissenyades a Barcelona i estan especialment creades per als despla\u00e7aments urbans. \u00c0gils, robustes i lleugeres, s\u00f3n el vehicle ideal per a un evolucionar cap a un transport m\u00e9s sostenible. Per a poder optar a una de les dues bicicletes \u00e9s imprescindible respondre correctament a la major quantitat de respostes, i en cas d&#8217;empat, confiar que la sort et faci costat en el sorteig que triar\u00e0 els guanyadors.<\/p>\n\t\t\t\t\t\t\t\t<\/div>\n\t\t\t\t<\/div>\n\t\t\t\t\t<\/div>\n\t\t<\/div>\n\t\t\t\t\t<\/div>\n\t\t<\/section>\n\t\t\t\t<section class=\"elementor-section elementor-top-section elementor-element elementor-element-f9b95a1 elementor-section-boxed elementor-section-height-default elementor-section-height-default\" data-id=\"f9b95a1\" data-element_type=\"section\">\n\t\t\t\t\t\t<div class=\"elementor-container elementor-column-gap-default\">\n\t\t\t\t\t<div class=\"aux-parallax-section elementor-column elementor-col-100 elementor-top-column elementor-element elementor-element-1242951\" data-id=\"1242951\" data-element_type=\"column\">\n\t\t\t<div class=\"elementor-widget-wrap elementor-element-populated\">\n\t\t\t\t\t\t<div class=\"elementor-element elementor-element-61855c0 elementor-widget elementor-widget-image\" data-id=\"61855c0\" data-element_type=\"widget\" data-widget_type=\"image.default\">\n\t\t\t\t<div class=\"elementor-widget-container\">\n\t\t\t\t\t\t\t\t\t\t\t\t\t\t\t<img decoding=\"async\" src=\"https:\/\/semanamundial.com\/wp-content\/uploads\/elementor\/thumbs\/oceano_02-pvrbqljmc1lamn7velez7a22tmqibi72icpzea9ayg.png\" title=\"oceano_02\" alt=\"oceano_02\" loading=\"lazy\" \/>\t\t\t\t\t\t\t\t\t\t\t\t\t\t\t<\/div>\n\t\t\t\t<\/div>\n\t\t\t\t\t<\/div>\n\t\t<\/div>\n\t\t\t\t\t<\/div>\n\t\t<\/section>\n\t\t\t\t<section class=\"elementor-section elementor-top-section elementor-element elementor-element-ba49073 elementor-section-boxed elementor-section-height-default elementor-section-height-default\" data-id=\"ba49073\" data-element_type=\"section\">\n\t\t\t\t\t\t<div class=\"elementor-container elementor-column-gap-default\">\n\t\t\t\t\t<div class=\"aux-parallax-section elementor-column elementor-col-100 elementor-top-column elementor-element elementor-element-fd9a1d4\" data-id=\"fd9a1d4\" data-element_type=\"column\">\n\t\t\t<div class=\"elementor-widget-wrap elementor-element-populated\">\n\t\t\t\t\t\t<div class=\"elementor-element elementor-element-631c62c elementor-align-center elementor-widget elementor-widget-button\" data-id=\"631c62c\" data-element_type=\"widget\" data-widget_type=\"button.default\">\n\t\t\t\t<div class=\"elementor-widget-container\">\n\t\t\t\t\t\t\t\t\t<div class=\"elementor-button-wrapper\">\n\t\t\t\t\t<a class=\"elementor-button elementor-button-link elementor-size-sm\" href=\"https:\/\/www.semanamundial.com\/inscripciones\/2022\/front\/inscript\">\n\t\t\t\t\t\t<span class=\"elementor-button-content-wrapper\">\n\t\t\t\t\t\t\t\t\t<span class=\"elementor-button-text\">Inscriu-te ja en la Setmana Mundial i reserva la teva butaca!<\/span>\n\t\t\t\t\t<\/span>\n\t\t\t\t\t<\/a>\n\t\t\t\t<\/div>\n\t\t\t\t\t\t\t\t<\/div>\n\t\t\t\t<\/div>\n\t\t\t\t\t<\/div>\n\t\t<\/div>\n\t\t\t\t\t<\/div>\n\t\t<\/section>\n\t\t\t\t<\/div>\n\t\t","protected":false},"excerpt":{"rendered":"<p>Concurs La Setmana Mundial 2022 est\u00e0 repleta d&#8217;innovacions i una d&#8217;elles \u00e9s el concurs interactiu que se celebrar\u00e0 durant l&#8217;esdeveniment. Per a participar no haur\u00e0s de moure&#8217;t de la teva butaca a la Sala Gran del TNC. La mec\u00e0nica d&#8217;aquest joc \u00e9s senzilla: Has de parar atenci\u00f3 a les presentacions que 10 companyies realitzaran aquesta [&hellip;]<\/p>\n","protected":false},"author":2,"featured_media":0,"parent":0,"menu_order":0,"comment_status":"closed","ping_status":"closed","template":"","meta":{"footnotes":""},"class_list":["post-770","page","type-page","status-publish","hentry"],"yoast_head":"<!-- This site is optimized with the Yoast SEO plugin v26.6 - https:\/\/yoast.com\/wordpress\/plugins\/seo\/ -->\n<title>Concurs - Semana Mundial 2025<\/title>\n<meta name=\"robots\" content=\"index, follow, max-snippet:-1, max-image-preview:large, max-video-preview:-1\" \/>\n<link rel=\"canonical\" href=\"https:\/\/semanamundial.com\/ca\/concurs\/\" \/>\n<meta property=\"og:locale\" content=\"ca_ES\" \/>\n<meta property=\"og:type\" content=\"article\" \/>\n<meta property=\"og:title\" content=\"Concurs - Semana Mundial 2025\" \/>\n<meta property=\"og:description\" content=\"Concurs La Setmana Mundial 2022 est\u00e0 repleta d&#8217;innovacions i una d&#8217;elles \u00e9s el concurs interactiu que se celebrar\u00e0 durant l&#8217;esdeveniment. Per a participar no haur\u00e0s de moure&#8217;t de la teva butaca a la Sala Gran del TNC. La mec\u00e0nica d&#8217;aquest joc \u00e9s senzilla: Has de parar atenci\u00f3 a les presentacions que 10 companyies realitzaran aquesta [&hellip;]\" \/>\n<meta property=\"og:url\" content=\"https:\/\/semanamundial.com\/ca\/concurs\/\" \/>\n<meta property=\"og:site_name\" content=\"Semana Mundial 2025\" \/>\n<meta property=\"article:modified_time\" content=\"2022-10-05T10:20:52+00:00\" \/>\n<meta property=\"og:image\" content=\"https:\/\/semanamundial.com\/wp-content\/uploads\/elementor\/thumbs\/fotos-pagines-SM-1800x500-v3-pvrfwu3db0k4kg5beo7a956l4htui7g7753qapfzc0.jpg\" \/>\n<meta name=\"twitter:card\" content=\"summary_large_image\" \/>\n<meta name=\"twitter:label1\" content=\"Temps estimat de lectura\" \/>\n\t<meta name=\"twitter:data1\" content=\"2 minuts\" \/>\n<script type=\"application\/ld+json\" class=\"yoast-schema-graph\">{\"@context\":\"https:\/\/schema.org\",\"@graph\":[{\"@type\":\"WebPage\",\"@id\":\"https:\/\/semanamundial.com\/ca\/concurs\/\",\"url\":\"https:\/\/semanamundial.com\/ca\/concurs\/\",\"name\":\"Concurs - Semana Mundial 2025\",\"isPartOf\":{\"@id\":\"https:\/\/semanamundial.com\/ca\/#website\"},\"primaryImageOfPage\":{\"@id\":\"https:\/\/semanamundial.com\/ca\/concurs\/#primaryimage\"},\"image\":{\"@id\":\"https:\/\/semanamundial.com\/ca\/concurs\/#primaryimage\"},\"thumbnailUrl\":\"https:\/\/semanamundial.com\/wp-content\/uploads\/elementor\/thumbs\/fotos-pagines-SM-1800x500-v3-pvrfwu3db0k4kg5beo7a956l4htui7g7753qapfzc0.jpg\",\"datePublished\":\"2022-09-12T09:00:58+00:00\",\"dateModified\":\"2022-10-05T10:20:52+00:00\",\"breadcrumb\":{\"@id\":\"https:\/\/semanamundial.com\/ca\/concurs\/#breadcrumb\"},\"inLanguage\":\"ca\",\"potentialAction\":[{\"@type\":\"ReadAction\",\"target\":[\"https:\/\/semanamundial.com\/ca\/concurs\/\"]}]},{\"@type\":\"ImageObject\",\"inLanguage\":\"ca\",\"@id\":\"https:\/\/semanamundial.com\/ca\/concurs\/#primaryimage\",\"url\":\"https:\/\/semanamundial.com\/wp-content\/uploads\/elementor\/thumbs\/fotos-pagines-SM-1800x500-v3-pvrfwu3db0k4kg5beo7a956l4htui7g7753qapfzc0.jpg\",\"contentUrl\":\"https:\/\/semanamundial.com\/wp-content\/uploads\/elementor\/thumbs\/fotos-pagines-SM-1800x500-v3-pvrfwu3db0k4kg5beo7a956l4htui7g7753qapfzc0.jpg\"},{\"@type\":\"BreadcrumbList\",\"@id\":\"https:\/\/semanamundial.com\/ca\/concurs\/#breadcrumb\",\"itemListElement\":[{\"@type\":\"ListItem\",\"position\":1,\"name\":\"Portada\",\"item\":\"https:\/\/semanamundial.com\/ca\/\"},{\"@type\":\"ListItem\",\"position\":2,\"name\":\"Concurs\"}]},{\"@type\":\"WebSite\",\"@id\":\"https:\/\/semanamundial.com\/ca\/#website\",\"url\":\"https:\/\/semanamundial.com\/ca\/\",\"name\":\"Semana Mundial 2025\",\"description\":\"\",\"publisher\":{\"@id\":\"https:\/\/semanamundial.com\/ca\/#organization\"},\"potentialAction\":[{\"@type\":\"SearchAction\",\"target\":{\"@type\":\"EntryPoint\",\"urlTemplate\":\"https:\/\/semanamundial.com\/ca\/?s={search_term_string}\"},\"query-input\":{\"@type\":\"PropertyValueSpecification\",\"valueRequired\":true,\"valueName\":\"search_term_string\"}}],\"inLanguage\":\"ca\"},{\"@type\":\"Organization\",\"@id\":\"https:\/\/semanamundial.com\/ca\/#organization\",\"name\":\"Semana Mundial 2025\",\"url\":\"https:\/\/semanamundial.com\/ca\/\",\"logo\":{\"@type\":\"ImageObject\",\"inLanguage\":\"ca\",\"@id\":\"https:\/\/semanamundial.com\/ca\/#\/schema\/logo\/image\/\",\"url\":\"https:\/\/semanamundial.com\/wp-content\/uploads\/2025\/03\/LOGOS-SM24-CAT-05-e1743008465107.png\",\"contentUrl\":\"https:\/\/semanamundial.com\/wp-content\/uploads\/2025\/03\/LOGOS-SM24-CAT-05-e1743008465107.png\",\"width\":150,\"height\":102,\"caption\":\"Semana Mundial 2025\"},\"image\":{\"@id\":\"https:\/\/semanamundial.com\/ca\/#\/schema\/logo\/image\/\"}}]}<\/script>\n<!-- \/ Yoast SEO plugin. -->","yoast_head_json":{"title":"Concurs - Semana Mundial 2025","robots":{"index":"index","follow":"follow","max-snippet":"max-snippet:-1","max-image-preview":"max-image-preview:large","max-video-preview":"max-video-preview:-1"},"canonical":"https:\/\/semanamundial.com\/ca\/concurs\/","og_locale":"ca_ES","og_type":"article","og_title":"Concurs - Semana Mundial 2025","og_description":"Concurs La Setmana Mundial 2022 est\u00e0 repleta d&#8217;innovacions i una d&#8217;elles \u00e9s el concurs interactiu que se celebrar\u00e0 durant l&#8217;esdeveniment. Per a participar no haur\u00e0s de moure&#8217;t de la teva butaca a la Sala Gran del TNC. La mec\u00e0nica d&#8217;aquest joc \u00e9s senzilla: Has de parar atenci\u00f3 a les presentacions que 10 companyies realitzaran aquesta [&hellip;]","og_url":"https:\/\/semanamundial.com\/ca\/concurs\/","og_site_name":"Semana Mundial 2025","article_modified_time":"2022-10-05T10:20:52+00:00","og_image":[{"url":"https:\/\/semanamundial.com\/wp-content\/uploads\/elementor\/thumbs\/fotos-pagines-SM-1800x500-v3-pvrfwu3db0k4kg5beo7a956l4htui7g7753qapfzc0.jpg","type":"","width":"","height":""}],"twitter_card":"summary_large_image","twitter_misc":{"Temps estimat de lectura":"2 minuts"},"schema":{"@context":"https:\/\/schema.org","@graph":[{"@type":"WebPage","@id":"https:\/\/semanamundial.com\/ca\/concurs\/","url":"https:\/\/semanamundial.com\/ca\/concurs\/","name":"Concurs - Semana Mundial 2025","isPartOf":{"@id":"https:\/\/semanamundial.com\/ca\/#website"},"primaryImageOfPage":{"@id":"https:\/\/semanamundial.com\/ca\/concurs\/#primaryimage"},"image":{"@id":"https:\/\/semanamundial.com\/ca\/concurs\/#primaryimage"},"thumbnailUrl":"https:\/\/semanamundial.com\/wp-content\/uploads\/elementor\/thumbs\/fotos-pagines-SM-1800x500-v3-pvrfwu3db0k4kg5beo7a956l4htui7g7753qapfzc0.jpg","datePublished":"2022-09-12T09:00:58+00:00","dateModified":"2022-10-05T10:20:52+00:00","breadcrumb":{"@id":"https:\/\/semanamundial.com\/ca\/concurs\/#breadcrumb"},"inLanguage":"ca","potentialAction":[{"@type":"ReadAction","target":["https:\/\/semanamundial.com\/ca\/concurs\/"]}]},{"@type":"ImageObject","inLanguage":"ca","@id":"https:\/\/semanamundial.com\/ca\/concurs\/#primaryimage","url":"https:\/\/semanamundial.com\/wp-content\/uploads\/elementor\/thumbs\/fotos-pagines-SM-1800x500-v3-pvrfwu3db0k4kg5beo7a956l4htui7g7753qapfzc0.jpg","contentUrl":"https:\/\/semanamundial.com\/wp-content\/uploads\/elementor\/thumbs\/fotos-pagines-SM-1800x500-v3-pvrfwu3db0k4kg5beo7a956l4htui7g7753qapfzc0.jpg"},{"@type":"BreadcrumbList","@id":"https:\/\/semanamundial.com\/ca\/concurs\/#breadcrumb","itemListElement":[{"@type":"ListItem","position":1,"name":"Portada","item":"https:\/\/semanamundial.com\/ca\/"},{"@type":"ListItem","position":2,"name":"Concurs"}]},{"@type":"WebSite","@id":"https:\/\/semanamundial.com\/ca\/#website","url":"https:\/\/semanamundial.com\/ca\/","name":"Semana Mundial 2025","description":"","publisher":{"@id":"https:\/\/semanamundial.com\/ca\/#organization"},"potentialAction":[{"@type":"SearchAction","target":{"@type":"EntryPoint","urlTemplate":"https:\/\/semanamundial.com\/ca\/?s={search_term_string}"},"query-input":{"@type":"PropertyValueSpecification","valueRequired":true,"valueName":"search_term_string"}}],"inLanguage":"ca"},{"@type":"Organization","@id":"https:\/\/semanamundial.com\/ca\/#organization","name":"Semana Mundial 2025","url":"https:\/\/semanamundial.com\/ca\/","logo":{"@type":"ImageObject","inLanguage":"ca","@id":"https:\/\/semanamundial.com\/ca\/#\/schema\/logo\/image\/","url":"https:\/\/semanamundial.com\/wp-content\/uploads\/2025\/03\/LOGOS-SM24-CAT-05-e1743008465107.png","contentUrl":"https:\/\/semanamundial.com\/wp-content\/uploads\/2025\/03\/LOGOS-SM24-CAT-05-e1743008465107.png","width":150,"height":102,"caption":"Semana Mundial 2025"},"image":{"@id":"https:\/\/semanamundial.com\/ca\/#\/schema\/logo\/image\/"}}]}},"_links":{"self":[{"href":"https:\/\/semanamundial.com\/ca\/wp-json\/wp\/v2\/pages\/770","targetHints":{"allow":["GET"]}}],"collection":[{"href":"https:\/\/semanamundial.com\/ca\/wp-json\/wp\/v2\/pages"}],"about":[{"href":"https:\/\/semanamundial.com\/ca\/wp-json\/wp\/v2\/types\/page"}],"author":[{"embeddable":true,"href":"https:\/\/semanamundial.com\/ca\/wp-json\/wp\/v2\/users\/2"}],"replies":[{"embeddable":true,"href":"https:\/\/semanamundial.com\/ca\/wp-json\/wp\/v2\/comments?post=770"}],"version-history":[{"count":6,"href":"https:\/\/semanamundial.com\/ca\/wp-json\/wp\/v2\/pages\/770\/revisions"}],"predecessor-version":[{"id":908,"href":"https:\/\/semanamundial.com\/ca\/wp-json\/wp\/v2\/pages\/770\/revisions\/908"}],"wp:attachment":[{"href":"https:\/\/semanamundial.com\/ca\/wp-json\/wp\/v2\/media?parent=770"}],"curies":[{"name":"wp","href":"https:\/\/api.w.org\/{rel}","templated":true}]}}