{"id":250,"date":"2025-07-22T11:15:39","date_gmt":"2025-07-22T09:15:39","guid":{"rendered":"https:\/\/semanamundial.com\/programa\/"},"modified":"2025-07-29T12:11:53","modified_gmt":"2025-07-29T10:11:53","slug":"programa","status":"publish","type":"page","link":"https:\/\/semanamundial.com\/ca\/programa\/","title":{"rendered":"Programa"},"content":{"rendered":"\t\t<div data-elementor-type=\"wp-page\" data-elementor-id=\"250\" class=\"elementor elementor-250 elementor-246\">\n\t\t\t\t\t\t<section class=\"elementor-section elementor-top-section elementor-element elementor-element-11a7017 elementor-section-boxed elementor-section-height-default elementor-section-height-default\" data-id=\"11a7017\" data-element_type=\"section\">\n\t\t\t\t\t\t<div class=\"elementor-container elementor-column-gap-default\">\n\t\t\t\t\t<div class=\"aux-parallax-section elementor-column elementor-col-100 elementor-top-column elementor-element elementor-element-1e8632d\" data-id=\"1e8632d\" data-element_type=\"column\">\n\t\t\t<div class=\"elementor-widget-wrap elementor-element-populated\">\n\t\t\t\t\t\t<div class=\"elementor-element elementor-element-6b95664 elementor-widget elementor-widget-heading\" data-id=\"6b95664\" data-element_type=\"widget\" data-widget_type=\"heading.default\">\n\t\t\t\t<div class=\"elementor-widget-container\">\n\t\t\t\t\t<h1 class=\"elementor-heading-title elementor-size-default\">Programa<\/h1>\t\t\t\t<\/div>\n\t\t\t\t<\/div>\n\t\t\t\t\t<\/div>\n\t\t<\/div>\n\t\t\t\t\t<\/div>\n\t\t<\/section>\n\t\t\t\t<section class=\"elementor-section elementor-top-section elementor-element elementor-element-8c0d389 elementor-section-boxed elementor-section-height-default elementor-section-height-default\" data-id=\"8c0d389\" data-element_type=\"section\">\n\t\t\t\t\t\t<div class=\"elementor-container elementor-column-gap-default\">\n\t\t\t\t\t<div class=\"aux-parallax-section elementor-column elementor-col-100 elementor-top-column elementor-element elementor-element-291b0b1\" data-id=\"291b0b1\" data-element_type=\"column\">\n\t\t\t<div class=\"elementor-widget-wrap elementor-element-populated\">\n\t\t\t\t\t\t<div class=\"elementor-element elementor-element-35c3b93 elementor-widget elementor-widget-image\" data-id=\"35c3b93\" data-element_type=\"widget\" data-widget_type=\"image.default\">\n\t\t\t\t<div class=\"elementor-widget-container\">\n\t\t\t\t\t\t\t\t\t\t\t\t\t\t\t<img decoding=\"async\" src=\"https:\/\/semanamundial.com\/wp-content\/uploads\/elementor\/thumbs\/pagina-Programa-q8yomnjp8etzutnypaco6eyoecwcxjmh47spv5sm9i.png\" title=\"pagina Programa\" alt=\"pagina Programa\" loading=\"lazy\" \/>\t\t\t\t\t\t\t\t\t\t\t\t\t\t\t<\/div>\n\t\t\t\t<\/div>\n\t\t\t\t\t<\/div>\n\t\t<\/div>\n\t\t\t\t\t<\/div>\n\t\t<\/section>\n\t\t\t\t<section class=\"elementor-section elementor-top-section elementor-element elementor-element-990bc5b elementor-section-boxed elementor-section-height-default elementor-section-height-default\" data-id=\"990bc5b\" data-element_type=\"section\">\n\t\t\t\t\t\t<div class=\"elementor-container elementor-column-gap-default\">\n\t\t\t\t\t<div class=\"aux-parallax-section elementor-column elementor-col-25 elementor-top-column elementor-element elementor-element-91400fa\" data-id=\"91400fa\" data-element_type=\"column\">\n\t\t\t<div class=\"elementor-widget-wrap\">\n\t\t\t\t\t\t\t<\/div>\n\t\t<\/div>\n\t\t\t\t<div class=\"aux-parallax-section elementor-column elementor-col-50 elementor-top-column elementor-element elementor-element-b21e9d7\" data-id=\"b21e9d7\" data-element_type=\"column\">\n\t\t\t<div class=\"elementor-widget-wrap elementor-element-populated\">\n\t\t\t\t\t\t<div class=\"elementor-element elementor-element-ea8b094 elementor-widget elementor-widget-heading\" data-id=\"ea8b094\" data-element_type=\"widget\" data-widget_type=\"heading.default\">\n\t\t\t\t<div class=\"elementor-widget-container\">\n\t\t\t\t\t<h2 class=\"elementor-heading-title elementor-size-default\">Programa Setmana Mundial de l'Agent i Corredor d'Assegurances<br>20 d'octubre de 2025<\/h2>\t\t\t\t<\/div>\n\t\t\t\t<\/div>\n\t\t\t\t\t<\/div>\n\t\t<\/div>\n\t\t\t\t<div class=\"aux-parallax-section elementor-column elementor-col-25 elementor-top-column elementor-element elementor-element-fbab45b\" data-id=\"fbab45b\" data-element_type=\"column\">\n\t\t\t<div class=\"elementor-widget-wrap\">\n\t\t\t\t\t\t\t<\/div>\n\t\t<\/div>\n\t\t\t\t\t<\/div>\n\t\t<\/section>\n\t\t\t\t<section class=\"elementor-section elementor-top-section elementor-element elementor-element-c5c6227 elementor-section-boxed elementor-section-height-default elementor-section-height-default\" data-id=\"c5c6227\" data-element_type=\"section\">\n\t\t\t\t\t\t<div class=\"elementor-container elementor-column-gap-default\">\n\t\t\t\t\t<div class=\"aux-parallax-section elementor-column elementor-col-25 elementor-top-column elementor-element elementor-element-1daf647\" data-id=\"1daf647\" data-element_type=\"column\">\n\t\t\t<div class=\"elementor-widget-wrap\">\n\t\t\t\t\t\t\t<\/div>\n\t\t<\/div>\n\t\t\t\t<div class=\"aux-parallax-section elementor-column elementor-col-25 elementor-top-column elementor-element elementor-element-676fc97\" data-id=\"676fc97\" data-element_type=\"column\">\n\t\t\t<div class=\"elementor-widget-wrap elementor-element-populated\">\n\t\t\t\t\t\t<div class=\"elementor-element elementor-element-e8e0e3e elementor-widget elementor-widget-text-editor\" data-id=\"e8e0e3e\" data-element_type=\"widget\" data-widget_type=\"text-editor.default\">\n\t\t\t\t<div class=\"elementor-widget-container\">\n\t\t\t\t\t\t\t\t\t<ul><li>17:00 h. Recepci\u00f3 convidats<\/li><li>17:25 h. Inici de l&#8217;esdeveniment<\/li><li>20:30 h. Inici del C\u00f3ctel &#8211; Sopar<\/li><li>23:30 h. Fi de la Setmana Mundial.<\/li><\/ul><p><em>Aquest programa pot patir canvis o modificacions per necessitats t\u00e8cniques i organitzatives en el desenvolupament de l&#8217;esdeveniment.<\/em><\/p>\t\t\t\t\t\t\t\t<\/div>\n\t\t\t\t<\/div>\n\t\t\t\t\t<\/div>\n\t\t<\/div>\n\t\t\t\t<div class=\"aux-parallax-section elementor-column elementor-col-25 elementor-top-column elementor-element elementor-element-e8ca5f2\" data-id=\"e8ca5f2\" data-element_type=\"column\">\n\t\t\t<div class=\"elementor-widget-wrap elementor-element-populated\">\n\t\t\t\t\t\t<div class=\"elementor-element elementor-element-e214186 elementor-widget elementor-widget-google_maps\" data-id=\"e214186\" data-element_type=\"widget\" data-widget_type=\"google_maps.default\">\n\t\t\t\t<div class=\"elementor-widget-container\">\n\t\t\t\t\t\t\t<div class=\"elementor-custom-embed\">\n\t\t\t<iframe loading=\"lazy\"\n\t\t\t\t\tsrc=\"https:\/\/maps.google.com\/maps?q=Audiotori%20de%20Barcelona&#038;t=m&#038;z=16&#038;output=embed&#038;iwloc=near\"\n\t\t\t\t\ttitle=\"Audiotori de Barcelona\"\n\t\t\t\t\taria-label=\"Audiotori de Barcelona\"\n\t\t\t><\/iframe>\n\t\t<\/div>\n\t\t\t\t\t\t<\/div>\n\t\t\t\t<\/div>\n\t\t\t\t\t<\/div>\n\t\t<\/div>\n\t\t\t\t<div class=\"aux-parallax-section elementor-column elementor-col-25 elementor-top-column elementor-element elementor-element-f2acdaf\" data-id=\"f2acdaf\" data-element_type=\"column\">\n\t\t\t<div class=\"elementor-widget-wrap\">\n\t\t\t\t\t\t\t<\/div>\n\t\t<\/div>\n\t\t\t\t\t<\/div>\n\t\t<\/section>\n\t\t\t\t<\/div>\n\t\t","protected":false},"excerpt":{"rendered":"<p>Programa Programa Setmana Mundial de l&#8217;Agent i Corredor d&#8217;Assegurances20 d&#8217;octubre de 2025 17:00 h. Recepci\u00f3 convidats 17:25 h. Inici de l&#8217;esdeveniment 20:30 h. Inici del C\u00f3ctel &#8211; Sopar 23:30 h. Fi de la Setmana Mundial. Aquest programa pot patir canvis o modificacions per necessitats t\u00e8cniques i organitzatives en el desenvolupament de l&#8217;esdeveniment.<\/p>\n","protected":false},"author":2,"featured_media":0,"parent":0,"menu_order":0,"comment_status":"closed","ping_status":"closed","template":"","meta":{"footnotes":""},"class_list":["post-250","page","type-page","status-publish","hentry"],"yoast_head":"<!-- This site is optimized with the Yoast SEO plugin v26.6 - https:\/\/yoast.com\/wordpress\/plugins\/seo\/ -->\n<title>Programa - Semana Mundial 2025<\/title>\n<meta name=\"robots\" content=\"index, follow, max-snippet:-1, max-image-preview:large, max-video-preview:-1\" \/>\n<link rel=\"canonical\" href=\"https:\/\/semanamundial.com\/ca\/programa\/\" \/>\n<meta property=\"og:locale\" content=\"ca_ES\" \/>\n<meta property=\"og:type\" content=\"article\" \/>\n<meta property=\"og:title\" content=\"Programa - Semana Mundial 2025\" \/>\n<meta property=\"og:description\" content=\"Programa Programa Setmana Mundial de l&#8217;Agent i Corredor d&#8217;Assegurances20 d&#8217;octubre de 2025 17:00 h. Recepci\u00f3 convidats 17:25 h. Inici de l&#8217;esdeveniment 20:30 h. Inici del C\u00f3ctel &#8211; Sopar 23:30 h. Fi de la Setmana Mundial. Aquest programa pot patir canvis o modificacions per necessitats t\u00e8cniques i organitzatives en el desenvolupament de l&#8217;esdeveniment.\" \/>\n<meta property=\"og:url\" content=\"https:\/\/semanamundial.com\/ca\/programa\/\" \/>\n<meta property=\"og:site_name\" content=\"Semana Mundial 2025\" \/>\n<meta property=\"article:modified_time\" content=\"2025-07-29T10:11:53+00:00\" \/>\n<meta property=\"og:image\" content=\"https:\/\/semanamundial.com\/wp-content\/uploads\/elementor\/thumbs\/pagina-Programa-q8yomnjp8etzutnypaco6eyoecwcxjmh47spv5sm9i.png\" \/>\n<meta name=\"twitter:card\" content=\"summary_large_image\" \/>\n<meta name=\"twitter:label1\" content=\"Temps estimat de lectura\" \/>\n\t<meta name=\"twitter:data1\" content=\"1 minut\" \/>\n<script type=\"application\/ld+json\" class=\"yoast-schema-graph\">{\"@context\":\"https:\/\/schema.org\",\"@graph\":[{\"@type\":\"WebPage\",\"@id\":\"https:\/\/semanamundial.com\/ca\/programa\/\",\"url\":\"https:\/\/semanamundial.com\/ca\/programa\/\",\"name\":\"Programa - Semana Mundial 2025\",\"isPartOf\":{\"@id\":\"https:\/\/semanamundial.com\/ca\/#website\"},\"primaryImageOfPage\":{\"@id\":\"https:\/\/semanamundial.com\/ca\/programa\/#primaryimage\"},\"image\":{\"@id\":\"https:\/\/semanamundial.com\/ca\/programa\/#primaryimage\"},\"thumbnailUrl\":\"https:\/\/semanamundial.com\/wp-content\/uploads\/elementor\/thumbs\/pagina-Programa-q8yomnjp8etzutnypaco6eyoecwcxjmh47spv5sm9i.png\",\"datePublished\":\"2025-07-22T09:15:39+00:00\",\"dateModified\":\"2025-07-29T10:11:53+00:00\",\"breadcrumb\":{\"@id\":\"https:\/\/semanamundial.com\/ca\/programa\/#breadcrumb\"},\"inLanguage\":\"ca\",\"potentialAction\":[{\"@type\":\"ReadAction\",\"target\":[\"https:\/\/semanamundial.com\/ca\/programa\/\"]}]},{\"@type\":\"ImageObject\",\"inLanguage\":\"ca\",\"@id\":\"https:\/\/semanamundial.com\/ca\/programa\/#primaryimage\",\"url\":\"https:\/\/semanamundial.com\/wp-content\/uploads\/elementor\/thumbs\/pagina-Programa-q8yomnjp8etzutnypaco6eyoecwcxjmh47spv5sm9i.png\",\"contentUrl\":\"https:\/\/semanamundial.com\/wp-content\/uploads\/elementor\/thumbs\/pagina-Programa-q8yomnjp8etzutnypaco6eyoecwcxjmh47spv5sm9i.png\"},{\"@type\":\"BreadcrumbList\",\"@id\":\"https:\/\/semanamundial.com\/ca\/programa\/#breadcrumb\",\"itemListElement\":[{\"@type\":\"ListItem\",\"position\":1,\"name\":\"Portada\",\"item\":\"https:\/\/semanamundial.com\/ca\/\"},{\"@type\":\"ListItem\",\"position\":2,\"name\":\"Programa\"}]},{\"@type\":\"WebSite\",\"@id\":\"https:\/\/semanamundial.com\/ca\/#website\",\"url\":\"https:\/\/semanamundial.com\/ca\/\",\"name\":\"Semana Mundial 2025\",\"description\":\"\",\"publisher\":{\"@id\":\"https:\/\/semanamundial.com\/ca\/#organization\"},\"potentialAction\":[{\"@type\":\"SearchAction\",\"target\":{\"@type\":\"EntryPoint\",\"urlTemplate\":\"https:\/\/semanamundial.com\/ca\/?s={search_term_string}\"},\"query-input\":{\"@type\":\"PropertyValueSpecification\",\"valueRequired\":true,\"valueName\":\"search_term_string\"}}],\"inLanguage\":\"ca\"},{\"@type\":\"Organization\",\"@id\":\"https:\/\/semanamundial.com\/ca\/#organization\",\"name\":\"Semana Mundial 2025\",\"url\":\"https:\/\/semanamundial.com\/ca\/\",\"logo\":{\"@type\":\"ImageObject\",\"inLanguage\":\"ca\",\"@id\":\"https:\/\/semanamundial.com\/ca\/#\/schema\/logo\/image\/\",\"url\":\"https:\/\/semanamundial.com\/wp-content\/uploads\/2025\/03\/LOGOS-SM24-CAT-05-e1743008465107.png\",\"contentUrl\":\"https:\/\/semanamundial.com\/wp-content\/uploads\/2025\/03\/LOGOS-SM24-CAT-05-e1743008465107.png\",\"width\":150,\"height\":102,\"caption\":\"Semana Mundial 2025\"},\"image\":{\"@id\":\"https:\/\/semanamundial.com\/ca\/#\/schema\/logo\/image\/\"}}]}<\/script>\n<!-- \/ Yoast SEO plugin. -->","yoast_head_json":{"title":"Programa - Semana Mundial 2025","robots":{"index":"index","follow":"follow","max-snippet":"max-snippet:-1","max-image-preview":"max-image-preview:large","max-video-preview":"max-video-preview:-1"},"canonical":"https:\/\/semanamundial.com\/ca\/programa\/","og_locale":"ca_ES","og_type":"article","og_title":"Programa - Semana Mundial 2025","og_description":"Programa Programa Setmana Mundial de l&#8217;Agent i Corredor d&#8217;Assegurances20 d&#8217;octubre de 2025 17:00 h. Recepci\u00f3 convidats 17:25 h. Inici de l&#8217;esdeveniment 20:30 h. Inici del C\u00f3ctel &#8211; Sopar 23:30 h. Fi de la Setmana Mundial. Aquest programa pot patir canvis o modificacions per necessitats t\u00e8cniques i organitzatives en el desenvolupament de l&#8217;esdeveniment.","og_url":"https:\/\/semanamundial.com\/ca\/programa\/","og_site_name":"Semana Mundial 2025","article_modified_time":"2025-07-29T10:11:53+00:00","og_image":[{"url":"https:\/\/semanamundial.com\/wp-content\/uploads\/elementor\/thumbs\/pagina-Programa-q8yomnjp8etzutnypaco6eyoecwcxjmh47spv5sm9i.png","type":"","width":"","height":""}],"twitter_card":"summary_large_image","twitter_misc":{"Temps estimat de lectura":"1 minut"},"schema":{"@context":"https:\/\/schema.org","@graph":[{"@type":"WebPage","@id":"https:\/\/semanamundial.com\/ca\/programa\/","url":"https:\/\/semanamundial.com\/ca\/programa\/","name":"Programa - Semana Mundial 2025","isPartOf":{"@id":"https:\/\/semanamundial.com\/ca\/#website"},"primaryImageOfPage":{"@id":"https:\/\/semanamundial.com\/ca\/programa\/#primaryimage"},"image":{"@id":"https:\/\/semanamundial.com\/ca\/programa\/#primaryimage"},"thumbnailUrl":"https:\/\/semanamundial.com\/wp-content\/uploads\/elementor\/thumbs\/pagina-Programa-q8yomnjp8etzutnypaco6eyoecwcxjmh47spv5sm9i.png","datePublished":"2025-07-22T09:15:39+00:00","dateModified":"2025-07-29T10:11:53+00:00","breadcrumb":{"@id":"https:\/\/semanamundial.com\/ca\/programa\/#breadcrumb"},"inLanguage":"ca","potentialAction":[{"@type":"ReadAction","target":["https:\/\/semanamundial.com\/ca\/programa\/"]}]},{"@type":"ImageObject","inLanguage":"ca","@id":"https:\/\/semanamundial.com\/ca\/programa\/#primaryimage","url":"https:\/\/semanamundial.com\/wp-content\/uploads\/elementor\/thumbs\/pagina-Programa-q8yomnjp8etzutnypaco6eyoecwcxjmh47spv5sm9i.png","contentUrl":"https:\/\/semanamundial.com\/wp-content\/uploads\/elementor\/thumbs\/pagina-Programa-q8yomnjp8etzutnypaco6eyoecwcxjmh47spv5sm9i.png"},{"@type":"BreadcrumbList","@id":"https:\/\/semanamundial.com\/ca\/programa\/#breadcrumb","itemListElement":[{"@type":"ListItem","position":1,"name":"Portada","item":"https:\/\/semanamundial.com\/ca\/"},{"@type":"ListItem","position":2,"name":"Programa"}]},{"@type":"WebSite","@id":"https:\/\/semanamundial.com\/ca\/#website","url":"https:\/\/semanamundial.com\/ca\/","name":"Semana Mundial 2025","description":"","publisher":{"@id":"https:\/\/semanamundial.com\/ca\/#organization"},"potentialAction":[{"@type":"SearchAction","target":{"@type":"EntryPoint","urlTemplate":"https:\/\/semanamundial.com\/ca\/?s={search_term_string}"},"query-input":{"@type":"PropertyValueSpecification","valueRequired":true,"valueName":"search_term_string"}}],"inLanguage":"ca"},{"@type":"Organization","@id":"https:\/\/semanamundial.com\/ca\/#organization","name":"Semana Mundial 2025","url":"https:\/\/semanamundial.com\/ca\/","logo":{"@type":"ImageObject","inLanguage":"ca","@id":"https:\/\/semanamundial.com\/ca\/#\/schema\/logo\/image\/","url":"https:\/\/semanamundial.com\/wp-content\/uploads\/2025\/03\/LOGOS-SM24-CAT-05-e1743008465107.png","contentUrl":"https:\/\/semanamundial.com\/wp-content\/uploads\/2025\/03\/LOGOS-SM24-CAT-05-e1743008465107.png","width":150,"height":102,"caption":"Semana Mundial 2025"},"image":{"@id":"https:\/\/semanamundial.com\/ca\/#\/schema\/logo\/image\/"}}]}},"_links":{"self":[{"href":"https:\/\/semanamundial.com\/ca\/wp-json\/wp\/v2\/pages\/250","targetHints":{"allow":["GET"]}}],"collection":[{"href":"https:\/\/semanamundial.com\/ca\/wp-json\/wp\/v2\/pages"}],"about":[{"href":"https:\/\/semanamundial.com\/ca\/wp-json\/wp\/v2\/types\/page"}],"author":[{"embeddable":true,"href":"https:\/\/semanamundial.com\/ca\/wp-json\/wp\/v2\/users\/2"}],"replies":[{"embeddable":true,"href":"https:\/\/semanamundial.com\/ca\/wp-json\/wp\/v2\/comments?post=250"}],"version-history":[{"count":35,"href":"https:\/\/semanamundial.com\/ca\/wp-json\/wp\/v2\/pages\/250\/revisions"}],"predecessor-version":[{"id":2170,"href":"https:\/\/semanamundial.com\/ca\/wp-json\/wp\/v2\/pages\/250\/revisions\/2170"}],"wp:attachment":[{"href":"https:\/\/semanamundial.com\/ca\/wp-json\/wp\/v2\/media?parent=250"}],"curies":[{"name":"wp","href":"https:\/\/api.w.org\/{rel}","templated":true}]}}