{"id":2048,"date":"2025-07-22T17:12:16","date_gmt":"2025-07-22T15:12:16","guid":{"rendered":"https:\/\/semanamundial.com\/?page_id=2048"},"modified":"2025-07-28T12:00:01","modified_gmt":"2025-07-28T10:00:01","slug":"el-ceo-respon-2025","status":"publish","type":"page","link":"https:\/\/semanamundial.com\/ca\/el-ceo-respon-2025\/","title":{"rendered":"EL CEO RESPON 2025"},"content":{"rendered":"\t\t<div data-elementor-type=\"wp-page\" data-elementor-id=\"2048\" class=\"elementor elementor-2048\">\n\t\t\t\t\t\t<section class=\"elementor-section elementor-top-section elementor-element elementor-element-5cb1c3ea elementor-section-boxed elementor-section-height-default elementor-section-height-default\" data-id=\"5cb1c3ea\" data-element_type=\"section\">\n\t\t\t\t\t\t<div class=\"elementor-container elementor-column-gap-default\">\n\t\t\t\t\t<div class=\"aux-parallax-section elementor-column elementor-col-100 elementor-top-column elementor-element elementor-element-6e2a6571\" data-id=\"6e2a6571\" data-element_type=\"column\">\n\t\t\t<div class=\"elementor-widget-wrap elementor-element-populated\">\n\t\t\t\t\t\t<div class=\"elementor-element elementor-element-5346b1cf elementor-widget elementor-widget-heading\" data-id=\"5346b1cf\" data-element_type=\"widget\" data-widget_type=\"heading.default\">\n\t\t\t\t<div class=\"elementor-widget-container\">\n\t\t\t\t\t<h1 class=\"elementor-heading-title elementor-size-default\">El CEO respon<\/h1>\t\t\t\t<\/div>\n\t\t\t\t<\/div>\n\t\t\t\t\t<\/div>\n\t\t<\/div>\n\t\t\t\t\t<\/div>\n\t\t<\/section>\n\t\t\t\t<section class=\"elementor-section elementor-top-section elementor-element elementor-element-260a2510 elementor-section-boxed elementor-section-height-default elementor-section-height-default\" data-id=\"260a2510\" data-element_type=\"section\">\n\t\t\t\t\t\t<div class=\"elementor-container elementor-column-gap-default\">\n\t\t\t\t\t<div class=\"aux-parallax-section elementor-column elementor-col-100 elementor-top-column elementor-element elementor-element-69a6599b\" data-id=\"69a6599b\" data-element_type=\"column\">\n\t\t\t<div class=\"elementor-widget-wrap elementor-element-populated\">\n\t\t\t\t\t\t<div class=\"elementor-element elementor-element-596f0624 elementor-widget elementor-widget-image\" data-id=\"596f0624\" data-element_type=\"widget\" data-widget_type=\"image.default\">\n\t\t\t\t<div class=\"elementor-widget-container\">\n\t\t\t\t\t\t\t\t\t\t\t\t\t\t\t<img decoding=\"async\" src=\"https:\/\/semanamundial.com\/wp-content\/uploads\/elementor\/thumbs\/El-Ceo-Responde-r950phgz1bu13obi28q2z7rcltedc0504oq1aa7wdc.png\" title=\"El Ceo Responde\" alt=\"El Ceo Responde\" loading=\"lazy\" \/>\t\t\t\t\t\t\t\t\t\t\t\t\t\t\t<\/div>\n\t\t\t\t<\/div>\n\t\t\t\t\t<\/div>\n\t\t<\/div>\n\t\t\t\t\t<\/div>\n\t\t<\/section>\n\t\t\t\t<section class=\"elementor-section elementor-top-section elementor-element elementor-element-40159bba elementor-section-boxed elementor-section-height-default elementor-section-height-default\" data-id=\"40159bba\" data-element_type=\"section\">\n\t\t\t\t\t\t<div class=\"elementor-container elementor-column-gap-default\">\n\t\t\t\t\t<div class=\"aux-parallax-section elementor-column elementor-col-100 elementor-top-column elementor-element elementor-element-57f978da\" data-id=\"57f978da\" data-element_type=\"column\">\n\t\t\t<div class=\"elementor-widget-wrap elementor-element-populated\">\n\t\t\t\t\t\t<div class=\"elementor-element elementor-element-2b8b0d29 elementor-widget elementor-widget-text-editor\" data-id=\"2b8b0d29\" data-element_type=\"widget\" data-widget_type=\"text-editor.default\">\n\t\t\t\t<div class=\"elementor-widget-container\">\n\t\t\t\t\t\t\t\t\t<p data-start=\"66\" data-end=\"424\">Com cada any, la Setmana Mundial comptar\u00e0 amb la participaci\u00f3 dels consellers delegats de les principals companyies asseguradores. Pujaran a l\u2019escenari per respondre algunes preguntes relacionades amb el tema principal de l\u2019esdeveniment: la combinaci\u00f3 adequada, ara i en el futur, de tecnologia i humanisme per aconseguir una major efici\u00e8ncia en els negocis.<\/p><p data-start=\"426\" data-end=\"635\">El format triat per fer arribar les preguntes a l\u2019escenari est\u00e0 basat en un conegut programa de televisi\u00f3 i \u00e9s molt original. Cadascun dels dirigents de les companyies haur\u00e0 de donar resposta a dues preguntes.<\/p><p data-start=\"637\" data-end=\"893\">Tal com ha succe\u00eft en edicions anteriors, escoltar directament els principals dirigents de les empreses del sector permet al p\u00fablic assistent tenir una visi\u00f3 global i completa dels reptes, estrat\u00e8gies i tend\u00e8ncies de futur de la ind\u00fastria de l\u2019asseguran\u00e7a.<\/p><p data-start=\"637\" data-end=\"893\"><strong>Vine a l&#8217;auditori el proper dia 20 i no t&#8217;ho perdis.<\/strong><\/p>\t\t\t\t\t\t\t\t<\/div>\n\t\t\t\t<\/div>\n\t\t\t\t\t<\/div>\n\t\t<\/div>\n\t\t\t\t\t<\/div>\n\t\t<\/section>\n\t\t\t\t<\/div>\n\t\t","protected":false},"excerpt":{"rendered":"<p>El CEO respon Com cada any, la Setmana Mundial comptar\u00e0 amb la participaci\u00f3 dels consellers delegats de les principals companyies asseguradores. Pujaran a l\u2019escenari per respondre algunes preguntes relacionades amb el tema principal de l\u2019esdeveniment: la combinaci\u00f3 adequada, ara i en el futur, de tecnologia i humanisme per aconseguir una major efici\u00e8ncia en els negocis. [&hellip;]<\/p>\n","protected":false},"author":2,"featured_media":0,"parent":0,"menu_order":0,"comment_status":"closed","ping_status":"closed","template":"","meta":{"footnotes":""},"class_list":["post-2048","page","type-page","status-publish","hentry"],"yoast_head":"<!-- This site is optimized with the Yoast SEO plugin v26.6 - https:\/\/yoast.com\/wordpress\/plugins\/seo\/ -->\n<title>EL CEO RESPON 2025 - Semana Mundial 2025<\/title>\n<meta name=\"robots\" content=\"index, follow, max-snippet:-1, max-image-preview:large, max-video-preview:-1\" \/>\n<link rel=\"canonical\" href=\"https:\/\/semanamundial.com\/ca\/el-ceo-respon-2025\/\" \/>\n<meta property=\"og:locale\" content=\"ca_ES\" \/>\n<meta property=\"og:type\" content=\"article\" \/>\n<meta property=\"og:title\" content=\"EL CEO RESPON 2025 - Semana Mundial 2025\" \/>\n<meta property=\"og:description\" content=\"El CEO respon Com cada any, la Setmana Mundial comptar\u00e0 amb la participaci\u00f3 dels consellers delegats de les principals companyies asseguradores. Pujaran a l\u2019escenari per respondre algunes preguntes relacionades amb el tema principal de l\u2019esdeveniment: la combinaci\u00f3 adequada, ara i en el futur, de tecnologia i humanisme per aconseguir una major efici\u00e8ncia en els negocis. [&hellip;]\" \/>\n<meta property=\"og:url\" content=\"https:\/\/semanamundial.com\/ca\/el-ceo-respon-2025\/\" \/>\n<meta property=\"og:site_name\" content=\"Semana Mundial 2025\" \/>\n<meta property=\"article:modified_time\" content=\"2025-07-28T10:00:01+00:00\" \/>\n<meta property=\"og:image\" content=\"https:\/\/semanamundial.com\/wp-content\/uploads\/elementor\/thumbs\/El-Ceo-Responde-r950phgz1bu13obi28q2z7rcltedc0504oq19o6uzk.png\" \/>\n<meta name=\"twitter:card\" content=\"summary_large_image\" \/>\n<meta name=\"twitter:label1\" content=\"Temps estimat de lectura\" \/>\n\t<meta name=\"twitter:data1\" content=\"1 minut\" \/>\n<script type=\"application\/ld+json\" class=\"yoast-schema-graph\">{\"@context\":\"https:\/\/schema.org\",\"@graph\":[{\"@type\":\"WebPage\",\"@id\":\"https:\/\/semanamundial.com\/ca\/el-ceo-respon-2025\/\",\"url\":\"https:\/\/semanamundial.com\/ca\/el-ceo-respon-2025\/\",\"name\":\"EL CEO RESPON 2025 - Semana Mundial 2025\",\"isPartOf\":{\"@id\":\"https:\/\/semanamundial.com\/ca\/#website\"},\"primaryImageOfPage\":{\"@id\":\"https:\/\/semanamundial.com\/ca\/el-ceo-respon-2025\/#primaryimage\"},\"image\":{\"@id\":\"https:\/\/semanamundial.com\/ca\/el-ceo-respon-2025\/#primaryimage\"},\"thumbnailUrl\":\"https:\/\/semanamundial.com\/wp-content\/uploads\/elementor\/thumbs\/El-Ceo-Responde-r950phgz1bu13obi28q2z7rcltedc0504oq19o6uzk.png\",\"datePublished\":\"2025-07-22T15:12:16+00:00\",\"dateModified\":\"2025-07-28T10:00:01+00:00\",\"breadcrumb\":{\"@id\":\"https:\/\/semanamundial.com\/ca\/el-ceo-respon-2025\/#breadcrumb\"},\"inLanguage\":\"ca\",\"potentialAction\":[{\"@type\":\"ReadAction\",\"target\":[\"https:\/\/semanamundial.com\/ca\/el-ceo-respon-2025\/\"]}]},{\"@type\":\"ImageObject\",\"inLanguage\":\"ca\",\"@id\":\"https:\/\/semanamundial.com\/ca\/el-ceo-respon-2025\/#primaryimage\",\"url\":\"https:\/\/semanamundial.com\/wp-content\/uploads\/elementor\/thumbs\/El-Ceo-Responde-r950phgz1bu13obi28q2z7rcltedc0504oq19o6uzk.png\",\"contentUrl\":\"https:\/\/semanamundial.com\/wp-content\/uploads\/elementor\/thumbs\/El-Ceo-Responde-r950phgz1bu13obi28q2z7rcltedc0504oq19o6uzk.png\"},{\"@type\":\"BreadcrumbList\",\"@id\":\"https:\/\/semanamundial.com\/ca\/el-ceo-respon-2025\/#breadcrumb\",\"itemListElement\":[{\"@type\":\"ListItem\",\"position\":1,\"name\":\"Portada\",\"item\":\"https:\/\/semanamundial.com\/ca\/\"},{\"@type\":\"ListItem\",\"position\":2,\"name\":\"EL CEO RESPON 2025\"}]},{\"@type\":\"WebSite\",\"@id\":\"https:\/\/semanamundial.com\/ca\/#website\",\"url\":\"https:\/\/semanamundial.com\/ca\/\",\"name\":\"Semana Mundial 2025\",\"description\":\"\",\"publisher\":{\"@id\":\"https:\/\/semanamundial.com\/ca\/#organization\"},\"potentialAction\":[{\"@type\":\"SearchAction\",\"target\":{\"@type\":\"EntryPoint\",\"urlTemplate\":\"https:\/\/semanamundial.com\/ca\/?s={search_term_string}\"},\"query-input\":{\"@type\":\"PropertyValueSpecification\",\"valueRequired\":true,\"valueName\":\"search_term_string\"}}],\"inLanguage\":\"ca\"},{\"@type\":\"Organization\",\"@id\":\"https:\/\/semanamundial.com\/ca\/#organization\",\"name\":\"Semana Mundial 2025\",\"url\":\"https:\/\/semanamundial.com\/ca\/\",\"logo\":{\"@type\":\"ImageObject\",\"inLanguage\":\"ca\",\"@id\":\"https:\/\/semanamundial.com\/ca\/#\/schema\/logo\/image\/\",\"url\":\"https:\/\/semanamundial.com\/wp-content\/uploads\/2025\/03\/LOGOS-SM24-CAT-05-e1743008465107.png\",\"contentUrl\":\"https:\/\/semanamundial.com\/wp-content\/uploads\/2025\/03\/LOGOS-SM24-CAT-05-e1743008465107.png\",\"width\":150,\"height\":102,\"caption\":\"Semana Mundial 2025\"},\"image\":{\"@id\":\"https:\/\/semanamundial.com\/ca\/#\/schema\/logo\/image\/\"}}]}<\/script>\n<!-- \/ Yoast SEO plugin. -->","yoast_head_json":{"title":"EL CEO RESPON 2025 - Semana Mundial 2025","robots":{"index":"index","follow":"follow","max-snippet":"max-snippet:-1","max-image-preview":"max-image-preview:large","max-video-preview":"max-video-preview:-1"},"canonical":"https:\/\/semanamundial.com\/ca\/el-ceo-respon-2025\/","og_locale":"ca_ES","og_type":"article","og_title":"EL CEO RESPON 2025 - Semana Mundial 2025","og_description":"El CEO respon Com cada any, la Setmana Mundial comptar\u00e0 amb la participaci\u00f3 dels consellers delegats de les principals companyies asseguradores. Pujaran a l\u2019escenari per respondre algunes preguntes relacionades amb el tema principal de l\u2019esdeveniment: la combinaci\u00f3 adequada, ara i en el futur, de tecnologia i humanisme per aconseguir una major efici\u00e8ncia en els negocis. [&hellip;]","og_url":"https:\/\/semanamundial.com\/ca\/el-ceo-respon-2025\/","og_site_name":"Semana Mundial 2025","article_modified_time":"2025-07-28T10:00:01+00:00","og_image":[{"url":"https:\/\/semanamundial.com\/wp-content\/uploads\/elementor\/thumbs\/El-Ceo-Responde-r950phgz1bu13obi28q2z7rcltedc0504oq19o6uzk.png","type":"","width":"","height":""}],"twitter_card":"summary_large_image","twitter_misc":{"Temps estimat de lectura":"1 minut"},"schema":{"@context":"https:\/\/schema.org","@graph":[{"@type":"WebPage","@id":"https:\/\/semanamundial.com\/ca\/el-ceo-respon-2025\/","url":"https:\/\/semanamundial.com\/ca\/el-ceo-respon-2025\/","name":"EL CEO RESPON 2025 - Semana Mundial 2025","isPartOf":{"@id":"https:\/\/semanamundial.com\/ca\/#website"},"primaryImageOfPage":{"@id":"https:\/\/semanamundial.com\/ca\/el-ceo-respon-2025\/#primaryimage"},"image":{"@id":"https:\/\/semanamundial.com\/ca\/el-ceo-respon-2025\/#primaryimage"},"thumbnailUrl":"https:\/\/semanamundial.com\/wp-content\/uploads\/elementor\/thumbs\/El-Ceo-Responde-r950phgz1bu13obi28q2z7rcltedc0504oq19o6uzk.png","datePublished":"2025-07-22T15:12:16+00:00","dateModified":"2025-07-28T10:00:01+00:00","breadcrumb":{"@id":"https:\/\/semanamundial.com\/ca\/el-ceo-respon-2025\/#breadcrumb"},"inLanguage":"ca","potentialAction":[{"@type":"ReadAction","target":["https:\/\/semanamundial.com\/ca\/el-ceo-respon-2025\/"]}]},{"@type":"ImageObject","inLanguage":"ca","@id":"https:\/\/semanamundial.com\/ca\/el-ceo-respon-2025\/#primaryimage","url":"https:\/\/semanamundial.com\/wp-content\/uploads\/elementor\/thumbs\/El-Ceo-Responde-r950phgz1bu13obi28q2z7rcltedc0504oq19o6uzk.png","contentUrl":"https:\/\/semanamundial.com\/wp-content\/uploads\/elementor\/thumbs\/El-Ceo-Responde-r950phgz1bu13obi28q2z7rcltedc0504oq19o6uzk.png"},{"@type":"BreadcrumbList","@id":"https:\/\/semanamundial.com\/ca\/el-ceo-respon-2025\/#breadcrumb","itemListElement":[{"@type":"ListItem","position":1,"name":"Portada","item":"https:\/\/semanamundial.com\/ca\/"},{"@type":"ListItem","position":2,"name":"EL CEO RESPON 2025"}]},{"@type":"WebSite","@id":"https:\/\/semanamundial.com\/ca\/#website","url":"https:\/\/semanamundial.com\/ca\/","name":"Semana Mundial 2025","description":"","publisher":{"@id":"https:\/\/semanamundial.com\/ca\/#organization"},"potentialAction":[{"@type":"SearchAction","target":{"@type":"EntryPoint","urlTemplate":"https:\/\/semanamundial.com\/ca\/?s={search_term_string}"},"query-input":{"@type":"PropertyValueSpecification","valueRequired":true,"valueName":"search_term_string"}}],"inLanguage":"ca"},{"@type":"Organization","@id":"https:\/\/semanamundial.com\/ca\/#organization","name":"Semana Mundial 2025","url":"https:\/\/semanamundial.com\/ca\/","logo":{"@type":"ImageObject","inLanguage":"ca","@id":"https:\/\/semanamundial.com\/ca\/#\/schema\/logo\/image\/","url":"https:\/\/semanamundial.com\/wp-content\/uploads\/2025\/03\/LOGOS-SM24-CAT-05-e1743008465107.png","contentUrl":"https:\/\/semanamundial.com\/wp-content\/uploads\/2025\/03\/LOGOS-SM24-CAT-05-e1743008465107.png","width":150,"height":102,"caption":"Semana Mundial 2025"},"image":{"@id":"https:\/\/semanamundial.com\/ca\/#\/schema\/logo\/image\/"}}]}},"_links":{"self":[{"href":"https:\/\/semanamundial.com\/ca\/wp-json\/wp\/v2\/pages\/2048","targetHints":{"allow":["GET"]}}],"collection":[{"href":"https:\/\/semanamundial.com\/ca\/wp-json\/wp\/v2\/pages"}],"about":[{"href":"https:\/\/semanamundial.com\/ca\/wp-json\/wp\/v2\/types\/page"}],"author":[{"embeddable":true,"href":"https:\/\/semanamundial.com\/ca\/wp-json\/wp\/v2\/users\/2"}],"replies":[{"embeddable":true,"href":"https:\/\/semanamundial.com\/ca\/wp-json\/wp\/v2\/comments?post=2048"}],"version-history":[{"count":11,"href":"https:\/\/semanamundial.com\/ca\/wp-json\/wp\/v2\/pages\/2048\/revisions"}],"predecessor-version":[{"id":2148,"href":"https:\/\/semanamundial.com\/ca\/wp-json\/wp\/v2\/pages\/2048\/revisions\/2148"}],"wp:attachment":[{"href":"https:\/\/semanamundial.com\/ca\/wp-json\/wp\/v2\/media?parent=2048"}],"curies":[{"name":"wp","href":"https:\/\/api.w.org\/{rel}","templated":true}]}}