{"id":163,"date":"2024-07-22T17:50:55","date_gmt":"2024-07-22T15:50:55","guid":{"rendered":"https:\/\/semanamundial.com\/la-mediacio-en-el-centre\/"},"modified":"2025-07-23T11:20:33","modified_gmt":"2025-07-23T09:20:33","slug":"la-mediacio-en-el-centre","status":"publish","type":"page","link":"https:\/\/semanamundial.com\/ca\/la-mediacio-en-el-centre\/","title":{"rendered":"La Mediaci\u00f3 en el centre"},"content":{"rendered":"\t\t<div data-elementor-type=\"wp-page\" data-elementor-id=\"163\" class=\"elementor elementor-163 elementor-52\">\n\t\t\t\t\t\t<section class=\"elementor-section elementor-top-section elementor-element elementor-element-ddfcebd elementor-section-boxed elementor-section-height-default elementor-section-height-default\" data-id=\"ddfcebd\" data-element_type=\"section\">\n\t\t\t\t\t\t<div class=\"elementor-container elementor-column-gap-default\">\n\t\t\t\t\t<div class=\"aux-parallax-section elementor-column elementor-col-100 elementor-top-column elementor-element elementor-element-63e22c1\" data-id=\"63e22c1\" data-element_type=\"column\">\n\t\t\t<div class=\"elementor-widget-wrap elementor-element-populated\">\n\t\t\t\t\t\t<div class=\"elementor-element elementor-element-8ea8046 elementor-widget elementor-widget-heading\" data-id=\"8ea8046\" data-element_type=\"widget\" data-widget_type=\"heading.default\">\n\t\t\t\t<div class=\"elementor-widget-container\">\n\t\t\t\t\t<h1 class=\"elementor-heading-title elementor-size-default\">La Mediaci\u00f3 en el centre<\/h1>\t\t\t\t<\/div>\n\t\t\t\t<\/div>\n\t\t\t\t\t<\/div>\n\t\t<\/div>\n\t\t\t\t\t<\/div>\n\t\t<\/section>\n\t\t\t\t<section class=\"elementor-section elementor-top-section elementor-element elementor-element-3b9ea1a elementor-section-boxed elementor-section-height-default elementor-section-height-default\" data-id=\"3b9ea1a\" data-element_type=\"section\">\n\t\t\t\t\t\t<div class=\"elementor-container elementor-column-gap-default\">\n\t\t\t\t\t<div class=\"aux-parallax-section elementor-column elementor-col-100 elementor-top-column elementor-element elementor-element-dec91ed\" data-id=\"dec91ed\" data-element_type=\"column\">\n\t\t\t<div class=\"elementor-widget-wrap elementor-element-populated\">\n\t\t\t\t\t\t<div class=\"elementor-element elementor-element-56cb896 elementor-widget elementor-widget-image\" data-id=\"56cb896\" data-element_type=\"widget\" data-widget_type=\"image.default\">\n\t\t\t\t<div class=\"elementor-widget-container\">\n\t\t\t\t\t\t\t\t\t\t\t\t\t\t\t<img decoding=\"async\" src=\"https:\/\/semanamundial.com\/wp-content\/uploads\/elementor\/thumbs\/Mediacion-centro-scaled-pckhzhyk2hhu6jp8okzcxoyhpks40s0gp0yzauw71c.jpg\" title=\"Mediaci\u00f3n centro\" alt=\"Mediaci\u00f3n centro\" loading=\"lazy\" \/>\t\t\t\t\t\t\t\t\t\t\t\t\t\t\t<\/div>\n\t\t\t\t<\/div>\n\t\t\t\t\t<\/div>\n\t\t<\/div>\n\t\t\t\t\t<\/div>\n\t\t<\/section>\n\t\t\t\t<section class=\"elementor-section elementor-top-section elementor-element elementor-element-30c9385 elementor-section-boxed elementor-section-height-default elementor-section-height-default\" data-id=\"30c9385\" data-element_type=\"section\">\n\t\t\t\t\t\t<div class=\"elementor-container elementor-column-gap-default\">\n\t\t\t\t\t<div class=\"aux-parallax-section elementor-column elementor-col-100 elementor-top-column elementor-element elementor-element-e279cb9\" data-id=\"e279cb9\" data-element_type=\"column\">\n\t\t\t<div class=\"elementor-widget-wrap elementor-element-populated\">\n\t\t\t\t\t\t<div class=\"elementor-element elementor-element-06d305a elementor-widget elementor-widget-text-editor\" data-id=\"06d305a\" data-element_type=\"widget\" data-widget_type=\"text-editor.default\">\n\t\t\t\t<div class=\"elementor-widget-container\">\n\t\t\t\t\t\t\t\t\t<p>Els mediadors s\u00f3n sempre els protagonistes de la Setmana Mundial, per\u00f2 en aquesta edici\u00f3 la seva rellev\u00e0ncia \u00e9s excepcional. En primer lloc, l&#8217;eix tem\u00e0tic gira al voltant de la mediaci\u00f3 d&#8217;assegurances. Es tracta d&#8217;un element fonamental per potenciar la figura de qualsevol professi\u00f3, entre altres consideracions perqu\u00e8 proporciona una identitat p\u00fablica que la diferencia o la fa reconeixible.<\/p>\n<p><strong>Com es tractar\u00e0 aquesta tem\u00e0tica?<\/strong><\/p>\n<p>El Col\u00b7legi ha volgut abordar una tem\u00e0tica tan conceptual com la dels valors professionals des d&#8217;una perspectiva diferent i per aix\u00f2 hem recorregut al poder del missatge audiovisual. Es tracta d&#8217;una de les sorpreses d&#8217;aquesta Setmana Mundial i haur\u00e0s d&#8217;esperar al 19 d&#8217;octubre per descubrir la formula que hem escollit i que estem conven\u00e7uts que et sorprendr\u00e0.<\/p>\n<p>Per una altra part, tamb\u00e9 volem aprofundir en la manera en la que perceben les companyies i els propis mediadors el rol d&#8217;aquests valors i com han de gestionar-se en el futur. Per aix\u00f2, vuit l\u00edders de altres tantes companyies asseguradores de refer\u00e8ncia en el mercat espanyol debatran sobre aquests valors en una sessi\u00f3 en la que tamb\u00e9 participaran representants de la mediaci\u00f3 d&#8217;assegurances.<\/p>\n<p><strong>Una retrobada molt especial<\/strong><\/p>\n<p>El protagonismo dels mediadors va molt m\u00e9s enll\u00e0 de la tem\u00e0tica escollida. Agents i corredors, com la resta dels professionals dels sector que assistiran aquest any al Teatre Nacional de Catalunya (TNC) van experimentar una sensaci\u00f3 similar a la que viuen les estrelles de cine quan assisteixen a un festival.<\/p>\n<p>I es que, el 19 d&#8217;octubre de 2021, si la pandemia no ens assalta com una desagradable sorpresa, les dones i els homes de l&#8217;asseguran\u00e7a podrem tornar a retrobar-nos en un acte presencial despr\u00e9s de m\u00e9s d&#8217;un any i mig a\u00efllament. Per suposat, respecten les normes que\u00a0 les autoritats determinin en aquell moment.<\/p>\n<p>Una ocasi\u00f3 per desempolvar les nostres millors gales despr\u00e9s de tants mesos de reunions virtuals en les que el\u00a0<em>glamour\u00a0<\/em>no era una etiqueta habitual. La Setmana Mundial 2021 ens proporciona una excusa per posar-nos especialment elegants i recordar aquests temps en la que sortiem per les nits i no tenia sentit preguntar i un acte era virtual o presencial.<\/p>\n<p>El 19 d&#8217;octubre gaudim d&#8217;una vetllada amb la que tant hem somiat durant mesos.<\/p>\n\t\t\t\t\t\t\t\t<\/div>\n\t\t\t\t<\/div>\n\t\t\t\t\t<\/div>\n\t\t<\/div>\n\t\t\t\t\t<\/div>\n\t\t<\/section>\n\t\t\t\t<\/div>\n\t\t","protected":false},"excerpt":{"rendered":"<p>La Mediaci\u00f3 en el centre Els mediadors s\u00f3n sempre els protagonistes de la Setmana Mundial, per\u00f2 en aquesta edici\u00f3 la seva rellev\u00e0ncia \u00e9s excepcional. En primer lloc, l&#8217;eix tem\u00e0tic gira al voltant de la mediaci\u00f3 d&#8217;assegurances. Es tracta d&#8217;un element fonamental per potenciar la figura de qualsevol professi\u00f3, entre altres consideracions perqu\u00e8 proporciona una identitat [&hellip;]<\/p>\n","protected":false},"author":1,"featured_media":0,"parent":0,"menu_order":0,"comment_status":"closed","ping_status":"closed","template":"","meta":{"footnotes":""},"class_list":["post-163","page","type-page","status-publish","hentry"],"yoast_head":"<!-- This site is optimized with the Yoast SEO plugin v26.6 - https:\/\/yoast.com\/wordpress\/plugins\/seo\/ -->\n<title>La Mediaci\u00f3 en el centre - Semana Mundial 2025<\/title>\n<meta name=\"robots\" content=\"index, follow, max-snippet:-1, max-image-preview:large, max-video-preview:-1\" \/>\n<link rel=\"canonical\" href=\"https:\/\/semanamundial.com\/ca\/la-mediacio-en-el-centre\/\" \/>\n<meta property=\"og:locale\" content=\"ca_ES\" \/>\n<meta property=\"og:type\" content=\"article\" \/>\n<meta property=\"og:title\" content=\"La Mediaci\u00f3 en el centre - Semana Mundial 2025\" \/>\n<meta property=\"og:description\" content=\"La Mediaci\u00f3 en el centre Els mediadors s\u00f3n sempre els protagonistes de la Setmana Mundial, per\u00f2 en aquesta edici\u00f3 la seva rellev\u00e0ncia \u00e9s excepcional. En primer lloc, l&#8217;eix tem\u00e0tic gira al voltant de la mediaci\u00f3 d&#8217;assegurances. Es tracta d&#8217;un element fonamental per potenciar la figura de qualsevol professi\u00f3, entre altres consideracions perqu\u00e8 proporciona una identitat [&hellip;]\" \/>\n<meta property=\"og:url\" content=\"https:\/\/semanamundial.com\/ca\/la-mediacio-en-el-centre\/\" \/>\n<meta property=\"og:site_name\" content=\"Semana Mundial 2025\" \/>\n<meta property=\"article:modified_time\" content=\"2025-07-23T09:20:33+00:00\" \/>\n<meta property=\"og:image\" content=\"https:\/\/semanamundial.com\/wp-content\/uploads\/elementor\/thumbs\/Mediacion-centro-scaled-pckhzhyk2hhu6jp8okzcxoyhpks40s0gp0yzauw71c.jpg\" \/>\n<meta name=\"twitter:card\" content=\"summary_large_image\" \/>\n<meta name=\"twitter:label1\" content=\"Temps estimat de lectura\" \/>\n\t<meta name=\"twitter:data1\" content=\"2 minuts\" \/>\n<script type=\"application\/ld+json\" class=\"yoast-schema-graph\">{\"@context\":\"https:\/\/schema.org\",\"@graph\":[{\"@type\":\"WebPage\",\"@id\":\"https:\/\/semanamundial.com\/ca\/la-mediacio-en-el-centre\/\",\"url\":\"https:\/\/semanamundial.com\/ca\/la-mediacio-en-el-centre\/\",\"name\":\"La Mediaci\u00f3 en el centre - Semana Mundial 2025\",\"isPartOf\":{\"@id\":\"https:\/\/semanamundial.com\/ca\/#website\"},\"primaryImageOfPage\":{\"@id\":\"https:\/\/semanamundial.com\/ca\/la-mediacio-en-el-centre\/#primaryimage\"},\"image\":{\"@id\":\"https:\/\/semanamundial.com\/ca\/la-mediacio-en-el-centre\/#primaryimage\"},\"thumbnailUrl\":\"https:\/\/semanamundial.com\/wp-content\/uploads\/elementor\/thumbs\/Mediacion-centro-scaled-pckhzhyk2hhu6jp8okzcxoyhpks40s0gp0yzauw71c.jpg\",\"datePublished\":\"2024-07-22T15:50:55+00:00\",\"dateModified\":\"2025-07-23T09:20:33+00:00\",\"breadcrumb\":{\"@id\":\"https:\/\/semanamundial.com\/ca\/la-mediacio-en-el-centre\/#breadcrumb\"},\"inLanguage\":\"ca\",\"potentialAction\":[{\"@type\":\"ReadAction\",\"target\":[\"https:\/\/semanamundial.com\/ca\/la-mediacio-en-el-centre\/\"]}]},{\"@type\":\"ImageObject\",\"inLanguage\":\"ca\",\"@id\":\"https:\/\/semanamundial.com\/ca\/la-mediacio-en-el-centre\/#primaryimage\",\"url\":\"https:\/\/semanamundial.com\/wp-content\/uploads\/elementor\/thumbs\/Mediacion-centro-scaled-pckhzhyk2hhu6jp8okzcxoyhpks40s0gp0yzauw71c.jpg\",\"contentUrl\":\"https:\/\/semanamundial.com\/wp-content\/uploads\/elementor\/thumbs\/Mediacion-centro-scaled-pckhzhyk2hhu6jp8okzcxoyhpks40s0gp0yzauw71c.jpg\"},{\"@type\":\"BreadcrumbList\",\"@id\":\"https:\/\/semanamundial.com\/ca\/la-mediacio-en-el-centre\/#breadcrumb\",\"itemListElement\":[{\"@type\":\"ListItem\",\"position\":1,\"name\":\"Portada\",\"item\":\"https:\/\/semanamundial.com\/ca\/\"},{\"@type\":\"ListItem\",\"position\":2,\"name\":\"La Mediaci\u00f3 en el centre\"}]},{\"@type\":\"WebSite\",\"@id\":\"https:\/\/semanamundial.com\/ca\/#website\",\"url\":\"https:\/\/semanamundial.com\/ca\/\",\"name\":\"Semana Mundial 2025\",\"description\":\"\",\"publisher\":{\"@id\":\"https:\/\/semanamundial.com\/ca\/#organization\"},\"potentialAction\":[{\"@type\":\"SearchAction\",\"target\":{\"@type\":\"EntryPoint\",\"urlTemplate\":\"https:\/\/semanamundial.com\/ca\/?s={search_term_string}\"},\"query-input\":{\"@type\":\"PropertyValueSpecification\",\"valueRequired\":true,\"valueName\":\"search_term_string\"}}],\"inLanguage\":\"ca\"},{\"@type\":\"Organization\",\"@id\":\"https:\/\/semanamundial.com\/ca\/#organization\",\"name\":\"Semana Mundial 2025\",\"url\":\"https:\/\/semanamundial.com\/ca\/\",\"logo\":{\"@type\":\"ImageObject\",\"inLanguage\":\"ca\",\"@id\":\"https:\/\/semanamundial.com\/ca\/#\/schema\/logo\/image\/\",\"url\":\"https:\/\/semanamundial.com\/wp-content\/uploads\/2025\/03\/LOGOS-SM24-CAT-05-e1743008465107.png\",\"contentUrl\":\"https:\/\/semanamundial.com\/wp-content\/uploads\/2025\/03\/LOGOS-SM24-CAT-05-e1743008465107.png\",\"width\":150,\"height\":102,\"caption\":\"Semana Mundial 2025\"},\"image\":{\"@id\":\"https:\/\/semanamundial.com\/ca\/#\/schema\/logo\/image\/\"}}]}<\/script>\n<!-- \/ Yoast SEO plugin. -->","yoast_head_json":{"title":"La Mediaci\u00f3 en el centre - Semana Mundial 2025","robots":{"index":"index","follow":"follow","max-snippet":"max-snippet:-1","max-image-preview":"max-image-preview:large","max-video-preview":"max-video-preview:-1"},"canonical":"https:\/\/semanamundial.com\/ca\/la-mediacio-en-el-centre\/","og_locale":"ca_ES","og_type":"article","og_title":"La Mediaci\u00f3 en el centre - Semana Mundial 2025","og_description":"La Mediaci\u00f3 en el centre Els mediadors s\u00f3n sempre els protagonistes de la Setmana Mundial, per\u00f2 en aquesta edici\u00f3 la seva rellev\u00e0ncia \u00e9s excepcional. En primer lloc, l&#8217;eix tem\u00e0tic gira al voltant de la mediaci\u00f3 d&#8217;assegurances. Es tracta d&#8217;un element fonamental per potenciar la figura de qualsevol professi\u00f3, entre altres consideracions perqu\u00e8 proporciona una identitat [&hellip;]","og_url":"https:\/\/semanamundial.com\/ca\/la-mediacio-en-el-centre\/","og_site_name":"Semana Mundial 2025","article_modified_time":"2025-07-23T09:20:33+00:00","og_image":[{"url":"https:\/\/semanamundial.com\/wp-content\/uploads\/elementor\/thumbs\/Mediacion-centro-scaled-pckhzhyk2hhu6jp8okzcxoyhpks40s0gp0yzauw71c.jpg","type":"","width":"","height":""}],"twitter_card":"summary_large_image","twitter_misc":{"Temps estimat de lectura":"2 minuts"},"schema":{"@context":"https:\/\/schema.org","@graph":[{"@type":"WebPage","@id":"https:\/\/semanamundial.com\/ca\/la-mediacio-en-el-centre\/","url":"https:\/\/semanamundial.com\/ca\/la-mediacio-en-el-centre\/","name":"La Mediaci\u00f3 en el centre - Semana Mundial 2025","isPartOf":{"@id":"https:\/\/semanamundial.com\/ca\/#website"},"primaryImageOfPage":{"@id":"https:\/\/semanamundial.com\/ca\/la-mediacio-en-el-centre\/#primaryimage"},"image":{"@id":"https:\/\/semanamundial.com\/ca\/la-mediacio-en-el-centre\/#primaryimage"},"thumbnailUrl":"https:\/\/semanamundial.com\/wp-content\/uploads\/elementor\/thumbs\/Mediacion-centro-scaled-pckhzhyk2hhu6jp8okzcxoyhpks40s0gp0yzauw71c.jpg","datePublished":"2024-07-22T15:50:55+00:00","dateModified":"2025-07-23T09:20:33+00:00","breadcrumb":{"@id":"https:\/\/semanamundial.com\/ca\/la-mediacio-en-el-centre\/#breadcrumb"},"inLanguage":"ca","potentialAction":[{"@type":"ReadAction","target":["https:\/\/semanamundial.com\/ca\/la-mediacio-en-el-centre\/"]}]},{"@type":"ImageObject","inLanguage":"ca","@id":"https:\/\/semanamundial.com\/ca\/la-mediacio-en-el-centre\/#primaryimage","url":"https:\/\/semanamundial.com\/wp-content\/uploads\/elementor\/thumbs\/Mediacion-centro-scaled-pckhzhyk2hhu6jp8okzcxoyhpks40s0gp0yzauw71c.jpg","contentUrl":"https:\/\/semanamundial.com\/wp-content\/uploads\/elementor\/thumbs\/Mediacion-centro-scaled-pckhzhyk2hhu6jp8okzcxoyhpks40s0gp0yzauw71c.jpg"},{"@type":"BreadcrumbList","@id":"https:\/\/semanamundial.com\/ca\/la-mediacio-en-el-centre\/#breadcrumb","itemListElement":[{"@type":"ListItem","position":1,"name":"Portada","item":"https:\/\/semanamundial.com\/ca\/"},{"@type":"ListItem","position":2,"name":"La Mediaci\u00f3 en el centre"}]},{"@type":"WebSite","@id":"https:\/\/semanamundial.com\/ca\/#website","url":"https:\/\/semanamundial.com\/ca\/","name":"Semana Mundial 2025","description":"","publisher":{"@id":"https:\/\/semanamundial.com\/ca\/#organization"},"potentialAction":[{"@type":"SearchAction","target":{"@type":"EntryPoint","urlTemplate":"https:\/\/semanamundial.com\/ca\/?s={search_term_string}"},"query-input":{"@type":"PropertyValueSpecification","valueRequired":true,"valueName":"search_term_string"}}],"inLanguage":"ca"},{"@type":"Organization","@id":"https:\/\/semanamundial.com\/ca\/#organization","name":"Semana Mundial 2025","url":"https:\/\/semanamundial.com\/ca\/","logo":{"@type":"ImageObject","inLanguage":"ca","@id":"https:\/\/semanamundial.com\/ca\/#\/schema\/logo\/image\/","url":"https:\/\/semanamundial.com\/wp-content\/uploads\/2025\/03\/LOGOS-SM24-CAT-05-e1743008465107.png","contentUrl":"https:\/\/semanamundial.com\/wp-content\/uploads\/2025\/03\/LOGOS-SM24-CAT-05-e1743008465107.png","width":150,"height":102,"caption":"Semana Mundial 2025"},"image":{"@id":"https:\/\/semanamundial.com\/ca\/#\/schema\/logo\/image\/"}}]}},"_links":{"self":[{"href":"https:\/\/semanamundial.com\/ca\/wp-json\/wp\/v2\/pages\/163","targetHints":{"allow":["GET"]}}],"collection":[{"href":"https:\/\/semanamundial.com\/ca\/wp-json\/wp\/v2\/pages"}],"about":[{"href":"https:\/\/semanamundial.com\/ca\/wp-json\/wp\/v2\/types\/page"}],"author":[{"embeddable":true,"href":"https:\/\/semanamundial.com\/ca\/wp-json\/wp\/v2\/users\/1"}],"replies":[{"embeddable":true,"href":"https:\/\/semanamundial.com\/ca\/wp-json\/wp\/v2\/comments?post=163"}],"version-history":[{"count":1,"href":"https:\/\/semanamundial.com\/ca\/wp-json\/wp\/v2\/pages\/163\/revisions"}],"predecessor-version":[{"id":164,"href":"https:\/\/semanamundial.com\/ca\/wp-json\/wp\/v2\/pages\/163\/revisions\/164"}],"wp:attachment":[{"href":"https:\/\/semanamundial.com\/ca\/wp-json\/wp\/v2\/media?parent=163"}],"curies":[{"name":"wp","href":"https:\/\/api.w.org\/{rel}","templated":true}]}}