{"id":1622,"date":"2024-07-08T17:12:12","date_gmt":"2024-07-08T15:12:12","guid":{"rendered":"https:\/\/semanamundial.com\/historia-de-la-setmana-mundial\/"},"modified":"2024-07-16T15:11:58","modified_gmt":"2024-07-16T13:11:58","slug":"historia-de-la-setmana-mundial","status":"publish","type":"page","link":"https:\/\/semanamundial.com\/ca\/historia-de-la-setmana-mundial\/","title":{"rendered":"Hist\u00f2ria de la Setmana Mundial"},"content":{"rendered":"\t\t<div data-elementor-type=\"wp-page\" data-elementor-id=\"1622\" class=\"elementor elementor-1622 elementor-1620\">\n\t\t\t\t\t\t<section class=\"elementor-section elementor-top-section elementor-element elementor-element-a63f9bc elementor-section-boxed elementor-section-height-default elementor-section-height-default\" data-id=\"a63f9bc\" data-element_type=\"section\">\n\t\t\t\t\t\t<div class=\"elementor-container elementor-column-gap-default\">\n\t\t\t\t\t<div class=\"aux-parallax-section elementor-column elementor-col-100 elementor-top-column elementor-element elementor-element-b26385c\" data-id=\"b26385c\" data-element_type=\"column\">\n\t\t\t<div class=\"elementor-widget-wrap elementor-element-populated\">\n\t\t\t\t\t\t<div class=\"elementor-element elementor-element-66eb7ca elementor-widget elementor-widget-heading\" data-id=\"66eb7ca\" data-element_type=\"widget\" data-widget_type=\"heading.default\">\n\t\t\t\t<div class=\"elementor-widget-container\">\n\t\t\t\t\t<h2 class=\"elementor-heading-title elementor-size-default\">LA SETMANA MUNDIAL, PUNT DE TROBADA DE L'ASSEGURAN\u00c7A<\/h2>\t\t\t\t<\/div>\n\t\t\t\t<\/div>\n\t\t\t\t\t<\/div>\n\t\t<\/div>\n\t\t\t\t\t<\/div>\n\t\t<\/section>\n\t\t\t\t<section class=\"elementor-section elementor-top-section elementor-element elementor-element-fc181bb elementor-section-boxed elementor-section-height-default elementor-section-height-default\" data-id=\"fc181bb\" data-element_type=\"section\">\n\t\t\t\t\t\t<div class=\"elementor-container elementor-column-gap-default\">\n\t\t\t\t\t<div class=\"aux-parallax-section elementor-column elementor-col-100 elementor-top-column elementor-element elementor-element-710475c\" data-id=\"710475c\" data-element_type=\"column\">\n\t\t\t<div class=\"elementor-widget-wrap elementor-element-populated\">\n\t\t\t\t\t\t<div class=\"elementor-element elementor-element-bc7f82e elementor-widget elementor-widget-image\" data-id=\"bc7f82e\" data-element_type=\"widget\" data-widget_type=\"image.default\">\n\t\t\t\t<div class=\"elementor-widget-container\">\n\t\t\t\t\t\t\t\t\t\t\t\t\t\t\t<img fetchpriority=\"high\" decoding=\"async\" width=\"1580\" height=\"438\" src=\"https:\/\/semanamundial.com\/wp-content\/uploads\/2023\/07\/pagina-Ted-Talks.png\" class=\"attachment-full size-full wp-image-1212\" alt=\"\" srcset=\"https:\/\/semanamundial.com\/wp-content\/uploads\/2023\/07\/pagina-Ted-Talks.png 1580w, https:\/\/semanamundial.com\/wp-content\/uploads\/2023\/07\/pagina-Ted-Talks-1536x426.png 1536w\" sizes=\"(max-width: 1580px) 100vw, 1580px\" \/>\t\t\t\t\t\t\t\t\t\t\t\t\t\t\t<\/div>\n\t\t\t\t<\/div>\n\t\t\t\t\t<\/div>\n\t\t<\/div>\n\t\t\t\t\t<\/div>\n\t\t<\/section>\n\t\t\t\t<section class=\"elementor-section elementor-top-section elementor-element elementor-element-8bbf2c3 elementor-section-boxed elementor-section-height-default elementor-section-height-default\" data-id=\"8bbf2c3\" data-element_type=\"section\">\n\t\t\t\t\t\t<div class=\"elementor-container elementor-column-gap-default\">\n\t\t\t\t\t<div class=\"aux-parallax-section elementor-column elementor-col-16 elementor-top-column elementor-element elementor-element-34e34be\" data-id=\"34e34be\" data-element_type=\"column\">\n\t\t\t<div class=\"elementor-widget-wrap\">\n\t\t\t\t\t\t\t<\/div>\n\t\t<\/div>\n\t\t\t\t<div class=\"aux-parallax-section elementor-column elementor-col-66 elementor-top-column elementor-element elementor-element-7d031fb\" data-id=\"7d031fb\" data-element_type=\"column\">\n\t\t\t<div class=\"elementor-widget-wrap elementor-element-populated\">\n\t\t\t\t\t\t<div class=\"elementor-element elementor-element-7534404 elementor-widget elementor-widget-text-editor\" data-id=\"7534404\" data-element_type=\"widget\" data-widget_type=\"text-editor.default\">\n\t\t\t\t<div class=\"elementor-widget-container\">\n\t\t\t\t\t\t\t\t\t<p>La Setmana Mundial del Col\u00b7legi de Mediadors d&#8217;Assegurances de Barcelona \u00e9s un esdeveniment anual de gran rellev\u00e0ncia en l&#8217;\u00e0mbit de la mediaci\u00f3 d&#8217;assegurances. Organitzat pel Col\u00b7legi, aquest acte t\u00e9 com a objectiu principal promoure i destacar la import\u00e0ncia de la figura del mediador en el sector assegurador. L&#8217;edici\u00f3 de 2024 \u00e9s especial perqu\u00e8 es compleixen cinquanta anys des del seu naixement.<\/p><p>La durada de la Setmana Mundial sol ser d&#8217;un dia, encara que durant anys s&#8217;ha est\u00e8s a una segona jornada. L&#8217;esdeveniment cont\u00e9 diverses activitats en m\u00faltiples formats com a confer\u00e8ncies, tallers, taules rodones o entrevistes a persones notables del m\u00f3n de les assegurances i de les empreses en general. Experts nacionals i internacionals s\u00f3n convidats cada any a compartir els seus coneixements i experi\u00e8ncies, oferint una valuosa oportunitat d&#8217;aprenentatge i networking per als assistents.<\/p><p>La Setmana Mundial del Col\u00b7legi de Barcelona \u00e9s probablement l&#8217;esdeveniment m\u00e9s gran del m\u00f3n assegurador que es realitza a Espanya. Cada any es reuneixen representants de la mediaci\u00f3 al costat dels principals executius de les companyies i a representants de les diferents administracions p\u00fabliques. Un dels objectius d&#8217;aquest esdeveniment \u00e9s posar en valor la figura dels mediadors, que s\u00f3n els intermediaris entre les companyies asseguradores i els clients i proporcionen assessorament expert i personalitzat per a garantir que s&#8217;obtingui la cobertura m\u00e9s adequada segons les necessitats individuals.<\/p><p>Al llarg dels cinquanta anys d&#8217;exist\u00e8ncia, la Setmana Mundial ha tingut com a seu diversos punts emblem\u00e0tics de Barcelona com el Gran Teatre del Liceu, el Teatre Nacional, el Camp Nou, el Palau de la M\u00fasica o el Museu Nacional d&#8217;Art de Catalunya (MNAC), entre molts altres.<\/p>\t\t\t\t\t\t\t\t<\/div>\n\t\t\t\t<\/div>\n\t\t\t\t\t<\/div>\n\t\t<\/div>\n\t\t\t\t<div class=\"aux-parallax-section elementor-column elementor-col-16 elementor-top-column elementor-element elementor-element-4a93045\" data-id=\"4a93045\" data-element_type=\"column\">\n\t\t\t<div class=\"elementor-widget-wrap\">\n\t\t\t\t\t\t\t<\/div>\n\t\t<\/div>\n\t\t\t\t\t<\/div>\n\t\t<\/section>\n\t\t\t\t<\/div>\n\t\t","protected":false},"excerpt":{"rendered":"<p>LA SETMANA MUNDIAL, PUNT DE TROBADA DE L&#8217;ASSEGURAN\u00c7A La Setmana Mundial del Col\u00b7legi de Mediadors d&#8217;Assegurances de Barcelona \u00e9s un esdeveniment anual de gran rellev\u00e0ncia en l&#8217;\u00e0mbit de la mediaci\u00f3 d&#8217;assegurances. Organitzat pel Col\u00b7legi, aquest acte t\u00e9 com a objectiu principal promoure i destacar la import\u00e0ncia de la figura del mediador en el sector assegurador. [&hellip;]<\/p>\n","protected":false},"author":2,"featured_media":0,"parent":0,"menu_order":0,"comment_status":"closed","ping_status":"closed","template":"","meta":{"footnotes":""},"class_list":["post-1622","page","type-page","status-publish","hentry"],"yoast_head":"<!-- This site is optimized with the Yoast SEO plugin v26.6 - https:\/\/yoast.com\/wordpress\/plugins\/seo\/ -->\n<title>Hist\u00f2ria de la Setmana Mundial - Semana Mundial 2025<\/title>\n<meta name=\"description\" content=\"La Setmana Mundial, \u00e9s l&#039;acte institucional m\u00e9s representatiu del Col\u00b7legi, anualment centenars de mediadors es donen cita en diferents llocs ic\u00f2nics de la ciutat.\" \/>\n<meta name=\"robots\" content=\"index, follow, max-snippet:-1, max-image-preview:large, max-video-preview:-1\" \/>\n<link rel=\"canonical\" href=\"https:\/\/semanamundial.com\/ca\/historia-de-la-setmana-mundial\/\" \/>\n<meta property=\"og:locale\" content=\"ca_ES\" \/>\n<meta property=\"og:type\" content=\"article\" \/>\n<meta property=\"og:title\" content=\"Hist\u00f2ria de la Setmana Mundial - Semana Mundial 2025\" \/>\n<meta property=\"og:description\" content=\"La Setmana Mundial, \u00e9s l&#039;acte institucional m\u00e9s representatiu del Col\u00b7legi, anualment centenars de mediadors es donen cita en diferents llocs ic\u00f2nics de la ciutat.\" \/>\n<meta property=\"og:url\" content=\"https:\/\/semanamundial.com\/ca\/historia-de-la-setmana-mundial\/\" \/>\n<meta property=\"og:site_name\" content=\"Semana Mundial 2025\" \/>\n<meta property=\"article:modified_time\" content=\"2024-07-16T13:11:58+00:00\" \/>\n<meta property=\"og:image\" content=\"https:\/\/semanamundial.com\/wp-content\/uploads\/2023\/07\/pagina-Ted-Talks.png\" \/>\n<meta name=\"twitter:card\" content=\"summary_large_image\" \/>\n<meta name=\"twitter:label1\" content=\"Temps estimat de lectura\" \/>\n\t<meta name=\"twitter:data1\" content=\"2 minuts\" \/>\n<script type=\"application\/ld+json\" class=\"yoast-schema-graph\">{\"@context\":\"https:\/\/schema.org\",\"@graph\":[{\"@type\":\"WebPage\",\"@id\":\"https:\/\/semanamundial.com\/ca\/historia-de-la-setmana-mundial\/\",\"url\":\"https:\/\/semanamundial.com\/ca\/historia-de-la-setmana-mundial\/\",\"name\":\"Hist\u00f2ria de la Setmana Mundial - Semana Mundial 2025\",\"isPartOf\":{\"@id\":\"https:\/\/semanamundial.com\/ca\/#website\"},\"primaryImageOfPage\":{\"@id\":\"https:\/\/semanamundial.com\/ca\/historia-de-la-setmana-mundial\/#primaryimage\"},\"image\":{\"@id\":\"https:\/\/semanamundial.com\/ca\/historia-de-la-setmana-mundial\/#primaryimage\"},\"thumbnailUrl\":\"https:\/\/semanamundial.com\/wp-content\/uploads\/2023\/07\/pagina-Ted-Talks.png\",\"datePublished\":\"2024-07-08T15:12:12+00:00\",\"dateModified\":\"2024-07-16T13:11:58+00:00\",\"description\":\"La Setmana Mundial, \u00e9s l'acte institucional m\u00e9s representatiu del Col\u00b7legi, anualment centenars de mediadors es donen cita en diferents llocs ic\u00f2nics de la ciutat.\",\"breadcrumb\":{\"@id\":\"https:\/\/semanamundial.com\/ca\/historia-de-la-setmana-mundial\/#breadcrumb\"},\"inLanguage\":\"ca\",\"potentialAction\":[{\"@type\":\"ReadAction\",\"target\":[\"https:\/\/semanamundial.com\/ca\/historia-de-la-setmana-mundial\/\"]}]},{\"@type\":\"ImageObject\",\"inLanguage\":\"ca\",\"@id\":\"https:\/\/semanamundial.com\/ca\/historia-de-la-setmana-mundial\/#primaryimage\",\"url\":\"https:\/\/semanamundial.com\/wp-content\/uploads\/2023\/07\/pagina-Ted-Talks.png\",\"contentUrl\":\"https:\/\/semanamundial.com\/wp-content\/uploads\/2023\/07\/pagina-Ted-Talks.png\"},{\"@type\":\"BreadcrumbList\",\"@id\":\"https:\/\/semanamundial.com\/ca\/historia-de-la-setmana-mundial\/#breadcrumb\",\"itemListElement\":[{\"@type\":\"ListItem\",\"position\":1,\"name\":\"Portada\",\"item\":\"https:\/\/semanamundial.com\/ca\/\"},{\"@type\":\"ListItem\",\"position\":2,\"name\":\"Hist\u00f2ria de la Setmana Mundial\"}]},{\"@type\":\"WebSite\",\"@id\":\"https:\/\/semanamundial.com\/ca\/#website\",\"url\":\"https:\/\/semanamundial.com\/ca\/\",\"name\":\"Semana Mundial 2025\",\"description\":\"\",\"publisher\":{\"@id\":\"https:\/\/semanamundial.com\/ca\/#organization\"},\"potentialAction\":[{\"@type\":\"SearchAction\",\"target\":{\"@type\":\"EntryPoint\",\"urlTemplate\":\"https:\/\/semanamundial.com\/ca\/?s={search_term_string}\"},\"query-input\":{\"@type\":\"PropertyValueSpecification\",\"valueRequired\":true,\"valueName\":\"search_term_string\"}}],\"inLanguage\":\"ca\"},{\"@type\":\"Organization\",\"@id\":\"https:\/\/semanamundial.com\/ca\/#organization\",\"name\":\"Semana Mundial 2025\",\"url\":\"https:\/\/semanamundial.com\/ca\/\",\"logo\":{\"@type\":\"ImageObject\",\"inLanguage\":\"ca\",\"@id\":\"https:\/\/semanamundial.com\/ca\/#\/schema\/logo\/image\/\",\"url\":\"https:\/\/semanamundial.com\/wp-content\/uploads\/2025\/03\/LOGOS-SM24-CAT-05-e1743008465107.png\",\"contentUrl\":\"https:\/\/semanamundial.com\/wp-content\/uploads\/2025\/03\/LOGOS-SM24-CAT-05-e1743008465107.png\",\"width\":150,\"height\":102,\"caption\":\"Semana Mundial 2025\"},\"image\":{\"@id\":\"https:\/\/semanamundial.com\/ca\/#\/schema\/logo\/image\/\"}}]}<\/script>\n<!-- \/ Yoast SEO plugin. -->","yoast_head_json":{"title":"Hist\u00f2ria de la Setmana Mundial - Semana Mundial 2025","description":"La Setmana Mundial, \u00e9s l'acte institucional m\u00e9s representatiu del Col\u00b7legi, anualment centenars de mediadors es donen cita en diferents llocs ic\u00f2nics de la ciutat.","robots":{"index":"index","follow":"follow","max-snippet":"max-snippet:-1","max-image-preview":"max-image-preview:large","max-video-preview":"max-video-preview:-1"},"canonical":"https:\/\/semanamundial.com\/ca\/historia-de-la-setmana-mundial\/","og_locale":"ca_ES","og_type":"article","og_title":"Hist\u00f2ria de la Setmana Mundial - Semana Mundial 2025","og_description":"La Setmana Mundial, \u00e9s l'acte institucional m\u00e9s representatiu del Col\u00b7legi, anualment centenars de mediadors es donen cita en diferents llocs ic\u00f2nics de la ciutat.","og_url":"https:\/\/semanamundial.com\/ca\/historia-de-la-setmana-mundial\/","og_site_name":"Semana Mundial 2025","article_modified_time":"2024-07-16T13:11:58+00:00","og_image":[{"url":"https:\/\/semanamundial.com\/wp-content\/uploads\/2023\/07\/pagina-Ted-Talks.png","type":"","width":"","height":""}],"twitter_card":"summary_large_image","twitter_misc":{"Temps estimat de lectura":"2 minuts"},"schema":{"@context":"https:\/\/schema.org","@graph":[{"@type":"WebPage","@id":"https:\/\/semanamundial.com\/ca\/historia-de-la-setmana-mundial\/","url":"https:\/\/semanamundial.com\/ca\/historia-de-la-setmana-mundial\/","name":"Hist\u00f2ria de la Setmana Mundial - Semana Mundial 2025","isPartOf":{"@id":"https:\/\/semanamundial.com\/ca\/#website"},"primaryImageOfPage":{"@id":"https:\/\/semanamundial.com\/ca\/historia-de-la-setmana-mundial\/#primaryimage"},"image":{"@id":"https:\/\/semanamundial.com\/ca\/historia-de-la-setmana-mundial\/#primaryimage"},"thumbnailUrl":"https:\/\/semanamundial.com\/wp-content\/uploads\/2023\/07\/pagina-Ted-Talks.png","datePublished":"2024-07-08T15:12:12+00:00","dateModified":"2024-07-16T13:11:58+00:00","description":"La Setmana Mundial, \u00e9s l'acte institucional m\u00e9s representatiu del Col\u00b7legi, anualment centenars de mediadors es donen cita en diferents llocs ic\u00f2nics de la ciutat.","breadcrumb":{"@id":"https:\/\/semanamundial.com\/ca\/historia-de-la-setmana-mundial\/#breadcrumb"},"inLanguage":"ca","potentialAction":[{"@type":"ReadAction","target":["https:\/\/semanamundial.com\/ca\/historia-de-la-setmana-mundial\/"]}]},{"@type":"ImageObject","inLanguage":"ca","@id":"https:\/\/semanamundial.com\/ca\/historia-de-la-setmana-mundial\/#primaryimage","url":"https:\/\/semanamundial.com\/wp-content\/uploads\/2023\/07\/pagina-Ted-Talks.png","contentUrl":"https:\/\/semanamundial.com\/wp-content\/uploads\/2023\/07\/pagina-Ted-Talks.png"},{"@type":"BreadcrumbList","@id":"https:\/\/semanamundial.com\/ca\/historia-de-la-setmana-mundial\/#breadcrumb","itemListElement":[{"@type":"ListItem","position":1,"name":"Portada","item":"https:\/\/semanamundial.com\/ca\/"},{"@type":"ListItem","position":2,"name":"Hist\u00f2ria de la Setmana Mundial"}]},{"@type":"WebSite","@id":"https:\/\/semanamundial.com\/ca\/#website","url":"https:\/\/semanamundial.com\/ca\/","name":"Semana Mundial 2025","description":"","publisher":{"@id":"https:\/\/semanamundial.com\/ca\/#organization"},"potentialAction":[{"@type":"SearchAction","target":{"@type":"EntryPoint","urlTemplate":"https:\/\/semanamundial.com\/ca\/?s={search_term_string}"},"query-input":{"@type":"PropertyValueSpecification","valueRequired":true,"valueName":"search_term_string"}}],"inLanguage":"ca"},{"@type":"Organization","@id":"https:\/\/semanamundial.com\/ca\/#organization","name":"Semana Mundial 2025","url":"https:\/\/semanamundial.com\/ca\/","logo":{"@type":"ImageObject","inLanguage":"ca","@id":"https:\/\/semanamundial.com\/ca\/#\/schema\/logo\/image\/","url":"https:\/\/semanamundial.com\/wp-content\/uploads\/2025\/03\/LOGOS-SM24-CAT-05-e1743008465107.png","contentUrl":"https:\/\/semanamundial.com\/wp-content\/uploads\/2025\/03\/LOGOS-SM24-CAT-05-e1743008465107.png","width":150,"height":102,"caption":"Semana Mundial 2025"},"image":{"@id":"https:\/\/semanamundial.com\/ca\/#\/schema\/logo\/image\/"}}]}},"_links":{"self":[{"href":"https:\/\/semanamundial.com\/ca\/wp-json\/wp\/v2\/pages\/1622","targetHints":{"allow":["GET"]}}],"collection":[{"href":"https:\/\/semanamundial.com\/ca\/wp-json\/wp\/v2\/pages"}],"about":[{"href":"https:\/\/semanamundial.com\/ca\/wp-json\/wp\/v2\/types\/page"}],"author":[{"embeddable":true,"href":"https:\/\/semanamundial.com\/ca\/wp-json\/wp\/v2\/users\/2"}],"replies":[{"embeddable":true,"href":"https:\/\/semanamundial.com\/ca\/wp-json\/wp\/v2\/comments?post=1622"}],"version-history":[{"count":6,"href":"https:\/\/semanamundial.com\/ca\/wp-json\/wp\/v2\/pages\/1622\/revisions"}],"predecessor-version":[{"id":1724,"href":"https:\/\/semanamundial.com\/ca\/wp-json\/wp\/v2\/pages\/1622\/revisions\/1724"}],"wp:attachment":[{"href":"https:\/\/semanamundial.com\/ca\/wp-json\/wp\/v2\/media?parent=1622"}],"curies":[{"name":"wp","href":"https:\/\/api.w.org\/{rel}","templated":true}]}}