{"id":1618,"date":"2024-07-08T16:56:51","date_gmt":"2024-07-08T14:56:51","guid":{"rendered":"https:\/\/semanamundial.com\/semana-mundial-2023\/"},"modified":"2024-07-17T17:34:28","modified_gmt":"2024-07-17T15:34:28","slug":"semana-mundial-2023","status":"publish","type":"page","link":"https:\/\/semanamundial.com\/ca\/semana-mundial-2023\/","title":{"rendered":"Semana Mundial 2023"},"content":{"rendered":"\t\t<div data-elementor-type=\"wp-page\" data-elementor-id=\"1618\" class=\"elementor elementor-1618 elementor-1607\">\n\t\t\t\t\t\t<section class=\"elementor-section elementor-top-section elementor-element elementor-element-393e25e elementor-section-boxed elementor-section-height-default elementor-section-height-default\" data-id=\"393e25e\" data-element_type=\"section\">\n\t\t\t\t\t\t<div class=\"elementor-container elementor-column-gap-default\">\n\t\t\t\t\t<div class=\"aux-parallax-section elementor-column elementor-col-100 elementor-top-column elementor-element elementor-element-5aba191\" data-id=\"5aba191\" data-element_type=\"column\">\n\t\t\t<div class=\"elementor-widget-wrap elementor-element-populated\">\n\t\t\t\t\t\t<div class=\"elementor-element elementor-element-99135b5 elementor-widget elementor-widget-heading\" data-id=\"99135b5\" data-element_type=\"widget\" data-widget_type=\"heading.default\">\n\t\t\t\t<div class=\"elementor-widget-container\">\n\t\t\t\t\t<h2 class=\"elementor-heading-title elementor-size-default\">Setmana Mundial 2023<\/h2>\t\t\t\t<\/div>\n\t\t\t\t<\/div>\n\t\t\t\t\t<\/div>\n\t\t<\/div>\n\t\t\t\t\t<\/div>\n\t\t<\/section>\n\t\t\t\t<section class=\"elementor-section elementor-top-section elementor-element elementor-element-a1e7e89 elementor-section-boxed elementor-section-height-default elementor-section-height-default\" data-id=\"a1e7e89\" data-element_type=\"section\">\n\t\t\t\t\t\t<div class=\"elementor-container elementor-column-gap-default\">\n\t\t\t\t\t<div class=\"aux-parallax-section elementor-column elementor-col-100 elementor-top-column elementor-element elementor-element-afdf44d\" data-id=\"afdf44d\" data-element_type=\"column\">\n\t\t\t<div class=\"elementor-widget-wrap elementor-element-populated\">\n\t\t\t\t\t\t<div class=\"elementor-element elementor-element-b5515e8 elementor-widget elementor-widget-image\" data-id=\"b5515e8\" data-element_type=\"widget\" data-widget_type=\"image.default\">\n\t\t\t\t<div class=\"elementor-widget-container\">\n\t\t\t\t\t\t\t\t\t\t\t\t\t\t\t<img fetchpriority=\"high\" decoding=\"async\" width=\"1200\" height=\"418\" src=\"https:\/\/semanamundial.com\/wp-content\/uploads\/2023\/07\/Tiempos-de-Cambio-1-e1721140471732.png\" class=\"attachment-full size-full wp-image-1284\" alt=\"\" \/>\t\t\t\t\t\t\t\t\t\t\t\t\t\t\t<\/div>\n\t\t\t\t<\/div>\n\t\t\t\t\t<\/div>\n\t\t<\/div>\n\t\t\t\t\t<\/div>\n\t\t<\/section>\n\t\t\t\t<section class=\"elementor-section elementor-top-section elementor-element elementor-element-0c25559 elementor-section-boxed elementor-section-height-default elementor-section-height-default\" data-id=\"0c25559\" data-element_type=\"section\">\n\t\t\t\t\t\t<div class=\"elementor-container elementor-column-gap-default\">\n\t\t\t\t\t<div class=\"aux-parallax-section elementor-column elementor-col-100 elementor-top-column elementor-element elementor-element-cc019c1\" data-id=\"cc019c1\" data-element_type=\"column\">\n\t\t\t<div class=\"elementor-widget-wrap elementor-element-populated\">\n\t\t\t\t\t\t<div class=\"elementor-element elementor-element-23b38e1 elementor-widget elementor-widget-text-editor\" data-id=\"23b38e1\" data-element_type=\"widget\" data-widget_type=\"text-editor.default\">\n\t\t\t\t<div class=\"elementor-widget-container\">\n\t\t\t\t\t\t\t\t\t<p>La Setmana Mundial 2023 va posar en valor el talent hum\u00e0.<\/p><p>La Setmana Mundial 2023 es va centrar en analitzar els vectors de canvi que estan transformant la mediaci\u00f3 professional i va destacar el paper protagonista de les persones en una realitat cada vegada m\u00e9s digitalitzada. M\u00e9s d&#8217;un miler d&#8217;assistents es van donar cita en la magn\u00edfica Sala Oval del Museu d&#8217;Art Nacional de Catalunya (MNAC) per reflexionar i aprendre sobre els vectors de canvi que estan transformant la mediaci\u00f3 professional.<\/p><p>Organitzada per el Col\u00b7legi de Mediadors d&#8217;Assegurances de Barcelona, es tracta d&#8217;un dels grans esdeveniments anuals del sector de les assegurances i compte amb la participaci\u00f3 de les companyies i la pres\u00e8ncia de representant de l&#8217;Administraci\u00f3 p\u00fablica. Una de les principals conclusions de l&#8217;edici\u00f3 d&#8217;aquest any \u00e9s que el talent de les persones segueix sent imprescindible en un moment en que tots els actors del sector han realitzat una forta aposta per la digitalitzaci\u00f3. L&#8217;equaci\u00f3 perfecta \u00e9s la suma dels aven\u00e7os tecnol\u00f2gics i del factor hum\u00e0.<\/p><p>Francesc Santasusana, president del Col\u00b7legi, va resumir l&#8217;esperit de la jornada, celebrada en la Sala Oval del MNAC, a l&#8217;explicar que &#8220;els mediadors hem de con\u00e8ixer aquests vectors de canvi per aplicar-los, per\u00f2 a la vegada hem de seguir fent les tasques que s\u00f3n la nostra ess\u00e8ncia: assessorar i assegurar&#8221;. Per el president d&#8217;agents i corredors, &#8220;el talent hum\u00e0 \u00e9s imprescindible per la nostra feina i ha de recolzar-se en aquestes noves eines tecnol\u00f2giques que, ben utilitzades, reforcen el paper de les persones&#8221;. El conductor de l&#8217;esdeveniment va ser Enric Sierra, directo adjunt de La Vanguardia, qui va aportar el seu punt de vista period\u00edstic sobre tots els temes que es van tractar.<\/p><p>El president del Col\u00b7legi tamb\u00e9 va posar \u00e8mfasi en recordar que tot ha de pasar al voltant del client i que hem passat del B2C al C2B &#8220;Ara, m\u00e9s que mai, \u00e9s el client qui decideix\u00a0 que vol i que busca. La nostra feina \u00e9s proporcionar-li el millor producte personalitzat per les seves necessitats&#8221;.<\/p><p>Albert Ferrer, vicepresident del Col\u00b7legi de Mediadors, va voler citar una altra necessitat evident entre els professional i va assegurar que &#8220;pensem que la formaci\u00f3 de qualitat \u00e9s sense dubte el cam\u00ed m\u00e9s segur per assolir l&#8217;\u00e8xit i conquistar el futur. No \u00e9s f\u00e0cil. Requereix esfor\u00e7 i comprom\u00eds, per\u00f2 sempre dona resultat. I si volem afrontar el futur amb garanties, necessitem professionals formats i actualitzats. Mai en la hist\u00f2ria s&#8217;han produ\u00eft tants i tant profunds canvis que exigeixen estar al dia actualitzant-nos constanment&#8221;.<\/p>\t\t\t\t\t\t\t\t<\/div>\n\t\t\t\t<\/div>\n\t\t\t\t\t<\/div>\n\t\t<\/div>\n\t\t\t\t\t<\/div>\n\t\t<\/section>\n\t\t\t\t<\/div>\n\t\t","protected":false},"excerpt":{"rendered":"<p>Setmana Mundial 2023 La Setmana Mundial 2023 va posar en valor el talent hum\u00e0. L&#8217;esdeveniment es va centrar en analitzar els vectors de canvi que estan transformant la mediaci\u00f3 professional i va destacar el paper de les persones. La Setmana Mundial 2023 es va centrar en analitzar els vectors de canvi que estan transformant la [&hellip;]<\/p>\n","protected":false},"author":2,"featured_media":0,"parent":0,"menu_order":0,"comment_status":"closed","ping_status":"closed","template":"","meta":{"footnotes":""},"class_list":["post-1618","page","type-page","status-publish","hentry"],"yoast_head":"<!-- This site is optimized with the Yoast SEO plugin v26.6 - https:\/\/yoast.com\/wordpress\/plugins\/seo\/ -->\n<title>Semana Mundial 2023 - Semana Mundial 2025<\/title>\n<meta name=\"robots\" content=\"index, follow, max-snippet:-1, max-image-preview:large, max-video-preview:-1\" \/>\n<link rel=\"canonical\" href=\"https:\/\/semanamundial.com\/ca\/semana-mundial-2023\/\" \/>\n<meta property=\"og:locale\" content=\"ca_ES\" \/>\n<meta property=\"og:type\" content=\"article\" \/>\n<meta property=\"og:title\" content=\"Semana Mundial 2023 - Semana Mundial 2025\" \/>\n<meta property=\"og:description\" content=\"Setmana Mundial 2023 La Setmana Mundial 2023 va posar en valor el talent hum\u00e0. L&#8217;esdeveniment es va centrar en analitzar els vectors de canvi que estan transformant la mediaci\u00f3 professional i va destacar el paper de les persones. La Setmana Mundial 2023 es va centrar en analitzar els vectors de canvi que estan transformant la [&hellip;]\" \/>\n<meta property=\"og:url\" content=\"https:\/\/semanamundial.com\/ca\/semana-mundial-2023\/\" \/>\n<meta property=\"og:site_name\" content=\"Semana Mundial 2025\" \/>\n<meta property=\"article:modified_time\" content=\"2024-07-17T15:34:28+00:00\" \/>\n<meta name=\"twitter:card\" content=\"summary_large_image\" \/>\n<meta name=\"twitter:label1\" content=\"Temps estimat de lectura\" \/>\n\t<meta name=\"twitter:data1\" content=\"3 minuts\" \/>\n<script type=\"application\/ld+json\" class=\"yoast-schema-graph\">{\"@context\":\"https:\/\/schema.org\",\"@graph\":[{\"@type\":\"WebPage\",\"@id\":\"https:\/\/semanamundial.com\/ca\/semana-mundial-2023\/\",\"url\":\"https:\/\/semanamundial.com\/ca\/semana-mundial-2023\/\",\"name\":\"Semana Mundial 2023 - Semana Mundial 2025\",\"isPartOf\":{\"@id\":\"https:\/\/semanamundial.com\/ca\/#website\"},\"datePublished\":\"2024-07-08T14:56:51+00:00\",\"dateModified\":\"2024-07-17T15:34:28+00:00\",\"breadcrumb\":{\"@id\":\"https:\/\/semanamundial.com\/ca\/semana-mundial-2023\/#breadcrumb\"},\"inLanguage\":\"ca\",\"potentialAction\":[{\"@type\":\"ReadAction\",\"target\":[\"https:\/\/semanamundial.com\/ca\/semana-mundial-2023\/\"]}]},{\"@type\":\"BreadcrumbList\",\"@id\":\"https:\/\/semanamundial.com\/ca\/semana-mundial-2023\/#breadcrumb\",\"itemListElement\":[{\"@type\":\"ListItem\",\"position\":1,\"name\":\"Portada\",\"item\":\"https:\/\/semanamundial.com\/ca\/\"},{\"@type\":\"ListItem\",\"position\":2,\"name\":\"Semana Mundial 2023\"}]},{\"@type\":\"WebSite\",\"@id\":\"https:\/\/semanamundial.com\/ca\/#website\",\"url\":\"https:\/\/semanamundial.com\/ca\/\",\"name\":\"Semana Mundial 2025\",\"description\":\"\",\"publisher\":{\"@id\":\"https:\/\/semanamundial.com\/ca\/#organization\"},\"potentialAction\":[{\"@type\":\"SearchAction\",\"target\":{\"@type\":\"EntryPoint\",\"urlTemplate\":\"https:\/\/semanamundial.com\/ca\/?s={search_term_string}\"},\"query-input\":{\"@type\":\"PropertyValueSpecification\",\"valueRequired\":true,\"valueName\":\"search_term_string\"}}],\"inLanguage\":\"ca\"},{\"@type\":\"Organization\",\"@id\":\"https:\/\/semanamundial.com\/ca\/#organization\",\"name\":\"Semana Mundial 2025\",\"url\":\"https:\/\/semanamundial.com\/ca\/\",\"logo\":{\"@type\":\"ImageObject\",\"inLanguage\":\"ca\",\"@id\":\"https:\/\/semanamundial.com\/ca\/#\/schema\/logo\/image\/\",\"url\":\"https:\/\/semanamundial.com\/wp-content\/uploads\/2025\/03\/LOGOS-SM24-CAT-05-e1743008465107.png\",\"contentUrl\":\"https:\/\/semanamundial.com\/wp-content\/uploads\/2025\/03\/LOGOS-SM24-CAT-05-e1743008465107.png\",\"width\":150,\"height\":102,\"caption\":\"Semana Mundial 2025\"},\"image\":{\"@id\":\"https:\/\/semanamundial.com\/ca\/#\/schema\/logo\/image\/\"}}]}<\/script>\n<!-- \/ Yoast SEO plugin. -->","yoast_head_json":{"title":"Semana Mundial 2023 - Semana Mundial 2025","robots":{"index":"index","follow":"follow","max-snippet":"max-snippet:-1","max-image-preview":"max-image-preview:large","max-video-preview":"max-video-preview:-1"},"canonical":"https:\/\/semanamundial.com\/ca\/semana-mundial-2023\/","og_locale":"ca_ES","og_type":"article","og_title":"Semana Mundial 2023 - Semana Mundial 2025","og_description":"Setmana Mundial 2023 La Setmana Mundial 2023 va posar en valor el talent hum\u00e0. L&#8217;esdeveniment es va centrar en analitzar els vectors de canvi que estan transformant la mediaci\u00f3 professional i va destacar el paper de les persones. La Setmana Mundial 2023 es va centrar en analitzar els vectors de canvi que estan transformant la [&hellip;]","og_url":"https:\/\/semanamundial.com\/ca\/semana-mundial-2023\/","og_site_name":"Semana Mundial 2025","article_modified_time":"2024-07-17T15:34:28+00:00","twitter_card":"summary_large_image","twitter_misc":{"Temps estimat de lectura":"3 minuts"},"schema":{"@context":"https:\/\/schema.org","@graph":[{"@type":"WebPage","@id":"https:\/\/semanamundial.com\/ca\/semana-mundial-2023\/","url":"https:\/\/semanamundial.com\/ca\/semana-mundial-2023\/","name":"Semana Mundial 2023 - Semana Mundial 2025","isPartOf":{"@id":"https:\/\/semanamundial.com\/ca\/#website"},"datePublished":"2024-07-08T14:56:51+00:00","dateModified":"2024-07-17T15:34:28+00:00","breadcrumb":{"@id":"https:\/\/semanamundial.com\/ca\/semana-mundial-2023\/#breadcrumb"},"inLanguage":"ca","potentialAction":[{"@type":"ReadAction","target":["https:\/\/semanamundial.com\/ca\/semana-mundial-2023\/"]}]},{"@type":"BreadcrumbList","@id":"https:\/\/semanamundial.com\/ca\/semana-mundial-2023\/#breadcrumb","itemListElement":[{"@type":"ListItem","position":1,"name":"Portada","item":"https:\/\/semanamundial.com\/ca\/"},{"@type":"ListItem","position":2,"name":"Semana Mundial 2023"}]},{"@type":"WebSite","@id":"https:\/\/semanamundial.com\/ca\/#website","url":"https:\/\/semanamundial.com\/ca\/","name":"Semana Mundial 2025","description":"","publisher":{"@id":"https:\/\/semanamundial.com\/ca\/#organization"},"potentialAction":[{"@type":"SearchAction","target":{"@type":"EntryPoint","urlTemplate":"https:\/\/semanamundial.com\/ca\/?s={search_term_string}"},"query-input":{"@type":"PropertyValueSpecification","valueRequired":true,"valueName":"search_term_string"}}],"inLanguage":"ca"},{"@type":"Organization","@id":"https:\/\/semanamundial.com\/ca\/#organization","name":"Semana Mundial 2025","url":"https:\/\/semanamundial.com\/ca\/","logo":{"@type":"ImageObject","inLanguage":"ca","@id":"https:\/\/semanamundial.com\/ca\/#\/schema\/logo\/image\/","url":"https:\/\/semanamundial.com\/wp-content\/uploads\/2025\/03\/LOGOS-SM24-CAT-05-e1743008465107.png","contentUrl":"https:\/\/semanamundial.com\/wp-content\/uploads\/2025\/03\/LOGOS-SM24-CAT-05-e1743008465107.png","width":150,"height":102,"caption":"Semana Mundial 2025"},"image":{"@id":"https:\/\/semanamundial.com\/ca\/#\/schema\/logo\/image\/"}}]}},"_links":{"self":[{"href":"https:\/\/semanamundial.com\/ca\/wp-json\/wp\/v2\/pages\/1618","targetHints":{"allow":["GET"]}}],"collection":[{"href":"https:\/\/semanamundial.com\/ca\/wp-json\/wp\/v2\/pages"}],"about":[{"href":"https:\/\/semanamundial.com\/ca\/wp-json\/wp\/v2\/types\/page"}],"author":[{"embeddable":true,"href":"https:\/\/semanamundial.com\/ca\/wp-json\/wp\/v2\/users\/2"}],"replies":[{"embeddable":true,"href":"https:\/\/semanamundial.com\/ca\/wp-json\/wp\/v2\/comments?post=1618"}],"version-history":[{"count":25,"href":"https:\/\/semanamundial.com\/ca\/wp-json\/wp\/v2\/pages\/1618\/revisions"}],"predecessor-version":[{"id":1806,"href":"https:\/\/semanamundial.com\/ca\/wp-json\/wp\/v2\/pages\/1618\/revisions\/1806"}],"wp:attachment":[{"href":"https:\/\/semanamundial.com\/ca\/wp-json\/wp\/v2\/media?parent=1618"}],"curies":[{"name":"wp","href":"https:\/\/api.w.org\/{rel}","templated":true}]}}