{"id":1616,"date":"2024-07-08T16:49:00","date_gmt":"2024-07-08T14:49:00","guid":{"rendered":"https:\/\/semanamundial.com\/espectacles-2024\/"},"modified":"2024-07-17T16:20:46","modified_gmt":"2024-07-17T14:20:46","slug":"espectacles-2024","status":"publish","type":"page","link":"https:\/\/semanamundial.com\/ca\/espectacles-2024\/","title":{"rendered":"Espectacles 2024"},"content":{"rendered":"\t\t<div data-elementor-type=\"wp-page\" data-elementor-id=\"1616\" class=\"elementor elementor-1616 elementor-1596\">\n\t\t\t\t\t\t<section class=\"elementor-section elementor-top-section elementor-element elementor-element-188abb3 elementor-section-boxed elementor-section-height-default elementor-section-height-default\" data-id=\"188abb3\" data-element_type=\"section\">\n\t\t\t\t\t\t<div class=\"elementor-container elementor-column-gap-default\">\n\t\t\t\t\t<div class=\"aux-parallax-section elementor-column elementor-col-100 elementor-top-column elementor-element elementor-element-b4ea665\" data-id=\"b4ea665\" data-element_type=\"column\">\n\t\t\t<div class=\"elementor-widget-wrap elementor-element-populated\">\n\t\t\t\t\t\t<div class=\"elementor-element elementor-element-5da80b6 elementor-widget elementor-widget-heading\" data-id=\"5da80b6\" data-element_type=\"widget\" data-widget_type=\"heading.default\">\n\t\t\t\t<div class=\"elementor-widget-container\">\n\t\t\t\t\t<h1 class=\"elementor-heading-title elementor-size-default\">Espectacles<\/h1>\t\t\t\t<\/div>\n\t\t\t\t<\/div>\n\t\t\t\t\t<\/div>\n\t\t<\/div>\n\t\t\t\t\t<\/div>\n\t\t<\/section>\n\t\t\t\t<section class=\"elementor-section elementor-top-section elementor-element elementor-element-f63c138 elementor-section-boxed elementor-section-height-default elementor-section-height-default\" data-id=\"f63c138\" data-element_type=\"section\">\n\t\t\t\t\t\t<div class=\"elementor-container elementor-column-gap-default\">\n\t\t\t\t\t<div class=\"aux-parallax-section elementor-column elementor-col-100 elementor-top-column elementor-element elementor-element-8390700\" data-id=\"8390700\" data-element_type=\"column\">\n\t\t\t<div class=\"elementor-widget-wrap elementor-element-populated\">\n\t\t\t\t\t\t<div class=\"elementor-element elementor-element-2c0b7eb elementor-widget elementor-widget-image\" data-id=\"2c0b7eb\" data-element_type=\"widget\" data-widget_type=\"image.default\">\n\t\t\t\t<div class=\"elementor-widget-container\">\n\t\t\t\t\t\t\t\t\t\t\t\t\t\t\t<img decoding=\"async\" src=\"https:\/\/semanamundial.com\/wp-content\/uploads\/2024\/07\/Espectaculos.png\" title=\"Espectaculos\" alt=\"Espectaculos\" loading=\"lazy\" \/>\t\t\t\t\t\t\t\t\t\t\t\t\t\t\t<\/div>\n\t\t\t\t<\/div>\n\t\t\t\t\t<\/div>\n\t\t<\/div>\n\t\t\t\t\t<\/div>\n\t\t<\/section>\n\t\t\t\t<section class=\"elementor-section elementor-top-section elementor-element elementor-element-eb7931d elementor-section-boxed elementor-section-height-default elementor-section-height-default\" data-id=\"eb7931d\" data-element_type=\"section\">\n\t\t\t\t\t\t<div class=\"elementor-container elementor-column-gap-default\">\n\t\t\t\t\t<div class=\"aux-parallax-section elementor-column elementor-col-100 elementor-top-column elementor-element elementor-element-674a5fa\" data-id=\"674a5fa\" data-element_type=\"column\">\n\t\t\t<div class=\"elementor-widget-wrap elementor-element-populated\">\n\t\t\t\t\t\t<div class=\"elementor-element elementor-element-7e468fe elementor-widget elementor-widget-text-editor\" data-id=\"7e468fe\" data-element_type=\"widget\" data-widget_type=\"text-editor.default\">\n\t\t\t\t<div class=\"elementor-widget-container\">\n\t\t\t\t\t\t\t\t\t<p>La Setmana Mundial 2024 tindr\u00e0, com \u00e9s habitual, un espai per la cultura i l&#8217;entreteniment.<\/p><p>Al llarg dels anys, en la gran gala del Col\u00b7legi han participat artistes consagrats com El Tricicle, Carlos Latre, Jorge Blas, Mag Lari, Los Vivancos y Leo Harlem, entre altres.<\/p><p>Al 2023 l&#8217;aposta va ser donar recolzament als artistes locals. Per animar una mica despr\u00e8s de diverses intervencions i aportar una dosis d&#8217;enteniment, es van programar tres actuacions musicals i una humor\u00edstica. La m\u00fasica va correr a c\u00e0rrec de Al\u00e8xia, Judith Neddermann i Ramon Mirabet. El fi de festa al va posar el brillant monologuista Javi Sancho.<\/p><p>En l&#8217;edici\u00f3 de 2024, hi haur\u00e0 una bona dosi d&#8217;entreteniment. Com sempre, el nom d&#8217;aquests artistes no ser\u00e0 p\u00fablic abans de la seva actuaci\u00f3, per\u00f2 s&#8217;ha de tenir en compte que l&#8217;escenari que, en aquest cas, es el Gran Teatre del Liceu.<\/p><p>Aix\u00ed que no te&#8217;ls pots perdre el proper dia 2 d&#8217;octubre.<\/p>\t\t\t\t\t\t\t\t<\/div>\n\t\t\t\t<\/div>\n\t\t\t\t\t<\/div>\n\t\t<\/div>\n\t\t\t\t\t<\/div>\n\t\t<\/section>\n\t\t\t\t<\/div>\n\t\t","protected":false},"excerpt":{"rendered":"<p>Espectacles La Setmana Mundial 2024 tindr\u00e0, com \u00e9s habitual, un espai per la cultura i l&#8217;entreteniment. Al llarg dels anys, en la gran gala del Col\u00b7legi han participat artistes consagrats com El Tricicle, Carlos Latre, Jorge Blas, Mag Lari, Los Vivancos y Leo Harlem, entre altres. Al 2023 l&#8217;aposta va ser donar recolzament als artistes [&hellip;]<\/p>\n","protected":false},"author":2,"featured_media":0,"parent":0,"menu_order":0,"comment_status":"closed","ping_status":"closed","template":"","meta":{"footnotes":""},"class_list":["post-1616","page","type-page","status-publish","hentry"],"yoast_head":"<!-- This site is optimized with the Yoast SEO plugin v26.6 - https:\/\/yoast.com\/wordpress\/plugins\/seo\/ -->\n<title>Espectacles 2024 - Semana Mundial 2025<\/title>\n<meta name=\"description\" content=\"Semana Mundial 2025 La Setmana Mundial 2023 tindr\u00e0 espectacles com \u00e9s habitual, un espai per la cultura i l&#039;entreteniment.\" \/>\n<meta name=\"robots\" content=\"index, follow, max-snippet:-1, max-image-preview:large, max-video-preview:-1\" \/>\n<link rel=\"canonical\" href=\"https:\/\/semanamundial.com\/ca\/espectacles-2024\/\" \/>\n<meta property=\"og:locale\" content=\"ca_ES\" \/>\n<meta property=\"og:type\" content=\"article\" \/>\n<meta property=\"og:title\" content=\"Espectacles 2024 - Semana Mundial 2025\" \/>\n<meta property=\"og:description\" content=\"Semana Mundial 2025 La Setmana Mundial 2023 tindr\u00e0 espectacles com \u00e9s habitual, un espai per la cultura i l&#039;entreteniment.\" \/>\n<meta property=\"og:url\" content=\"https:\/\/semanamundial.com\/ca\/espectacles-2024\/\" \/>\n<meta property=\"og:site_name\" content=\"Semana Mundial 2025\" \/>\n<meta property=\"article:modified_time\" content=\"2024-07-17T14:20:46+00:00\" \/>\n<meta property=\"og:image\" content=\"https:\/\/semanamundial.com\/wp-content\/uploads\/elementor\/thumbs\/Espectaculos-2-qr8wmw23mxtkj36m125xfo10pfeo38qp5utdtxx31c.png\" \/>\n<meta name=\"twitter:card\" content=\"summary_large_image\" \/>\n<meta name=\"twitter:label1\" content=\"Temps estimat de lectura\" \/>\n\t<meta name=\"twitter:data1\" content=\"1 minut\" \/>\n<script type=\"application\/ld+json\" class=\"yoast-schema-graph\">{\"@context\":\"https:\/\/schema.org\",\"@graph\":[{\"@type\":\"WebPage\",\"@id\":\"https:\/\/semanamundial.com\/ca\/espectacles-2024\/\",\"url\":\"https:\/\/semanamundial.com\/ca\/espectacles-2024\/\",\"name\":\"Espectacles 2024 - Semana Mundial 2025\",\"isPartOf\":{\"@id\":\"https:\/\/semanamundial.com\/ca\/#website\"},\"primaryImageOfPage\":{\"@id\":\"https:\/\/semanamundial.com\/ca\/espectacles-2024\/#primaryimage\"},\"image\":{\"@id\":\"https:\/\/semanamundial.com\/ca\/espectacles-2024\/#primaryimage\"},\"thumbnailUrl\":\"https:\/\/semanamundial.com\/wp-content\/uploads\/elementor\/thumbs\/Espectaculos-2-qr8wmw23mxtkj36m125xfo10pfeo38qp5utdtxx31c.png\",\"datePublished\":\"2024-07-08T14:49:00+00:00\",\"dateModified\":\"2024-07-17T14:20:46+00:00\",\"description\":\"Semana Mundial 2025 La Setmana Mundial 2023 tindr\u00e0 espectacles com \u00e9s habitual, un espai per la cultura i l'entreteniment.\",\"breadcrumb\":{\"@id\":\"https:\/\/semanamundial.com\/ca\/espectacles-2024\/#breadcrumb\"},\"inLanguage\":\"ca\",\"potentialAction\":[{\"@type\":\"ReadAction\",\"target\":[\"https:\/\/semanamundial.com\/ca\/espectacles-2024\/\"]}]},{\"@type\":\"ImageObject\",\"inLanguage\":\"ca\",\"@id\":\"https:\/\/semanamundial.com\/ca\/espectacles-2024\/#primaryimage\",\"url\":\"https:\/\/semanamundial.com\/wp-content\/uploads\/elementor\/thumbs\/Espectaculos-2-qr8wmw23mxtkj36m125xfo10pfeo38qp5utdtxx31c.png\",\"contentUrl\":\"https:\/\/semanamundial.com\/wp-content\/uploads\/elementor\/thumbs\/Espectaculos-2-qr8wmw23mxtkj36m125xfo10pfeo38qp5utdtxx31c.png\"},{\"@type\":\"BreadcrumbList\",\"@id\":\"https:\/\/semanamundial.com\/ca\/espectacles-2024\/#breadcrumb\",\"itemListElement\":[{\"@type\":\"ListItem\",\"position\":1,\"name\":\"Portada\",\"item\":\"https:\/\/semanamundial.com\/ca\/\"},{\"@type\":\"ListItem\",\"position\":2,\"name\":\"Espectacles 2024\"}]},{\"@type\":\"WebSite\",\"@id\":\"https:\/\/semanamundial.com\/ca\/#website\",\"url\":\"https:\/\/semanamundial.com\/ca\/\",\"name\":\"Semana Mundial 2025\",\"description\":\"\",\"publisher\":{\"@id\":\"https:\/\/semanamundial.com\/ca\/#organization\"},\"potentialAction\":[{\"@type\":\"SearchAction\",\"target\":{\"@type\":\"EntryPoint\",\"urlTemplate\":\"https:\/\/semanamundial.com\/ca\/?s={search_term_string}\"},\"query-input\":{\"@type\":\"PropertyValueSpecification\",\"valueRequired\":true,\"valueName\":\"search_term_string\"}}],\"inLanguage\":\"ca\"},{\"@type\":\"Organization\",\"@id\":\"https:\/\/semanamundial.com\/ca\/#organization\",\"name\":\"Semana Mundial 2025\",\"url\":\"https:\/\/semanamundial.com\/ca\/\",\"logo\":{\"@type\":\"ImageObject\",\"inLanguage\":\"ca\",\"@id\":\"https:\/\/semanamundial.com\/ca\/#\/schema\/logo\/image\/\",\"url\":\"https:\/\/semanamundial.com\/wp-content\/uploads\/2025\/03\/LOGOS-SM24-CAT-05-e1743008465107.png\",\"contentUrl\":\"https:\/\/semanamundial.com\/wp-content\/uploads\/2025\/03\/LOGOS-SM24-CAT-05-e1743008465107.png\",\"width\":150,\"height\":102,\"caption\":\"Semana Mundial 2025\"},\"image\":{\"@id\":\"https:\/\/semanamundial.com\/ca\/#\/schema\/logo\/image\/\"}}]}<\/script>\n<!-- \/ Yoast SEO plugin. -->","yoast_head_json":{"title":"Espectacles 2024 - Semana Mundial 2025","description":"Semana Mundial 2025 La Setmana Mundial 2023 tindr\u00e0 espectacles com \u00e9s habitual, un espai per la cultura i l'entreteniment.","robots":{"index":"index","follow":"follow","max-snippet":"max-snippet:-1","max-image-preview":"max-image-preview:large","max-video-preview":"max-video-preview:-1"},"canonical":"https:\/\/semanamundial.com\/ca\/espectacles-2024\/","og_locale":"ca_ES","og_type":"article","og_title":"Espectacles 2024 - Semana Mundial 2025","og_description":"Semana Mundial 2025 La Setmana Mundial 2023 tindr\u00e0 espectacles com \u00e9s habitual, un espai per la cultura i l'entreteniment.","og_url":"https:\/\/semanamundial.com\/ca\/espectacles-2024\/","og_site_name":"Semana Mundial 2025","article_modified_time":"2024-07-17T14:20:46+00:00","og_image":[{"url":"https:\/\/semanamundial.com\/wp-content\/uploads\/elementor\/thumbs\/Espectaculos-2-qr8wmw23mxtkj36m125xfo10pfeo38qp5utdtxx31c.png","type":"","width":"","height":""}],"twitter_card":"summary_large_image","twitter_misc":{"Temps estimat de lectura":"1 minut"},"schema":{"@context":"https:\/\/schema.org","@graph":[{"@type":"WebPage","@id":"https:\/\/semanamundial.com\/ca\/espectacles-2024\/","url":"https:\/\/semanamundial.com\/ca\/espectacles-2024\/","name":"Espectacles 2024 - Semana Mundial 2025","isPartOf":{"@id":"https:\/\/semanamundial.com\/ca\/#website"},"primaryImageOfPage":{"@id":"https:\/\/semanamundial.com\/ca\/espectacles-2024\/#primaryimage"},"image":{"@id":"https:\/\/semanamundial.com\/ca\/espectacles-2024\/#primaryimage"},"thumbnailUrl":"https:\/\/semanamundial.com\/wp-content\/uploads\/elementor\/thumbs\/Espectaculos-2-qr8wmw23mxtkj36m125xfo10pfeo38qp5utdtxx31c.png","datePublished":"2024-07-08T14:49:00+00:00","dateModified":"2024-07-17T14:20:46+00:00","description":"Semana Mundial 2025 La Setmana Mundial 2023 tindr\u00e0 espectacles com \u00e9s habitual, un espai per la cultura i l'entreteniment.","breadcrumb":{"@id":"https:\/\/semanamundial.com\/ca\/espectacles-2024\/#breadcrumb"},"inLanguage":"ca","potentialAction":[{"@type":"ReadAction","target":["https:\/\/semanamundial.com\/ca\/espectacles-2024\/"]}]},{"@type":"ImageObject","inLanguage":"ca","@id":"https:\/\/semanamundial.com\/ca\/espectacles-2024\/#primaryimage","url":"https:\/\/semanamundial.com\/wp-content\/uploads\/elementor\/thumbs\/Espectaculos-2-qr8wmw23mxtkj36m125xfo10pfeo38qp5utdtxx31c.png","contentUrl":"https:\/\/semanamundial.com\/wp-content\/uploads\/elementor\/thumbs\/Espectaculos-2-qr8wmw23mxtkj36m125xfo10pfeo38qp5utdtxx31c.png"},{"@type":"BreadcrumbList","@id":"https:\/\/semanamundial.com\/ca\/espectacles-2024\/#breadcrumb","itemListElement":[{"@type":"ListItem","position":1,"name":"Portada","item":"https:\/\/semanamundial.com\/ca\/"},{"@type":"ListItem","position":2,"name":"Espectacles 2024"}]},{"@type":"WebSite","@id":"https:\/\/semanamundial.com\/ca\/#website","url":"https:\/\/semanamundial.com\/ca\/","name":"Semana Mundial 2025","description":"","publisher":{"@id":"https:\/\/semanamundial.com\/ca\/#organization"},"potentialAction":[{"@type":"SearchAction","target":{"@type":"EntryPoint","urlTemplate":"https:\/\/semanamundial.com\/ca\/?s={search_term_string}"},"query-input":{"@type":"PropertyValueSpecification","valueRequired":true,"valueName":"search_term_string"}}],"inLanguage":"ca"},{"@type":"Organization","@id":"https:\/\/semanamundial.com\/ca\/#organization","name":"Semana Mundial 2025","url":"https:\/\/semanamundial.com\/ca\/","logo":{"@type":"ImageObject","inLanguage":"ca","@id":"https:\/\/semanamundial.com\/ca\/#\/schema\/logo\/image\/","url":"https:\/\/semanamundial.com\/wp-content\/uploads\/2025\/03\/LOGOS-SM24-CAT-05-e1743008465107.png","contentUrl":"https:\/\/semanamundial.com\/wp-content\/uploads\/2025\/03\/LOGOS-SM24-CAT-05-e1743008465107.png","width":150,"height":102,"caption":"Semana Mundial 2025"},"image":{"@id":"https:\/\/semanamundial.com\/ca\/#\/schema\/logo\/image\/"}}]}},"_links":{"self":[{"href":"https:\/\/semanamundial.com\/ca\/wp-json\/wp\/v2\/pages\/1616","targetHints":{"allow":["GET"]}}],"collection":[{"href":"https:\/\/semanamundial.com\/ca\/wp-json\/wp\/v2\/pages"}],"about":[{"href":"https:\/\/semanamundial.com\/ca\/wp-json\/wp\/v2\/types\/page"}],"author":[{"embeddable":true,"href":"https:\/\/semanamundial.com\/ca\/wp-json\/wp\/v2\/users\/2"}],"replies":[{"embeddable":true,"href":"https:\/\/semanamundial.com\/ca\/wp-json\/wp\/v2\/comments?post=1616"}],"version-history":[{"count":10,"href":"https:\/\/semanamundial.com\/ca\/wp-json\/wp\/v2\/pages\/1616\/revisions"}],"predecessor-version":[{"id":1796,"href":"https:\/\/semanamundial.com\/ca\/wp-json\/wp\/v2\/pages\/1616\/revisions\/1796"}],"wp:attachment":[{"href":"https:\/\/semanamundial.com\/ca\/wp-json\/wp\/v2\/media?parent=1616"}],"curies":[{"name":"wp","href":"https:\/\/api.w.org\/{rel}","templated":true}]}}