{"id":1615,"date":"2024-07-08T16:46:55","date_gmt":"2024-07-08T14:46:55","guid":{"rendered":"https:\/\/semanamundial.com\/el-ceo-respon\/"},"modified":"2024-07-17T16:22:25","modified_gmt":"2024-07-17T14:22:25","slug":"el-ceo-respon","status":"publish","type":"page","link":"https:\/\/semanamundial.com\/ca\/el-ceo-respon\/","title":{"rendered":"El CEO respon"},"content":{"rendered":"\t\t<div data-elementor-type=\"wp-page\" data-elementor-id=\"1615\" class=\"elementor elementor-1615 elementor-1590\">\n\t\t\t\t\t\t<section class=\"elementor-section elementor-top-section elementor-element elementor-element-5796ea8 elementor-section-boxed elementor-section-height-default elementor-section-height-default\" data-id=\"5796ea8\" data-element_type=\"section\">\n\t\t\t\t\t\t<div class=\"elementor-container elementor-column-gap-default\">\n\t\t\t\t\t<div class=\"aux-parallax-section elementor-column elementor-col-100 elementor-top-column elementor-element elementor-element-b19c556\" data-id=\"b19c556\" data-element_type=\"column\">\n\t\t\t<div class=\"elementor-widget-wrap elementor-element-populated\">\n\t\t\t\t\t\t<div class=\"elementor-element elementor-element-69ba571 elementor-widget elementor-widget-heading\" data-id=\"69ba571\" data-element_type=\"widget\" data-widget_type=\"heading.default\">\n\t\t\t\t<div class=\"elementor-widget-container\">\n\t\t\t\t\t<h1 class=\"elementor-heading-title elementor-size-default\">El CEO respon<\/h1>\t\t\t\t<\/div>\n\t\t\t\t<\/div>\n\t\t\t\t\t<\/div>\n\t\t<\/div>\n\t\t\t\t\t<\/div>\n\t\t<\/section>\n\t\t\t\t<section class=\"elementor-section elementor-top-section elementor-element elementor-element-7d1c5d8 elementor-section-boxed elementor-section-height-default elementor-section-height-default\" data-id=\"7d1c5d8\" data-element_type=\"section\">\n\t\t\t\t\t\t<div class=\"elementor-container elementor-column-gap-default\">\n\t\t\t\t\t<div class=\"aux-parallax-section elementor-column elementor-col-100 elementor-top-column elementor-element elementor-element-ec50e5a\" data-id=\"ec50e5a\" data-element_type=\"column\">\n\t\t\t<div class=\"elementor-widget-wrap elementor-element-populated\">\n\t\t\t\t\t\t<div class=\"elementor-element elementor-element-465751a elementor-widget elementor-widget-image\" data-id=\"465751a\" data-element_type=\"widget\" data-widget_type=\"image.default\">\n\t\t\t\t<div class=\"elementor-widget-container\">\n\t\t\t\t\t\t\t\t\t\t\t\t\t\t\t<img decoding=\"async\" src=\"https:\/\/semanamundial.com\/wp-content\/uploads\/elementor\/thumbs\/pagina-Tu-preguntas-q8yomjsf5k014f43wrhmrgowuhj38y77gzhges1h9c.png\" title=\"pagina Tu preguntas\" alt=\"pagina Tu preguntas\" loading=\"lazy\" \/>\t\t\t\t\t\t\t\t\t\t\t\t\t\t\t<\/div>\n\t\t\t\t<\/div>\n\t\t\t\t\t<\/div>\n\t\t<\/div>\n\t\t\t\t\t<\/div>\n\t\t<\/section>\n\t\t\t\t<section class=\"elementor-section elementor-top-section elementor-element elementor-element-5e6dbc4 elementor-section-boxed elementor-section-height-default elementor-section-height-default\" data-id=\"5e6dbc4\" data-element_type=\"section\">\n\t\t\t\t\t\t<div class=\"elementor-container elementor-column-gap-default\">\n\t\t\t\t\t<div class=\"aux-parallax-section elementor-column elementor-col-100 elementor-top-column elementor-element elementor-element-ec8b698\" data-id=\"ec8b698\" data-element_type=\"column\">\n\t\t\t<div class=\"elementor-widget-wrap elementor-element-populated\">\n\t\t\t\t\t\t<div class=\"elementor-element elementor-element-cc03e2f elementor-widget elementor-widget-text-editor\" data-id=\"cc03e2f\" data-element_type=\"widget\" data-widget_type=\"text-editor.default\">\n\t\t\t\t<div class=\"elementor-widget-container\">\n\t\t\t\t\t\t\t\t\t<p>Un dels moments clau de la propera Setmana Mundial ser\u00e0 l&#8217;aparici\u00f3 a l&#8217;escenari dels representats de la companyies. La majoria d&#8217;ells seran els CEO de les asseguradores presents en l&#8217;esdeveniment. Tenir als principals dirigents de les empreses del sector permet al p\u00fablic assistent descobrir una visi\u00f3 global i completa del mon assegurador, amb els reptes, les seves estrat\u00e8gies i les seves apostes de futur.<\/p><p>Per con\u00e8ixer la opini\u00f3 de les companyies estrenarem un format original. Comptarem amb la col\u00b7laboraci\u00f3 de 50 personalitats de diferents \u00e0rees professionals i empresarials. Cada un d&#8217;ells formular\u00e0, a trav\u00e9s de la pantalla gegant instalada a l&#8217;escenari del Liceu, una pregunta dirigida al representant d&#8217;una companyia. La resposta haur\u00e0 de ser breu, ja que el ponent nom\u00e9s comptar\u00e0 amb 50 segons per respondre.<\/p>\t\t\t\t\t\t\t\t<\/div>\n\t\t\t\t<\/div>\n\t\t\t\t\t<\/div>\n\t\t<\/div>\n\t\t\t\t\t<\/div>\n\t\t<\/section>\n\t\t\t\t<\/div>\n\t\t","protected":false},"excerpt":{"rendered":"<p>El CEO respon Un dels moments clau de la propera Setmana Mundial ser\u00e0 l&#8217;aparici\u00f3 a l&#8217;escenari dels representats de la companyies. La majoria d&#8217;ells seran els CEO de les asseguradores presents en l&#8217;esdeveniment. Tenir als principals dirigents de les empreses del sector permet al p\u00fablic assistent descobrir una visi\u00f3 global i completa del mon assegurador, [&hellip;]<\/p>\n","protected":false},"author":2,"featured_media":0,"parent":0,"menu_order":0,"comment_status":"closed","ping_status":"closed","template":"","meta":{"footnotes":""},"class_list":["post-1615","page","type-page","status-publish","hentry"],"yoast_head":"<!-- This site is optimized with the Yoast SEO plugin v26.6 - https:\/\/yoast.com\/wordpress\/plugins\/seo\/ -->\n<title>El CEO respon - Semana Mundial 2025<\/title>\n<meta name=\"description\" content=\"En la Semana Mundial 2023, T\u00fa preguntas. Los colegiados podr\u00e1n participar formulando preguntas sobre la visi\u00f3n de las compa\u00f1\u00edas.\" \/>\n<meta name=\"robots\" content=\"index, follow, max-snippet:-1, max-image-preview:large, max-video-preview:-1\" \/>\n<link rel=\"canonical\" href=\"https:\/\/semanamundial.com\/ca\/el-ceo-respon\/\" \/>\n<meta property=\"og:locale\" content=\"ca_ES\" \/>\n<meta property=\"og:type\" content=\"article\" \/>\n<meta property=\"og:title\" content=\"El CEO respon - Semana Mundial 2025\" \/>\n<meta property=\"og:description\" content=\"En la Semana Mundial 2023, T\u00fa preguntas. Los colegiados podr\u00e1n participar formulando preguntas sobre la visi\u00f3n de las compa\u00f1\u00edas.\" \/>\n<meta property=\"og:url\" content=\"https:\/\/semanamundial.com\/ca\/el-ceo-respon\/\" \/>\n<meta property=\"og:site_name\" content=\"Semana Mundial 2025\" \/>\n<meta property=\"article:modified_time\" content=\"2024-07-17T14:22:25+00:00\" \/>\n<meta property=\"og:image\" content=\"https:\/\/semanamundial.com\/wp-content\/uploads\/elementor\/thumbs\/El-CEO-responde-1-qr8wmxxs0lw56b3vq2z6knjxw75eimy5u44cshuaow.png\" \/>\n<meta name=\"twitter:card\" content=\"summary_large_image\" \/>\n<meta name=\"twitter:label1\" content=\"Temps estimat de lectura\" \/>\n\t<meta name=\"twitter:data1\" content=\"1 minut\" \/>\n<script type=\"application\/ld+json\" class=\"yoast-schema-graph\">{\"@context\":\"https:\/\/schema.org\",\"@graph\":[{\"@type\":\"WebPage\",\"@id\":\"https:\/\/semanamundial.com\/ca\/el-ceo-respon\/\",\"url\":\"https:\/\/semanamundial.com\/ca\/el-ceo-respon\/\",\"name\":\"El CEO respon - Semana Mundial 2025\",\"isPartOf\":{\"@id\":\"https:\/\/semanamundial.com\/ca\/#website\"},\"primaryImageOfPage\":{\"@id\":\"https:\/\/semanamundial.com\/ca\/el-ceo-respon\/#primaryimage\"},\"image\":{\"@id\":\"https:\/\/semanamundial.com\/ca\/el-ceo-respon\/#primaryimage\"},\"thumbnailUrl\":\"https:\/\/semanamundial.com\/wp-content\/uploads\/elementor\/thumbs\/El-CEO-responde-1-qr8wmxxs0lw56b3vq2z6knjxw75eimy5u44cshuaow.png\",\"datePublished\":\"2024-07-08T14:46:55+00:00\",\"dateModified\":\"2024-07-17T14:22:25+00:00\",\"description\":\"En la Semana Mundial 2023, T\u00fa preguntas. Los colegiados podr\u00e1n participar formulando preguntas sobre la visi\u00f3n de las compa\u00f1\u00edas.\",\"breadcrumb\":{\"@id\":\"https:\/\/semanamundial.com\/ca\/el-ceo-respon\/#breadcrumb\"},\"inLanguage\":\"ca\",\"potentialAction\":[{\"@type\":\"ReadAction\",\"target\":[\"https:\/\/semanamundial.com\/ca\/el-ceo-respon\/\"]}]},{\"@type\":\"ImageObject\",\"inLanguage\":\"ca\",\"@id\":\"https:\/\/semanamundial.com\/ca\/el-ceo-respon\/#primaryimage\",\"url\":\"https:\/\/semanamundial.com\/wp-content\/uploads\/elementor\/thumbs\/El-CEO-responde-1-qr8wmxxs0lw56b3vq2z6knjxw75eimy5u44cshuaow.png\",\"contentUrl\":\"https:\/\/semanamundial.com\/wp-content\/uploads\/elementor\/thumbs\/El-CEO-responde-1-qr8wmxxs0lw56b3vq2z6knjxw75eimy5u44cshuaow.png\"},{\"@type\":\"BreadcrumbList\",\"@id\":\"https:\/\/semanamundial.com\/ca\/el-ceo-respon\/#breadcrumb\",\"itemListElement\":[{\"@type\":\"ListItem\",\"position\":1,\"name\":\"Portada\",\"item\":\"https:\/\/semanamundial.com\/ca\/\"},{\"@type\":\"ListItem\",\"position\":2,\"name\":\"El CEO respon\"}]},{\"@type\":\"WebSite\",\"@id\":\"https:\/\/semanamundial.com\/ca\/#website\",\"url\":\"https:\/\/semanamundial.com\/ca\/\",\"name\":\"Semana Mundial 2025\",\"description\":\"\",\"publisher\":{\"@id\":\"https:\/\/semanamundial.com\/ca\/#organization\"},\"potentialAction\":[{\"@type\":\"SearchAction\",\"target\":{\"@type\":\"EntryPoint\",\"urlTemplate\":\"https:\/\/semanamundial.com\/ca\/?s={search_term_string}\"},\"query-input\":{\"@type\":\"PropertyValueSpecification\",\"valueRequired\":true,\"valueName\":\"search_term_string\"}}],\"inLanguage\":\"ca\"},{\"@type\":\"Organization\",\"@id\":\"https:\/\/semanamundial.com\/ca\/#organization\",\"name\":\"Semana Mundial 2025\",\"url\":\"https:\/\/semanamundial.com\/ca\/\",\"logo\":{\"@type\":\"ImageObject\",\"inLanguage\":\"ca\",\"@id\":\"https:\/\/semanamundial.com\/ca\/#\/schema\/logo\/image\/\",\"url\":\"https:\/\/semanamundial.com\/wp-content\/uploads\/2025\/03\/LOGOS-SM24-CAT-05-e1743008465107.png\",\"contentUrl\":\"https:\/\/semanamundial.com\/wp-content\/uploads\/2025\/03\/LOGOS-SM24-CAT-05-e1743008465107.png\",\"width\":150,\"height\":102,\"caption\":\"Semana Mundial 2025\"},\"image\":{\"@id\":\"https:\/\/semanamundial.com\/ca\/#\/schema\/logo\/image\/\"}}]}<\/script>\n<!-- \/ Yoast SEO plugin. -->","yoast_head_json":{"title":"El CEO respon - Semana Mundial 2025","description":"En la Semana Mundial 2023, T\u00fa preguntas. Los colegiados podr\u00e1n participar formulando preguntas sobre la visi\u00f3n de las compa\u00f1\u00edas.","robots":{"index":"index","follow":"follow","max-snippet":"max-snippet:-1","max-image-preview":"max-image-preview:large","max-video-preview":"max-video-preview:-1"},"canonical":"https:\/\/semanamundial.com\/ca\/el-ceo-respon\/","og_locale":"ca_ES","og_type":"article","og_title":"El CEO respon - Semana Mundial 2025","og_description":"En la Semana Mundial 2023, T\u00fa preguntas. Los colegiados podr\u00e1n participar formulando preguntas sobre la visi\u00f3n de las compa\u00f1\u00edas.","og_url":"https:\/\/semanamundial.com\/ca\/el-ceo-respon\/","og_site_name":"Semana Mundial 2025","article_modified_time":"2024-07-17T14:22:25+00:00","og_image":[{"url":"https:\/\/semanamundial.com\/wp-content\/uploads\/elementor\/thumbs\/El-CEO-responde-1-qr8wmxxs0lw56b3vq2z6knjxw75eimy5u44cshuaow.png","type":"","width":"","height":""}],"twitter_card":"summary_large_image","twitter_misc":{"Temps estimat de lectura":"1 minut"},"schema":{"@context":"https:\/\/schema.org","@graph":[{"@type":"WebPage","@id":"https:\/\/semanamundial.com\/ca\/el-ceo-respon\/","url":"https:\/\/semanamundial.com\/ca\/el-ceo-respon\/","name":"El CEO respon - Semana Mundial 2025","isPartOf":{"@id":"https:\/\/semanamundial.com\/ca\/#website"},"primaryImageOfPage":{"@id":"https:\/\/semanamundial.com\/ca\/el-ceo-respon\/#primaryimage"},"image":{"@id":"https:\/\/semanamundial.com\/ca\/el-ceo-respon\/#primaryimage"},"thumbnailUrl":"https:\/\/semanamundial.com\/wp-content\/uploads\/elementor\/thumbs\/El-CEO-responde-1-qr8wmxxs0lw56b3vq2z6knjxw75eimy5u44cshuaow.png","datePublished":"2024-07-08T14:46:55+00:00","dateModified":"2024-07-17T14:22:25+00:00","description":"En la Semana Mundial 2023, T\u00fa preguntas. Los colegiados podr\u00e1n participar formulando preguntas sobre la visi\u00f3n de las compa\u00f1\u00edas.","breadcrumb":{"@id":"https:\/\/semanamundial.com\/ca\/el-ceo-respon\/#breadcrumb"},"inLanguage":"ca","potentialAction":[{"@type":"ReadAction","target":["https:\/\/semanamundial.com\/ca\/el-ceo-respon\/"]}]},{"@type":"ImageObject","inLanguage":"ca","@id":"https:\/\/semanamundial.com\/ca\/el-ceo-respon\/#primaryimage","url":"https:\/\/semanamundial.com\/wp-content\/uploads\/elementor\/thumbs\/El-CEO-responde-1-qr8wmxxs0lw56b3vq2z6knjxw75eimy5u44cshuaow.png","contentUrl":"https:\/\/semanamundial.com\/wp-content\/uploads\/elementor\/thumbs\/El-CEO-responde-1-qr8wmxxs0lw56b3vq2z6knjxw75eimy5u44cshuaow.png"},{"@type":"BreadcrumbList","@id":"https:\/\/semanamundial.com\/ca\/el-ceo-respon\/#breadcrumb","itemListElement":[{"@type":"ListItem","position":1,"name":"Portada","item":"https:\/\/semanamundial.com\/ca\/"},{"@type":"ListItem","position":2,"name":"El CEO respon"}]},{"@type":"WebSite","@id":"https:\/\/semanamundial.com\/ca\/#website","url":"https:\/\/semanamundial.com\/ca\/","name":"Semana Mundial 2025","description":"","publisher":{"@id":"https:\/\/semanamundial.com\/ca\/#organization"},"potentialAction":[{"@type":"SearchAction","target":{"@type":"EntryPoint","urlTemplate":"https:\/\/semanamundial.com\/ca\/?s={search_term_string}"},"query-input":{"@type":"PropertyValueSpecification","valueRequired":true,"valueName":"search_term_string"}}],"inLanguage":"ca"},{"@type":"Organization","@id":"https:\/\/semanamundial.com\/ca\/#organization","name":"Semana Mundial 2025","url":"https:\/\/semanamundial.com\/ca\/","logo":{"@type":"ImageObject","inLanguage":"ca","@id":"https:\/\/semanamundial.com\/ca\/#\/schema\/logo\/image\/","url":"https:\/\/semanamundial.com\/wp-content\/uploads\/2025\/03\/LOGOS-SM24-CAT-05-e1743008465107.png","contentUrl":"https:\/\/semanamundial.com\/wp-content\/uploads\/2025\/03\/LOGOS-SM24-CAT-05-e1743008465107.png","width":150,"height":102,"caption":"Semana Mundial 2025"},"image":{"@id":"https:\/\/semanamundial.com\/ca\/#\/schema\/logo\/image\/"}}]}},"_links":{"self":[{"href":"https:\/\/semanamundial.com\/ca\/wp-json\/wp\/v2\/pages\/1615","targetHints":{"allow":["GET"]}}],"collection":[{"href":"https:\/\/semanamundial.com\/ca\/wp-json\/wp\/v2\/pages"}],"about":[{"href":"https:\/\/semanamundial.com\/ca\/wp-json\/wp\/v2\/types\/page"}],"author":[{"embeddable":true,"href":"https:\/\/semanamundial.com\/ca\/wp-json\/wp\/v2\/users\/2"}],"replies":[{"embeddable":true,"href":"https:\/\/semanamundial.com\/ca\/wp-json\/wp\/v2\/comments?post=1615"}],"version-history":[{"count":7,"href":"https:\/\/semanamundial.com\/ca\/wp-json\/wp\/v2\/pages\/1615\/revisions"}],"predecessor-version":[{"id":1800,"href":"https:\/\/semanamundial.com\/ca\/wp-json\/wp\/v2\/pages\/1615\/revisions\/1800"}],"wp:attachment":[{"href":"https:\/\/semanamundial.com\/ca\/wp-json\/wp\/v2\/media?parent=1615"}],"curies":[{"name":"wp","href":"https:\/\/api.w.org\/{rel}","templated":true}]}}