{"id":1613,"date":"2024-07-08T16:26:51","date_gmt":"2024-07-08T14:26:51","guid":{"rendered":"https:\/\/semanamundial.com\/mirant-al-futur\/"},"modified":"2024-07-15T17:18:07","modified_gmt":"2024-07-15T15:18:07","slug":"mirant-al-futur","status":"publish","type":"page","link":"https:\/\/semanamundial.com\/ca\/mirant-al-futur\/","title":{"rendered":"Mirant al Futur"},"content":{"rendered":"\t\t<div data-elementor-type=\"wp-page\" data-elementor-id=\"1613\" class=\"elementor elementor-1613 elementor-1572\">\n\t\t\t\t\t\t<section class=\"elementor-section elementor-top-section elementor-element elementor-element-6d12fb5 elementor-section-boxed elementor-section-height-default elementor-section-height-default\" data-id=\"6d12fb5\" data-element_type=\"section\">\n\t\t\t\t\t\t<div class=\"elementor-container elementor-column-gap-default\">\n\t\t\t\t\t<div class=\"aux-parallax-section elementor-column elementor-col-100 elementor-top-column elementor-element elementor-element-1eb405f\" data-id=\"1eb405f\" data-element_type=\"column\">\n\t\t\t<div class=\"elementor-widget-wrap elementor-element-populated\">\n\t\t\t\t\t\t<div class=\"elementor-element elementor-element-ecddf0e elementor-widget elementor-widget-heading\" data-id=\"ecddf0e\" data-element_type=\"widget\" data-widget_type=\"heading.default\">\n\t\t\t\t<div class=\"elementor-widget-container\">\n\t\t\t\t\t<h1 class=\"elementor-heading-title elementor-size-default\">Mirant al futur<\/h1>\t\t\t\t<\/div>\n\t\t\t\t<\/div>\n\t\t\t\t\t<\/div>\n\t\t<\/div>\n\t\t\t\t\t<\/div>\n\t\t<\/section>\n\t\t\t\t<section class=\"elementor-section elementor-top-section elementor-element elementor-element-50a4736 elementor-section-boxed elementor-section-height-default elementor-section-height-default\" data-id=\"50a4736\" data-element_type=\"section\">\n\t\t\t\t\t\t<div class=\"elementor-container elementor-column-gap-default\">\n\t\t\t\t\t<div class=\"aux-parallax-section elementor-column elementor-col-100 elementor-top-column elementor-element elementor-element-4b5dba7\" data-id=\"4b5dba7\" data-element_type=\"column\">\n\t\t\t<div class=\"elementor-widget-wrap elementor-element-populated\">\n\t\t\t\t\t\t<div class=\"elementor-element elementor-element-1277c2f elementor-widget elementor-widget-image\" data-id=\"1277c2f\" data-element_type=\"widget\" data-widget_type=\"image.default\">\n\t\t\t\t<div class=\"elementor-widget-container\">\n\t\t\t\t\t\t\t\t\t\t\t\t\t\t\t<img fetchpriority=\"high\" decoding=\"async\" width=\"1580\" height=\"438\" src=\"https:\/\/semanamundial.com\/wp-content\/uploads\/2024\/07\/Mirando-al-futuro.png\" class=\"attachment-full size-full wp-image-1586\" alt=\"Mirando al futuro\" srcset=\"https:\/\/semanamundial.com\/wp-content\/uploads\/2024\/07\/Mirando-al-futuro.png 1580w, https:\/\/semanamundial.com\/wp-content\/uploads\/2024\/07\/Mirando-al-futuro-1536x426.png 1536w\" sizes=\"(max-width: 1580px) 100vw, 1580px\" \/>\t\t\t\t\t\t\t\t\t\t\t\t\t\t\t<\/div>\n\t\t\t\t<\/div>\n\t\t\t\t\t<\/div>\n\t\t<\/div>\n\t\t\t\t\t<\/div>\n\t\t<\/section>\n\t\t\t\t<section class=\"elementor-section elementor-top-section elementor-element elementor-element-583ec3d elementor-section-boxed elementor-section-height-default elementor-section-height-default\" data-id=\"583ec3d\" data-element_type=\"section\">\n\t\t\t\t\t\t<div class=\"elementor-container elementor-column-gap-default\">\n\t\t\t\t\t<div class=\"aux-parallax-section elementor-column elementor-col-100 elementor-top-column elementor-element elementor-element-250c14b\" data-id=\"250c14b\" data-element_type=\"column\">\n\t\t\t<div class=\"elementor-widget-wrap elementor-element-populated\">\n\t\t\t\t\t\t<div class=\"elementor-element elementor-element-3a07588 elementor-widget elementor-widget-text-editor\" data-id=\"3a07588\" data-element_type=\"widget\" data-widget_type=\"text-editor.default\">\n\t\t\t\t<div class=\"elementor-widget-container\">\n\t\t\t\t\t\t\t\t\t<p>L&#8217;edici\u00f3 2024 de la Setmana Mundial ser\u00e0 especial perqu\u00e8 compleix els cinquanta anys d&#8217;exist\u00e8ncia i perqu\u00e8 tindr\u00e0 un escenari especial: El Gran Teatre del Liceu, situat a les Rambles de Barcelona.<\/p><p>El proper 2 d&#8217;octubre, a partir de les 17 hores, es posar\u00e0 en marxa un esdeveniment que aquest any estar\u00e0 centrat en reflexionar sobre com ser\u00e0 el futur de la nostra societat i en tractar de desxifrar com evolucionar\u00e0 el mon de les assegurances. Analitzarem els efectes de les noves tecnologies o ens sorprendrem al descobrir eines que semblen de ci\u00e8ncia ficci\u00f3 i que a curt termini es convertiran en habituals en les nostres vides (cotxes sense conductor, cases intel\u00b7ligents que parlen roba que transmet informaci\u00f3&#8230;). Aquest exercici ens permetr\u00e0 predir i visualitzar els nostres h\u00e0bits quotidians. Com a contrapunt, veurem un r\u00e0pid resum del que ha passat en les primeres 49 setmanes mundials.<\/p><p>Us espero a tots per gaudir, un any m\u00e9s, de la Setmana Mundial i de la sort que compartim de gaudir de la millor professi\u00f3 del m\u00f3n. Reserveu la vostra pla\u00e7a en aquesta web.<\/p><p>Ens veiem el 2 d&#8217;octubre al Gran Teatre del Liceu<span style=\"color: var( --e-global-color-text ); font-family: var( --e-global-typography-text-font-family ), Sans-serif; font-weight: var( --e-global-typography-text-font-weight ); font-size: 16.0016px;\">.<\/span><\/p><p>Francesc Santasusana<\/p><p>President del Col\u00b7legi de Mediadors d\u2019Assegurances de Barcelona<\/p>\t\t\t\t\t\t\t\t<\/div>\n\t\t\t\t<\/div>\n\t\t\t\t\t<\/div>\n\t\t<\/div>\n\t\t\t\t\t<\/div>\n\t\t<\/section>\n\t\t\t\t<section class=\"elementor-section elementor-top-section elementor-element elementor-element-bb05710 elementor-section-boxed elementor-section-height-default elementor-section-height-default\" data-id=\"bb05710\" data-element_type=\"section\">\n\t\t\t\t\t\t<div class=\"elementor-container elementor-column-gap-default\">\n\t\t\t\t\t<div class=\"aux-parallax-section elementor-column elementor-col-100 elementor-top-column elementor-element elementor-element-7c19e1c\" data-id=\"7c19e1c\" data-element_type=\"column\">\n\t\t\t<div class=\"elementor-widget-wrap elementor-element-populated\">\n\t\t\t\t\t\t<div class=\"elementor-element elementor-element-114cc08 elementor-widget elementor-widget-image\" data-id=\"114cc08\" data-element_type=\"widget\" data-widget_type=\"image.default\">\n\t\t\t\t<div class=\"elementor-widget-container\">\n\t\t\t\t\t\t\t\t\t\t\t\t\t\t\t<img decoding=\"async\" src=\"https:\/\/semanamundial.com\/wp-content\/uploads\/elementor\/thumbs\/signatura_santasusana-pcpj755l2vfw2amqwtot4lezbn0y0ypd8okhbjf1t4.jpg\" title=\"signatura_santasusana\" alt=\"signatura_santasusana\" loading=\"lazy\" \/>\t\t\t\t\t\t\t\t\t\t\t\t\t\t\t<\/div>\n\t\t\t\t<\/div>\n\t\t\t\t\t<\/div>\n\t\t<\/div>\n\t\t\t\t\t<\/div>\n\t\t<\/section>\n\t\t\t\t<\/div>\n\t\t","protected":false},"excerpt":{"rendered":"<p>Mirant al futur L&#8217;edici\u00f3 2024 de la Setmana Mundial ser\u00e0 especial perqu\u00e8 compleix els cinquanta anys d&#8217;exist\u00e8ncia i perqu\u00e8 tindr\u00e0 un escenari especial: El Gran Teatre del Liceu, situat a les Rambles de Barcelona. El proper 2 d&#8217;octubre, a partir de les 17 hores, es posar\u00e0 en marxa un esdeveniment que aquest any estar\u00e0 centrat [&hellip;]<\/p>\n","protected":false},"author":2,"featured_media":1586,"parent":0,"menu_order":0,"comment_status":"closed","ping_status":"closed","template":"","meta":{"footnotes":""},"class_list":["post-1613","page","type-page","status-publish","has-post-thumbnail","hentry"],"yoast_head":"<!-- This site is optimized with the Yoast SEO plugin v26.6 - https:\/\/yoast.com\/wordpress\/plugins\/seo\/ -->\n<title>Mirant al Futur - Semana Mundial 2025<\/title>\n<meta name=\"robots\" content=\"index, follow, max-snippet:-1, max-image-preview:large, max-video-preview:-1\" \/>\n<link rel=\"canonical\" href=\"https:\/\/semanamundial.com\/ca\/mirant-al-futur\/\" \/>\n<meta property=\"og:locale\" content=\"ca_ES\" \/>\n<meta property=\"og:type\" content=\"article\" \/>\n<meta property=\"og:title\" content=\"Mirant al Futur - Semana Mundial 2025\" \/>\n<meta property=\"og:description\" content=\"Mirant al futur L&#8217;edici\u00f3 2024 de la Setmana Mundial ser\u00e0 especial perqu\u00e8 compleix els cinquanta anys d&#8217;exist\u00e8ncia i perqu\u00e8 tindr\u00e0 un escenari especial: El Gran Teatre del Liceu, situat a les Rambles de Barcelona. El proper 2 d&#8217;octubre, a partir de les 17 hores, es posar\u00e0 en marxa un esdeveniment que aquest any estar\u00e0 centrat [&hellip;]\" \/>\n<meta property=\"og:url\" content=\"https:\/\/semanamundial.com\/ca\/mirant-al-futur\/\" \/>\n<meta property=\"og:site_name\" content=\"Semana Mundial 2025\" \/>\n<meta property=\"article:modified_time\" content=\"2024-07-15T15:18:07+00:00\" \/>\n<meta property=\"og:image\" content=\"https:\/\/semanamundial.com\/wp-content\/uploads\/2024\/07\/Mirando-al-futuro.png\" \/>\n\t<meta property=\"og:image:width\" content=\"1580\" \/>\n\t<meta property=\"og:image:height\" content=\"438\" \/>\n\t<meta property=\"og:image:type\" content=\"image\/png\" \/>\n<meta name=\"twitter:card\" content=\"summary_large_image\" \/>\n<meta name=\"twitter:label1\" content=\"Temps estimat de lectura\" \/>\n\t<meta name=\"twitter:data1\" content=\"2 minuts\" \/>\n<script type=\"application\/ld+json\" class=\"yoast-schema-graph\">{\"@context\":\"https:\/\/schema.org\",\"@graph\":[{\"@type\":\"WebPage\",\"@id\":\"https:\/\/semanamundial.com\/ca\/mirant-al-futur\/\",\"url\":\"https:\/\/semanamundial.com\/ca\/mirant-al-futur\/\",\"name\":\"Mirant al Futur - Semana Mundial 2025\",\"isPartOf\":{\"@id\":\"https:\/\/semanamundial.com\/ca\/#website\"},\"primaryImageOfPage\":{\"@id\":\"https:\/\/semanamundial.com\/ca\/mirant-al-futur\/#primaryimage\"},\"image\":{\"@id\":\"https:\/\/semanamundial.com\/ca\/mirant-al-futur\/#primaryimage\"},\"thumbnailUrl\":\"https:\/\/semanamundial.com\/wp-content\/uploads\/2024\/07\/Mirando-al-futuro.png\",\"datePublished\":\"2024-07-08T14:26:51+00:00\",\"dateModified\":\"2024-07-15T15:18:07+00:00\",\"breadcrumb\":{\"@id\":\"https:\/\/semanamundial.com\/ca\/mirant-al-futur\/#breadcrumb\"},\"inLanguage\":\"ca\",\"potentialAction\":[{\"@type\":\"ReadAction\",\"target\":[\"https:\/\/semanamundial.com\/ca\/mirant-al-futur\/\"]}]},{\"@type\":\"ImageObject\",\"inLanguage\":\"ca\",\"@id\":\"https:\/\/semanamundial.com\/ca\/mirant-al-futur\/#primaryimage\",\"url\":\"https:\/\/semanamundial.com\/wp-content\/uploads\/2024\/07\/Mirando-al-futuro.png\",\"contentUrl\":\"https:\/\/semanamundial.com\/wp-content\/uploads\/2024\/07\/Mirando-al-futuro.png\",\"width\":1580,\"height\":438,\"caption\":\"Mirando al futuro\"},{\"@type\":\"BreadcrumbList\",\"@id\":\"https:\/\/semanamundial.com\/ca\/mirant-al-futur\/#breadcrumb\",\"itemListElement\":[{\"@type\":\"ListItem\",\"position\":1,\"name\":\"Portada\",\"item\":\"https:\/\/semanamundial.com\/ca\/\"},{\"@type\":\"ListItem\",\"position\":2,\"name\":\"Mirant al Futur\"}]},{\"@type\":\"WebSite\",\"@id\":\"https:\/\/semanamundial.com\/ca\/#website\",\"url\":\"https:\/\/semanamundial.com\/ca\/\",\"name\":\"Semana Mundial 2025\",\"description\":\"\",\"publisher\":{\"@id\":\"https:\/\/semanamundial.com\/ca\/#organization\"},\"potentialAction\":[{\"@type\":\"SearchAction\",\"target\":{\"@type\":\"EntryPoint\",\"urlTemplate\":\"https:\/\/semanamundial.com\/ca\/?s={search_term_string}\"},\"query-input\":{\"@type\":\"PropertyValueSpecification\",\"valueRequired\":true,\"valueName\":\"search_term_string\"}}],\"inLanguage\":\"ca\"},{\"@type\":\"Organization\",\"@id\":\"https:\/\/semanamundial.com\/ca\/#organization\",\"name\":\"Semana Mundial 2025\",\"url\":\"https:\/\/semanamundial.com\/ca\/\",\"logo\":{\"@type\":\"ImageObject\",\"inLanguage\":\"ca\",\"@id\":\"https:\/\/semanamundial.com\/ca\/#\/schema\/logo\/image\/\",\"url\":\"https:\/\/semanamundial.com\/wp-content\/uploads\/2025\/03\/LOGOS-SM24-CAT-05-e1743008465107.png\",\"contentUrl\":\"https:\/\/semanamundial.com\/wp-content\/uploads\/2025\/03\/LOGOS-SM24-CAT-05-e1743008465107.png\",\"width\":150,\"height\":102,\"caption\":\"Semana Mundial 2025\"},\"image\":{\"@id\":\"https:\/\/semanamundial.com\/ca\/#\/schema\/logo\/image\/\"}}]}<\/script>\n<!-- \/ Yoast SEO plugin. -->","yoast_head_json":{"title":"Mirant al Futur - Semana Mundial 2025","robots":{"index":"index","follow":"follow","max-snippet":"max-snippet:-1","max-image-preview":"max-image-preview:large","max-video-preview":"max-video-preview:-1"},"canonical":"https:\/\/semanamundial.com\/ca\/mirant-al-futur\/","og_locale":"ca_ES","og_type":"article","og_title":"Mirant al Futur - Semana Mundial 2025","og_description":"Mirant al futur L&#8217;edici\u00f3 2024 de la Setmana Mundial ser\u00e0 especial perqu\u00e8 compleix els cinquanta anys d&#8217;exist\u00e8ncia i perqu\u00e8 tindr\u00e0 un escenari especial: El Gran Teatre del Liceu, situat a les Rambles de Barcelona. El proper 2 d&#8217;octubre, a partir de les 17 hores, es posar\u00e0 en marxa un esdeveniment que aquest any estar\u00e0 centrat [&hellip;]","og_url":"https:\/\/semanamundial.com\/ca\/mirant-al-futur\/","og_site_name":"Semana Mundial 2025","article_modified_time":"2024-07-15T15:18:07+00:00","og_image":[{"width":1580,"height":438,"url":"https:\/\/semanamundial.com\/wp-content\/uploads\/2024\/07\/Mirando-al-futuro.png","type":"image\/png"}],"twitter_card":"summary_large_image","twitter_misc":{"Temps estimat de lectura":"2 minuts"},"schema":{"@context":"https:\/\/schema.org","@graph":[{"@type":"WebPage","@id":"https:\/\/semanamundial.com\/ca\/mirant-al-futur\/","url":"https:\/\/semanamundial.com\/ca\/mirant-al-futur\/","name":"Mirant al Futur - Semana Mundial 2025","isPartOf":{"@id":"https:\/\/semanamundial.com\/ca\/#website"},"primaryImageOfPage":{"@id":"https:\/\/semanamundial.com\/ca\/mirant-al-futur\/#primaryimage"},"image":{"@id":"https:\/\/semanamundial.com\/ca\/mirant-al-futur\/#primaryimage"},"thumbnailUrl":"https:\/\/semanamundial.com\/wp-content\/uploads\/2024\/07\/Mirando-al-futuro.png","datePublished":"2024-07-08T14:26:51+00:00","dateModified":"2024-07-15T15:18:07+00:00","breadcrumb":{"@id":"https:\/\/semanamundial.com\/ca\/mirant-al-futur\/#breadcrumb"},"inLanguage":"ca","potentialAction":[{"@type":"ReadAction","target":["https:\/\/semanamundial.com\/ca\/mirant-al-futur\/"]}]},{"@type":"ImageObject","inLanguage":"ca","@id":"https:\/\/semanamundial.com\/ca\/mirant-al-futur\/#primaryimage","url":"https:\/\/semanamundial.com\/wp-content\/uploads\/2024\/07\/Mirando-al-futuro.png","contentUrl":"https:\/\/semanamundial.com\/wp-content\/uploads\/2024\/07\/Mirando-al-futuro.png","width":1580,"height":438,"caption":"Mirando al futuro"},{"@type":"BreadcrumbList","@id":"https:\/\/semanamundial.com\/ca\/mirant-al-futur\/#breadcrumb","itemListElement":[{"@type":"ListItem","position":1,"name":"Portada","item":"https:\/\/semanamundial.com\/ca\/"},{"@type":"ListItem","position":2,"name":"Mirant al Futur"}]},{"@type":"WebSite","@id":"https:\/\/semanamundial.com\/ca\/#website","url":"https:\/\/semanamundial.com\/ca\/","name":"Semana Mundial 2025","description":"","publisher":{"@id":"https:\/\/semanamundial.com\/ca\/#organization"},"potentialAction":[{"@type":"SearchAction","target":{"@type":"EntryPoint","urlTemplate":"https:\/\/semanamundial.com\/ca\/?s={search_term_string}"},"query-input":{"@type":"PropertyValueSpecification","valueRequired":true,"valueName":"search_term_string"}}],"inLanguage":"ca"},{"@type":"Organization","@id":"https:\/\/semanamundial.com\/ca\/#organization","name":"Semana Mundial 2025","url":"https:\/\/semanamundial.com\/ca\/","logo":{"@type":"ImageObject","inLanguage":"ca","@id":"https:\/\/semanamundial.com\/ca\/#\/schema\/logo\/image\/","url":"https:\/\/semanamundial.com\/wp-content\/uploads\/2025\/03\/LOGOS-SM24-CAT-05-e1743008465107.png","contentUrl":"https:\/\/semanamundial.com\/wp-content\/uploads\/2025\/03\/LOGOS-SM24-CAT-05-e1743008465107.png","width":150,"height":102,"caption":"Semana Mundial 2025"},"image":{"@id":"https:\/\/semanamundial.com\/ca\/#\/schema\/logo\/image\/"}}]}},"_links":{"self":[{"href":"https:\/\/semanamundial.com\/ca\/wp-json\/wp\/v2\/pages\/1613","targetHints":{"allow":["GET"]}}],"collection":[{"href":"https:\/\/semanamundial.com\/ca\/wp-json\/wp\/v2\/pages"}],"about":[{"href":"https:\/\/semanamundial.com\/ca\/wp-json\/wp\/v2\/types\/page"}],"author":[{"embeddable":true,"href":"https:\/\/semanamundial.com\/ca\/wp-json\/wp\/v2\/users\/2"}],"replies":[{"embeddable":true,"href":"https:\/\/semanamundial.com\/ca\/wp-json\/wp\/v2\/comments?post=1613"}],"version-history":[{"count":3,"href":"https:\/\/semanamundial.com\/ca\/wp-json\/wp\/v2\/pages\/1613\/revisions"}],"predecessor-version":[{"id":1698,"href":"https:\/\/semanamundial.com\/ca\/wp-json\/wp\/v2\/pages\/1613\/revisions\/1698"}],"wp:featuredmedia":[{"embeddable":true,"href":"https:\/\/semanamundial.com\/ca\/wp-json\/wp\/v2\/media\/1586"}],"wp:attachment":[{"href":"https:\/\/semanamundial.com\/ca\/wp-json\/wp\/v2\/media?parent=1613"}],"curies":[{"name":"wp","href":"https:\/\/api.w.org\/{rel}","templated":true}]}}