{"id":137,"date":"2021-09-06T08:27:45","date_gmt":"2021-09-06T08:27:45","guid":{"rendered":"https:\/\/semanamundial.com\/el-joc-de-lasseguranca\/"},"modified":"2021-10-11T12:36:54","modified_gmt":"2021-10-11T12:36:54","slug":"el-joc-de-lasseguranca","status":"publish","type":"page","link":"https:\/\/semanamundial.com\/ca\/el-joc-de-lasseguranca\/","title":{"rendered":"El Joc de l&#8217;Asseguran\u00e7a"},"content":{"rendered":"\t\t<div data-elementor-type=\"wp-page\" data-elementor-id=\"137\" class=\"elementor elementor-137 elementor-56\">\n\t\t\t\t\t\t<section class=\"elementor-section elementor-top-section elementor-element elementor-element-5796ea8 elementor-section-boxed elementor-section-height-default elementor-section-height-default\" data-id=\"5796ea8\" data-element_type=\"section\">\n\t\t\t\t\t\t<div class=\"elementor-container elementor-column-gap-default\">\n\t\t\t\t\t<div class=\"aux-parallax-section elementor-column elementor-col-100 elementor-top-column elementor-element elementor-element-b19c556\" data-id=\"b19c556\" data-element_type=\"column\">\n\t\t\t<div class=\"elementor-widget-wrap elementor-element-populated\">\n\t\t\t\t\t\t<div class=\"elementor-element elementor-element-69ba571 elementor-widget elementor-widget-heading\" data-id=\"69ba571\" data-element_type=\"widget\" data-widget_type=\"heading.default\">\n\t\t\t\t<div class=\"elementor-widget-container\">\n\t\t\t\t\t<h1 class=\"elementor-heading-title elementor-size-default\">El Joc de l'Asseguran\u00e7a<\/h1>\t\t\t\t<\/div>\n\t\t\t\t<\/div>\n\t\t\t\t\t<\/div>\n\t\t<\/div>\n\t\t\t\t\t<\/div>\n\t\t<\/section>\n\t\t\t\t<section class=\"elementor-section elementor-top-section elementor-element elementor-element-7d1c5d8 elementor-section-boxed elementor-section-height-default elementor-section-height-default\" data-id=\"7d1c5d8\" data-element_type=\"section\">\n\t\t\t\t\t\t<div class=\"elementor-container elementor-column-gap-default\">\n\t\t\t\t\t<div class=\"aux-parallax-section elementor-column elementor-col-100 elementor-top-column elementor-element elementor-element-ec50e5a\" data-id=\"ec50e5a\" data-element_type=\"column\">\n\t\t\t<div class=\"elementor-widget-wrap elementor-element-populated\">\n\t\t\t\t\t\t<div class=\"elementor-element elementor-element-465751a elementor-widget elementor-widget-image\" data-id=\"465751a\" data-element_type=\"widget\" data-widget_type=\"image.default\">\n\t\t\t\t<div class=\"elementor-widget-container\">\n\t\t\t\t\t\t\t\t\t\t\t\t\t\t\t<img decoding=\"async\" src=\"https:\/\/semanamundial.com\/wp-content\/uploads\/elementor\/thumbs\/Juegodelseguro-pckictc8vzq2nocwxc739bzko35b2evkixom1z5ew0.png\" title=\"Juegodelseguro\" alt=\"Juegodelseguro\" loading=\"lazy\" \/>\t\t\t\t\t\t\t\t\t\t\t\t\t\t\t<\/div>\n\t\t\t\t<\/div>\n\t\t\t\t\t<\/div>\n\t\t<\/div>\n\t\t\t\t\t<\/div>\n\t\t<\/section>\n\t\t\t\t<section class=\"elementor-section elementor-top-section elementor-element elementor-element-5e6dbc4 elementor-section-boxed elementor-section-height-default elementor-section-height-default\" data-id=\"5e6dbc4\" data-element_type=\"section\">\n\t\t\t\t\t\t<div class=\"elementor-container elementor-column-gap-default\">\n\t\t\t\t\t<div class=\"aux-parallax-section elementor-column elementor-col-100 elementor-top-column elementor-element elementor-element-ec8b698\" data-id=\"ec8b698\" data-element_type=\"column\">\n\t\t\t<div class=\"elementor-widget-wrap elementor-element-populated\">\n\t\t\t\t\t\t<div class=\"elementor-element elementor-element-cc03e2f elementor-widget elementor-widget-text-editor\" data-id=\"cc03e2f\" data-element_type=\"widget\" data-widget_type=\"text-editor.default\">\n\t\t\t\t<div class=\"elementor-widget-container\">\n\t\t\t\t\t\t\t\t\t<p><strong>Torna \u2018El Joc de l&#8217;Asseguran\u00e7a&#8221; amb noves preguntes i m\u00e9s premis!<\/strong><\/p><p>Tot est\u00e0 a punt per a que a les portes de la Setmana Mundial s&#8217;inici la segona edici\u00f3 de &#8220;El Joc de l&#8217;Asseguran\u00e7a&#8221;, un repte de preguntes i respostes en les que es posaran a probes els teus coneixements de la industria asseguradora. L&#8217;any passat bora un millar de participants van competir durant diverses partides per el premi al guanyador. Per\u00f2, sobre tot, va generar un entreteniment i una sana compet\u00e8ncia entre companys per veure qui aconseguia una millor puntuaci\u00f3.<\/p><p>Aquest any, &#8220;El Joc de l&#8217;Asseguran\u00e7a&#8221; torna amb una prposta diferenciada que la fa guanyar en expectaci\u00f3 i tamb\u00e9 en emoci\u00f3. Aumenten els premis i es disputaran quatre partides, per\u00f2 amb m\u00e9s preguntes en cada una.<\/p><p>T&#8217;expliquem tots els detalls a continuaci\u00f3, pas a pas:<\/p><p><strong>Quan comen\u00e7a la primera partida?<\/strong><\/p><p>La primera partica d&#8217;iniciar\u00e0 a les 8:00h. del proper dimecres 13 d&#8217;octubre. Les seg\u00a8\u00a8uents partides s&#8217;iniciran tamb\u00e9 a les 8:00h. del dijous 14, del divendres 15 i el dilluns 18 d&#8217;octubre. La puntuaci\u00f3 assolida en aquesta \u00faltima partida valdr\u00e0 el doble. El joc es tanca a les 24:00h. del dilluns 18 d&#8217;octubre.<\/p><p><strong>C\u00f3m pots participar?<\/strong><\/p><p>Accedint al web <a href=\"http:\/\/www.mediariotv.com\">www.mediario.tv<\/a> els dies en els que hi hagi partida. Hauras d&#8217;enregistrar-te sempre amb el mateix correu electr\u00f2nic a cada partida per a que els punts obtinguts es sumin correctament de cara a la classificaci\u00f3 general acumulada. En el registre et solicitarem les teves dades personals b\u00e0siques, a mes d&#8217;un correu electr\u00f2nic i un tel\u00e8fon de contacte per poder locarlitzar-te si han assolit alguns dels premis.<\/p><p><strong>Quina \u00e9s la mec\u00e0nica del joc?<\/strong><\/p><p>Pots participar nom\u00e9s una vegada per cada partida. En totes es formulen 25 preguntes i has d&#8217;escollir entre tres possibles respostes de les que nom\u00e9s una \u00e9s correcta. Sumen els encerts, per\u00f2 tamb\u00e9 has de tenir en compte el temps que trigues en respondre, ja que es penalitzen al m\u00e9s lents. Recorda que nom\u00e9s pots participar una vegada en cada partida i que deixes la partida sense finalitzar sumar\u00e0s els punts que hagis aconseguit fins a aquest moment per\u00f2 no podr\u00e0s completar les altres preguntes pendents.<\/p><p><strong>C\u00f3m es guanyen els premis?<\/strong><\/p><p>Els punts obtinguts en cada partida es sumen en la classificaci\u00f3 general i determinen qui guanyar\u00e0 la II edici\u00f3 de &#8220;El Joc de l&#8217;Asseguran\u00e7a&#8221;. Els noms des tres primers classificats es donaran a con\u00e8ixer en l&#8217;acte presencial de la Setmana Mundial 2021. El premi per el guanyador ser\u00e0 un ordinador d&#8217;\u00faltima generaci\u00f3; el segon classificat, un smartwatch Samsung Galaxy, y el tercer, un altaveu intel\u00b7ligent Echo Dot con Alexa.<\/p><p><strong>Puc inscriure&#8217;m ja?<\/strong><\/p><p>No. Has d&#8217;esperar a que arranqui la primera partida. I haur\u00e0s d&#8217;inscriure&#8217;t a cada partida (sempre amb les mateixes dades).<\/p>\t\t\t\t\t\t\t\t<\/div>\n\t\t\t\t<\/div>\n\t\t\t\t\t<\/div>\n\t\t<\/div>\n\t\t\t\t\t<\/div>\n\t\t<\/section>\n\t\t\t\t<\/div>\n\t\t","protected":false},"excerpt":{"rendered":"<p>El Joc de l&#8217;Asseguran\u00e7a Torna \u2018El Joc de l&#8217;Asseguran\u00e7a&#8221; amb noves preguntes i m\u00e9s premis! Tot est\u00e0 a punt per a que a les portes de la Setmana Mundial s&#8217;inici la segona edici\u00f3 de &#8220;El Joc de l&#8217;Asseguran\u00e7a&#8221;, un repte de preguntes i respostes en les que es posaran a probes els teus coneixements de [&hellip;]<\/p>\n","protected":false},"author":1,"featured_media":0,"parent":0,"menu_order":0,"comment_status":"closed","ping_status":"closed","template":"","meta":{"footnotes":""},"class_list":["post-137","page","type-page","status-publish","hentry"],"yoast_head":"<!-- This site is optimized with the Yoast SEO plugin v26.6 - https:\/\/yoast.com\/wordpress\/plugins\/seo\/ -->\n<title>El Joc de l&#039;Asseguran\u00e7a - Semana Mundial 2025<\/title>\n<meta name=\"robots\" content=\"index, follow, max-snippet:-1, max-image-preview:large, max-video-preview:-1\" \/>\n<link rel=\"canonical\" href=\"https:\/\/semanamundial.com\/ca\/el-joc-de-lasseguranca\/\" \/>\n<meta property=\"og:locale\" content=\"ca_ES\" \/>\n<meta property=\"og:type\" content=\"article\" \/>\n<meta property=\"og:title\" content=\"El Joc de l&#039;Asseguran\u00e7a - Semana Mundial 2025\" \/>\n<meta property=\"og:description\" content=\"El Joc de l&#8217;Asseguran\u00e7a Torna \u2018El Joc de l&#8217;Asseguran\u00e7a&#8221; amb noves preguntes i m\u00e9s premis! Tot est\u00e0 a punt per a que a les portes de la Setmana Mundial s&#8217;inici la segona edici\u00f3 de &#8220;El Joc de l&#8217;Asseguran\u00e7a&#8221;, un repte de preguntes i respostes en les que es posaran a probes els teus coneixements de [&hellip;]\" \/>\n<meta property=\"og:url\" content=\"https:\/\/semanamundial.com\/ca\/el-joc-de-lasseguranca\/\" \/>\n<meta property=\"og:site_name\" content=\"Semana Mundial 2025\" \/>\n<meta property=\"article:modified_time\" content=\"2021-10-11T12:36:54+00:00\" \/>\n<meta property=\"og:image\" content=\"https:\/\/semanamundial.com\/wp-content\/uploads\/elementor\/thumbs\/Juegodelseguro-pckicua32trczabjrulpttr19h0oa3zav2c3j940ps.png\" \/>\n<meta name=\"twitter:card\" content=\"summary_large_image\" \/>\n<meta name=\"twitter:label1\" content=\"Temps estimat de lectura\" \/>\n\t<meta name=\"twitter:data1\" content=\"2 minuts\" \/>\n<script type=\"application\/ld+json\" class=\"yoast-schema-graph\">{\"@context\":\"https:\/\/schema.org\",\"@graph\":[{\"@type\":\"WebPage\",\"@id\":\"https:\/\/semanamundial.com\/ca\/el-joc-de-lasseguranca\/\",\"url\":\"https:\/\/semanamundial.com\/ca\/el-joc-de-lasseguranca\/\",\"name\":\"El Joc de l'Asseguran\u00e7a - Semana Mundial 2025\",\"isPartOf\":{\"@id\":\"https:\/\/semanamundial.com\/ca\/#website\"},\"primaryImageOfPage\":{\"@id\":\"https:\/\/semanamundial.com\/ca\/el-joc-de-lasseguranca\/#primaryimage\"},\"image\":{\"@id\":\"https:\/\/semanamundial.com\/ca\/el-joc-de-lasseguranca\/#primaryimage\"},\"thumbnailUrl\":\"https:\/\/semanamundial.com\/wp-content\/uploads\/elementor\/thumbs\/Juegodelseguro-pckicua32trczabjrulpttr19h0oa3zav2c3j940ps.png\",\"datePublished\":\"2021-09-06T08:27:45+00:00\",\"dateModified\":\"2021-10-11T12:36:54+00:00\",\"breadcrumb\":{\"@id\":\"https:\/\/semanamundial.com\/ca\/el-joc-de-lasseguranca\/#breadcrumb\"},\"inLanguage\":\"ca\",\"potentialAction\":[{\"@type\":\"ReadAction\",\"target\":[\"https:\/\/semanamundial.com\/ca\/el-joc-de-lasseguranca\/\"]}]},{\"@type\":\"ImageObject\",\"inLanguage\":\"ca\",\"@id\":\"https:\/\/semanamundial.com\/ca\/el-joc-de-lasseguranca\/#primaryimage\",\"url\":\"https:\/\/semanamundial.com\/wp-content\/uploads\/elementor\/thumbs\/Juegodelseguro-pckicua32trczabjrulpttr19h0oa3zav2c3j940ps.png\",\"contentUrl\":\"https:\/\/semanamundial.com\/wp-content\/uploads\/elementor\/thumbs\/Juegodelseguro-pckicua32trczabjrulpttr19h0oa3zav2c3j940ps.png\"},{\"@type\":\"BreadcrumbList\",\"@id\":\"https:\/\/semanamundial.com\/ca\/el-joc-de-lasseguranca\/#breadcrumb\",\"itemListElement\":[{\"@type\":\"ListItem\",\"position\":1,\"name\":\"Portada\",\"item\":\"https:\/\/semanamundial.com\/ca\/\"},{\"@type\":\"ListItem\",\"position\":2,\"name\":\"El Joc de l&#8217;Asseguran\u00e7a\"}]},{\"@type\":\"WebSite\",\"@id\":\"https:\/\/semanamundial.com\/ca\/#website\",\"url\":\"https:\/\/semanamundial.com\/ca\/\",\"name\":\"Semana Mundial 2025\",\"description\":\"\",\"publisher\":{\"@id\":\"https:\/\/semanamundial.com\/ca\/#organization\"},\"potentialAction\":[{\"@type\":\"SearchAction\",\"target\":{\"@type\":\"EntryPoint\",\"urlTemplate\":\"https:\/\/semanamundial.com\/ca\/?s={search_term_string}\"},\"query-input\":{\"@type\":\"PropertyValueSpecification\",\"valueRequired\":true,\"valueName\":\"search_term_string\"}}],\"inLanguage\":\"ca\"},{\"@type\":\"Organization\",\"@id\":\"https:\/\/semanamundial.com\/ca\/#organization\",\"name\":\"Semana Mundial 2025\",\"url\":\"https:\/\/semanamundial.com\/ca\/\",\"logo\":{\"@type\":\"ImageObject\",\"inLanguage\":\"ca\",\"@id\":\"https:\/\/semanamundial.com\/ca\/#\/schema\/logo\/image\/\",\"url\":\"https:\/\/semanamundial.com\/wp-content\/uploads\/2025\/03\/LOGOS-SM24-CAT-05-e1743008465107.png\",\"contentUrl\":\"https:\/\/semanamundial.com\/wp-content\/uploads\/2025\/03\/LOGOS-SM24-CAT-05-e1743008465107.png\",\"width\":150,\"height\":102,\"caption\":\"Semana Mundial 2025\"},\"image\":{\"@id\":\"https:\/\/semanamundial.com\/ca\/#\/schema\/logo\/image\/\"}}]}<\/script>\n<!-- \/ Yoast SEO plugin. -->","yoast_head_json":{"title":"El Joc de l'Asseguran\u00e7a - Semana Mundial 2025","robots":{"index":"index","follow":"follow","max-snippet":"max-snippet:-1","max-image-preview":"max-image-preview:large","max-video-preview":"max-video-preview:-1"},"canonical":"https:\/\/semanamundial.com\/ca\/el-joc-de-lasseguranca\/","og_locale":"ca_ES","og_type":"article","og_title":"El Joc de l'Asseguran\u00e7a - Semana Mundial 2025","og_description":"El Joc de l&#8217;Asseguran\u00e7a Torna \u2018El Joc de l&#8217;Asseguran\u00e7a&#8221; amb noves preguntes i m\u00e9s premis! Tot est\u00e0 a punt per a que a les portes de la Setmana Mundial s&#8217;inici la segona edici\u00f3 de &#8220;El Joc de l&#8217;Asseguran\u00e7a&#8221;, un repte de preguntes i respostes en les que es posaran a probes els teus coneixements de [&hellip;]","og_url":"https:\/\/semanamundial.com\/ca\/el-joc-de-lasseguranca\/","og_site_name":"Semana Mundial 2025","article_modified_time":"2021-10-11T12:36:54+00:00","og_image":[{"url":"https:\/\/semanamundial.com\/wp-content\/uploads\/elementor\/thumbs\/Juegodelseguro-pckicua32trczabjrulpttr19h0oa3zav2c3j940ps.png","type":"","width":"","height":""}],"twitter_card":"summary_large_image","twitter_misc":{"Temps estimat de lectura":"2 minuts"},"schema":{"@context":"https:\/\/schema.org","@graph":[{"@type":"WebPage","@id":"https:\/\/semanamundial.com\/ca\/el-joc-de-lasseguranca\/","url":"https:\/\/semanamundial.com\/ca\/el-joc-de-lasseguranca\/","name":"El Joc de l'Asseguran\u00e7a - Semana Mundial 2025","isPartOf":{"@id":"https:\/\/semanamundial.com\/ca\/#website"},"primaryImageOfPage":{"@id":"https:\/\/semanamundial.com\/ca\/el-joc-de-lasseguranca\/#primaryimage"},"image":{"@id":"https:\/\/semanamundial.com\/ca\/el-joc-de-lasseguranca\/#primaryimage"},"thumbnailUrl":"https:\/\/semanamundial.com\/wp-content\/uploads\/elementor\/thumbs\/Juegodelseguro-pckicua32trczabjrulpttr19h0oa3zav2c3j940ps.png","datePublished":"2021-09-06T08:27:45+00:00","dateModified":"2021-10-11T12:36:54+00:00","breadcrumb":{"@id":"https:\/\/semanamundial.com\/ca\/el-joc-de-lasseguranca\/#breadcrumb"},"inLanguage":"ca","potentialAction":[{"@type":"ReadAction","target":["https:\/\/semanamundial.com\/ca\/el-joc-de-lasseguranca\/"]}]},{"@type":"ImageObject","inLanguage":"ca","@id":"https:\/\/semanamundial.com\/ca\/el-joc-de-lasseguranca\/#primaryimage","url":"https:\/\/semanamundial.com\/wp-content\/uploads\/elementor\/thumbs\/Juegodelseguro-pckicua32trczabjrulpttr19h0oa3zav2c3j940ps.png","contentUrl":"https:\/\/semanamundial.com\/wp-content\/uploads\/elementor\/thumbs\/Juegodelseguro-pckicua32trczabjrulpttr19h0oa3zav2c3j940ps.png"},{"@type":"BreadcrumbList","@id":"https:\/\/semanamundial.com\/ca\/el-joc-de-lasseguranca\/#breadcrumb","itemListElement":[{"@type":"ListItem","position":1,"name":"Portada","item":"https:\/\/semanamundial.com\/ca\/"},{"@type":"ListItem","position":2,"name":"El Joc de l&#8217;Asseguran\u00e7a"}]},{"@type":"WebSite","@id":"https:\/\/semanamundial.com\/ca\/#website","url":"https:\/\/semanamundial.com\/ca\/","name":"Semana Mundial 2025","description":"","publisher":{"@id":"https:\/\/semanamundial.com\/ca\/#organization"},"potentialAction":[{"@type":"SearchAction","target":{"@type":"EntryPoint","urlTemplate":"https:\/\/semanamundial.com\/ca\/?s={search_term_string}"},"query-input":{"@type":"PropertyValueSpecification","valueRequired":true,"valueName":"search_term_string"}}],"inLanguage":"ca"},{"@type":"Organization","@id":"https:\/\/semanamundial.com\/ca\/#organization","name":"Semana Mundial 2025","url":"https:\/\/semanamundial.com\/ca\/","logo":{"@type":"ImageObject","inLanguage":"ca","@id":"https:\/\/semanamundial.com\/ca\/#\/schema\/logo\/image\/","url":"https:\/\/semanamundial.com\/wp-content\/uploads\/2025\/03\/LOGOS-SM24-CAT-05-e1743008465107.png","contentUrl":"https:\/\/semanamundial.com\/wp-content\/uploads\/2025\/03\/LOGOS-SM24-CAT-05-e1743008465107.png","width":150,"height":102,"caption":"Semana Mundial 2025"},"image":{"@id":"https:\/\/semanamundial.com\/ca\/#\/schema\/logo\/image\/"}}]}},"_links":{"self":[{"href":"https:\/\/semanamundial.com\/ca\/wp-json\/wp\/v2\/pages\/137","targetHints":{"allow":["GET"]}}],"collection":[{"href":"https:\/\/semanamundial.com\/ca\/wp-json\/wp\/v2\/pages"}],"about":[{"href":"https:\/\/semanamundial.com\/ca\/wp-json\/wp\/v2\/types\/page"}],"author":[{"embeddable":true,"href":"https:\/\/semanamundial.com\/ca\/wp-json\/wp\/v2\/users\/1"}],"replies":[{"embeddable":true,"href":"https:\/\/semanamundial.com\/ca\/wp-json\/wp\/v2\/comments?post=137"}],"version-history":[{"count":14,"href":"https:\/\/semanamundial.com\/ca\/wp-json\/wp\/v2\/pages\/137\/revisions"}],"predecessor-version":[{"id":657,"href":"https:\/\/semanamundial.com\/ca\/wp-json\/wp\/v2\/pages\/137\/revisions\/657"}],"wp:attachment":[{"href":"https:\/\/semanamundial.com\/ca\/wp-json\/wp\/v2\/media?parent=137"}],"curies":[{"name":"wp","href":"https:\/\/api.w.org\/{rel}","templated":true}]}}