{"id":1182,"date":"2023-07-05T12:59:08","date_gmt":"2023-07-05T10:59:08","guid":{"rendered":"https:\/\/semanamundial.com\/?page_id=1182"},"modified":"2023-07-27T16:14:17","modified_gmt":"2023-07-27T14:14:17","slug":"tu-preguntes","status":"publish","type":"page","link":"https:\/\/semanamundial.com\/ca\/tu-preguntes\/","title":{"rendered":"Tu preguntes"},"content":{"rendered":"\t\t<div data-elementor-type=\"wp-page\" data-elementor-id=\"1182\" class=\"elementor elementor-1182 elementor-1171\">\n\t\t\t\t\t\t<section class=\"elementor-section elementor-top-section elementor-element elementor-element-5796ea8 elementor-section-boxed elementor-section-height-default elementor-section-height-default\" data-id=\"5796ea8\" data-element_type=\"section\">\n\t\t\t\t\t\t<div class=\"elementor-container elementor-column-gap-default\">\n\t\t\t\t\t<div class=\"aux-parallax-section elementor-column elementor-col-100 elementor-top-column elementor-element elementor-element-b19c556\" data-id=\"b19c556\" data-element_type=\"column\">\n\t\t\t<div class=\"elementor-widget-wrap elementor-element-populated\">\n\t\t\t\t\t\t<div class=\"elementor-element elementor-element-69ba571 elementor-widget elementor-widget-heading\" data-id=\"69ba571\" data-element_type=\"widget\" data-widget_type=\"heading.default\">\n\t\t\t\t<div class=\"elementor-widget-container\">\n\t\t\t\t\t<h1 class=\"elementor-heading-title elementor-size-default\">Tu preguntes<\/h1>\t\t\t\t<\/div>\n\t\t\t\t<\/div>\n\t\t\t\t\t<\/div>\n\t\t<\/div>\n\t\t\t\t\t<\/div>\n\t\t<\/section>\n\t\t\t\t<section class=\"elementor-section elementor-top-section elementor-element elementor-element-7d1c5d8 elementor-section-boxed elementor-section-height-default elementor-section-height-default\" data-id=\"7d1c5d8\" data-element_type=\"section\">\n\t\t\t\t\t\t<div class=\"elementor-container elementor-column-gap-default\">\n\t\t\t\t\t<div class=\"aux-parallax-section elementor-column elementor-col-100 elementor-top-column elementor-element elementor-element-ec50e5a\" data-id=\"ec50e5a\" data-element_type=\"column\">\n\t\t\t<div class=\"elementor-widget-wrap elementor-element-populated\">\n\t\t\t\t\t\t<div class=\"elementor-element elementor-element-465751a elementor-widget elementor-widget-image\" data-id=\"465751a\" data-element_type=\"widget\" data-widget_type=\"image.default\">\n\t\t\t\t<div class=\"elementor-widget-container\">\n\t\t\t\t\t\t\t\t\t\t\t\t\t\t\t<img decoding=\"async\" src=\"https:\/\/semanamundial.com\/wp-content\/uploads\/elementor\/thumbs\/pagina-Tu-preguntas-q8yomjsf5k014f43wrhmrgowuhj38y77gzhges1h9c.png\" title=\"pagina Tu preguntas\" alt=\"pagina Tu preguntas\" loading=\"lazy\" \/>\t\t\t\t\t\t\t\t\t\t\t\t\t\t\t<\/div>\n\t\t\t\t<\/div>\n\t\t\t\t\t<\/div>\n\t\t<\/div>\n\t\t\t\t\t<\/div>\n\t\t<\/section>\n\t\t\t\t<section class=\"elementor-section elementor-top-section elementor-element elementor-element-5e6dbc4 elementor-section-boxed elementor-section-height-default elementor-section-height-default\" data-id=\"5e6dbc4\" data-element_type=\"section\">\n\t\t\t\t\t\t<div class=\"elementor-container elementor-column-gap-default\">\n\t\t\t\t\t<div class=\"aux-parallax-section elementor-column elementor-col-100 elementor-top-column elementor-element elementor-element-ec8b698\" data-id=\"ec8b698\" data-element_type=\"column\">\n\t\t\t<div class=\"elementor-widget-wrap elementor-element-populated\">\n\t\t\t\t\t\t<div class=\"elementor-element elementor-element-cc03e2f elementor-widget elementor-widget-text-editor\" data-id=\"cc03e2f\" data-element_type=\"widget\" data-widget_type=\"text-editor.default\">\n\t\t\t\t<div class=\"elementor-widget-container\">\n\t\t\t\t\t\t\t\t\t<p>En la Setmana Mundial 2023, els col\u00b7legiats que ho desitgin podran participar activament formulant preguntes sobre la visi\u00f3 que les companyies tenen dels vectors de canvi que estan transformant l&#8217;activitat de la mediaci\u00f3 professional.<\/p><p>Aquest mes de juliol, des del Col\u00b7legi us informarem del procediment que cal seguir per a fer arribar les preguntes, a partir de l&#8217;elecci\u00f3 definitiva de les tem\u00e0tiques. \u00c9s important tenir en compte que cada pregunta ha de fer refer\u00e8ncia a un dels vectors de canvi i no a la companyia que ho desenvolupa, que no es coneixer\u00e0 fins m\u00e9s endavant. El termini per a enviar les teves preguntes conclour\u00e0 el 7 de setembre.<\/p><p>Cada col\u00b7legiat podr\u00e0 formular les preguntes que desitgi. D&#8217;entre totes les q\u00fcestions rebudes se seleccionaran una o dues per tem\u00e0tica que el presentador de l&#8217;acte traslladar\u00e0 en directe al representant de la companyia, que haur\u00e0 acabat d&#8217;exposar el seu punt de vista sobre aquesta tend\u00e8ncia transformadora.<\/p><p>Les preguntes que, per q\u00fcestions de temps, no podran formular-se al llarg de la Setmana Mundial, s&#8217;enviaran a cada companyia i, posteriorment, les seves respostes es compartiran amb tots els col\u00b7legiats.<\/p>\t\t\t\t\t\t\t\t<\/div>\n\t\t\t\t<\/div>\n\t\t\t\t\t<\/div>\n\t\t<\/div>\n\t\t\t\t\t<\/div>\n\t\t<\/section>\n\t\t\t\t<section class=\"elementor-section elementor-top-section elementor-element elementor-element-ba49073 elementor-section-boxed elementor-section-height-default elementor-section-height-default\" data-id=\"ba49073\" data-element_type=\"section\">\n\t\t\t\t\t\t<div class=\"elementor-container elementor-column-gap-default\">\n\t\t\t\t\t<div class=\"aux-parallax-section elementor-column elementor-col-100 elementor-top-column elementor-element elementor-element-fd9a1d4\" data-id=\"fd9a1d4\" data-element_type=\"column\">\n\t\t\t<div class=\"elementor-widget-wrap elementor-element-populated\">\n\t\t\t\t\t\t<div class=\"elementor-element elementor-element-631c62c elementor-align-center elementor-widget elementor-widget-button\" data-id=\"631c62c\" data-element_type=\"widget\" data-widget_type=\"button.default\">\n\t\t\t\t<div class=\"elementor-widget-container\">\n\t\t\t\t\t\t\t\t\t<div class=\"elementor-button-wrapper\">\n\t\t\t\t\t<a class=\"elementor-button elementor-button-link elementor-size-sm\" href=\"https:\/\/www.semanamundial.com\/inscripciones\/2023\/front\/inscript\">\n\t\t\t\t\t\t<span class=\"elementor-button-content-wrapper\">\n\t\t\t\t\t\t\t\t\t<span class=\"elementor-button-text\">\u00a1Inscriu-te ja a la Setmana Mundial!<\/span>\n\t\t\t\t\t<\/span>\n\t\t\t\t\t<\/a>\n\t\t\t\t<\/div>\n\t\t\t\t\t\t\t\t<\/div>\n\t\t\t\t<\/div>\n\t\t\t\t\t<\/div>\n\t\t<\/div>\n\t\t\t\t\t<\/div>\n\t\t<\/section>\n\t\t\t\t<\/div>\n\t\t","protected":false},"excerpt":{"rendered":"<p>Tu preguntes En la Setmana Mundial 2023, els col\u00b7legiats que ho desitgin podran participar activament formulant preguntes sobre la visi\u00f3 que les companyies tenen dels vectors de canvi que estan transformant l&#8217;activitat de la mediaci\u00f3 professional. Aquest mes de juliol, des del Col\u00b7legi us informarem del procediment que cal seguir per a fer arribar les [&hellip;]<\/p>\n","protected":false},"author":2,"featured_media":0,"parent":0,"menu_order":0,"comment_status":"closed","ping_status":"closed","template":"","meta":{"footnotes":""},"class_list":["post-1182","page","type-page","status-publish","hentry"],"yoast_head":"<!-- This site is optimized with the Yoast SEO plugin v26.6 - https:\/\/yoast.com\/wordpress\/plugins\/seo\/ -->\n<title>Tu preguntes - Semana Mundial 2025<\/title>\n<meta name=\"description\" content=\"En la Semana Mundial 2023, Tu preguntes. Els Col\u00b7legiats podran participar formulant preguntes sobre la visi\u00f3 de les companyies.\" \/>\n<meta name=\"robots\" content=\"index, follow, max-snippet:-1, max-image-preview:large, max-video-preview:-1\" \/>\n<link rel=\"canonical\" href=\"https:\/\/semanamundial.com\/ca\/tu-preguntes\/\" \/>\n<meta property=\"og:locale\" content=\"ca_ES\" \/>\n<meta property=\"og:type\" content=\"article\" \/>\n<meta property=\"og:title\" content=\"Tu preguntes - Semana Mundial 2025\" \/>\n<meta property=\"og:description\" content=\"En la Semana Mundial 2023, Tu preguntes. Els Col\u00b7legiats podran participar formulant preguntes sobre la visi\u00f3 de les companyies.\" \/>\n<meta property=\"og:url\" content=\"https:\/\/semanamundial.com\/ca\/tu-preguntes\/\" \/>\n<meta property=\"og:site_name\" content=\"Semana Mundial 2025\" \/>\n<meta property=\"article:modified_time\" content=\"2023-07-27T14:14:17+00:00\" \/>\n<meta property=\"og:image\" content=\"https:\/\/semanamundial.com\/wp-content\/uploads\/elementor\/thumbs\/pagina-Tu-preguntas-q8yomkq9ce1bg12qr9w9bygdfveggnaxt44xsf0q00.png\" \/>\n<meta name=\"twitter:card\" content=\"summary_large_image\" \/>\n<meta name=\"twitter:label1\" content=\"Temps estimat de lectura\" \/>\n\t<meta name=\"twitter:data1\" content=\"2 minuts\" \/>\n<script type=\"application\/ld+json\" class=\"yoast-schema-graph\">{\"@context\":\"https:\/\/schema.org\",\"@graph\":[{\"@type\":\"WebPage\",\"@id\":\"https:\/\/semanamundial.com\/ca\/tu-preguntes\/\",\"url\":\"https:\/\/semanamundial.com\/ca\/tu-preguntes\/\",\"name\":\"Tu preguntes - Semana Mundial 2025\",\"isPartOf\":{\"@id\":\"https:\/\/semanamundial.com\/ca\/#website\"},\"primaryImageOfPage\":{\"@id\":\"https:\/\/semanamundial.com\/ca\/tu-preguntes\/#primaryimage\"},\"image\":{\"@id\":\"https:\/\/semanamundial.com\/ca\/tu-preguntes\/#primaryimage\"},\"thumbnailUrl\":\"https:\/\/semanamundial.com\/wp-content\/uploads\/elementor\/thumbs\/pagina-Tu-preguntas-q8yomkq9ce1bg12qr9w9bygdfveggnaxt44xsf0q00.png\",\"datePublished\":\"2023-07-05T10:59:08+00:00\",\"dateModified\":\"2023-07-27T14:14:17+00:00\",\"description\":\"En la Semana Mundial 2023, Tu preguntes. Els Col\u00b7legiats podran participar formulant preguntes sobre la visi\u00f3 de les companyies.\",\"breadcrumb\":{\"@id\":\"https:\/\/semanamundial.com\/ca\/tu-preguntes\/#breadcrumb\"},\"inLanguage\":\"ca\",\"potentialAction\":[{\"@type\":\"ReadAction\",\"target\":[\"https:\/\/semanamundial.com\/ca\/tu-preguntes\/\"]}]},{\"@type\":\"ImageObject\",\"inLanguage\":\"ca\",\"@id\":\"https:\/\/semanamundial.com\/ca\/tu-preguntes\/#primaryimage\",\"url\":\"https:\/\/semanamundial.com\/wp-content\/uploads\/elementor\/thumbs\/pagina-Tu-preguntas-q8yomkq9ce1bg12qr9w9bygdfveggnaxt44xsf0q00.png\",\"contentUrl\":\"https:\/\/semanamundial.com\/wp-content\/uploads\/elementor\/thumbs\/pagina-Tu-preguntas-q8yomkq9ce1bg12qr9w9bygdfveggnaxt44xsf0q00.png\"},{\"@type\":\"BreadcrumbList\",\"@id\":\"https:\/\/semanamundial.com\/ca\/tu-preguntes\/#breadcrumb\",\"itemListElement\":[{\"@type\":\"ListItem\",\"position\":1,\"name\":\"Portada\",\"item\":\"https:\/\/semanamundial.com\/ca\/\"},{\"@type\":\"ListItem\",\"position\":2,\"name\":\"Tu preguntes\"}]},{\"@type\":\"WebSite\",\"@id\":\"https:\/\/semanamundial.com\/ca\/#website\",\"url\":\"https:\/\/semanamundial.com\/ca\/\",\"name\":\"Semana Mundial 2025\",\"description\":\"\",\"publisher\":{\"@id\":\"https:\/\/semanamundial.com\/ca\/#organization\"},\"potentialAction\":[{\"@type\":\"SearchAction\",\"target\":{\"@type\":\"EntryPoint\",\"urlTemplate\":\"https:\/\/semanamundial.com\/ca\/?s={search_term_string}\"},\"query-input\":{\"@type\":\"PropertyValueSpecification\",\"valueRequired\":true,\"valueName\":\"search_term_string\"}}],\"inLanguage\":\"ca\"},{\"@type\":\"Organization\",\"@id\":\"https:\/\/semanamundial.com\/ca\/#organization\",\"name\":\"Semana Mundial 2025\",\"url\":\"https:\/\/semanamundial.com\/ca\/\",\"logo\":{\"@type\":\"ImageObject\",\"inLanguage\":\"ca\",\"@id\":\"https:\/\/semanamundial.com\/ca\/#\/schema\/logo\/image\/\",\"url\":\"https:\/\/semanamundial.com\/wp-content\/uploads\/2025\/03\/LOGOS-SM24-CAT-05-e1743008465107.png\",\"contentUrl\":\"https:\/\/semanamundial.com\/wp-content\/uploads\/2025\/03\/LOGOS-SM24-CAT-05-e1743008465107.png\",\"width\":150,\"height\":102,\"caption\":\"Semana Mundial 2025\"},\"image\":{\"@id\":\"https:\/\/semanamundial.com\/ca\/#\/schema\/logo\/image\/\"}}]}<\/script>\n<!-- \/ Yoast SEO plugin. -->","yoast_head_json":{"title":"Tu preguntes - Semana Mundial 2025","description":"En la Semana Mundial 2023, Tu preguntes. Els Col\u00b7legiats podran participar formulant preguntes sobre la visi\u00f3 de les companyies.","robots":{"index":"index","follow":"follow","max-snippet":"max-snippet:-1","max-image-preview":"max-image-preview:large","max-video-preview":"max-video-preview:-1"},"canonical":"https:\/\/semanamundial.com\/ca\/tu-preguntes\/","og_locale":"ca_ES","og_type":"article","og_title":"Tu preguntes - Semana Mundial 2025","og_description":"En la Semana Mundial 2023, Tu preguntes. Els Col\u00b7legiats podran participar formulant preguntes sobre la visi\u00f3 de les companyies.","og_url":"https:\/\/semanamundial.com\/ca\/tu-preguntes\/","og_site_name":"Semana Mundial 2025","article_modified_time":"2023-07-27T14:14:17+00:00","og_image":[{"url":"https:\/\/semanamundial.com\/wp-content\/uploads\/elementor\/thumbs\/pagina-Tu-preguntas-q8yomkq9ce1bg12qr9w9bygdfveggnaxt44xsf0q00.png","type":"","width":"","height":""}],"twitter_card":"summary_large_image","twitter_misc":{"Temps estimat de lectura":"2 minuts"},"schema":{"@context":"https:\/\/schema.org","@graph":[{"@type":"WebPage","@id":"https:\/\/semanamundial.com\/ca\/tu-preguntes\/","url":"https:\/\/semanamundial.com\/ca\/tu-preguntes\/","name":"Tu preguntes - Semana Mundial 2025","isPartOf":{"@id":"https:\/\/semanamundial.com\/ca\/#website"},"primaryImageOfPage":{"@id":"https:\/\/semanamundial.com\/ca\/tu-preguntes\/#primaryimage"},"image":{"@id":"https:\/\/semanamundial.com\/ca\/tu-preguntes\/#primaryimage"},"thumbnailUrl":"https:\/\/semanamundial.com\/wp-content\/uploads\/elementor\/thumbs\/pagina-Tu-preguntas-q8yomkq9ce1bg12qr9w9bygdfveggnaxt44xsf0q00.png","datePublished":"2023-07-05T10:59:08+00:00","dateModified":"2023-07-27T14:14:17+00:00","description":"En la Semana Mundial 2023, Tu preguntes. Els Col\u00b7legiats podran participar formulant preguntes sobre la visi\u00f3 de les companyies.","breadcrumb":{"@id":"https:\/\/semanamundial.com\/ca\/tu-preguntes\/#breadcrumb"},"inLanguage":"ca","potentialAction":[{"@type":"ReadAction","target":["https:\/\/semanamundial.com\/ca\/tu-preguntes\/"]}]},{"@type":"ImageObject","inLanguage":"ca","@id":"https:\/\/semanamundial.com\/ca\/tu-preguntes\/#primaryimage","url":"https:\/\/semanamundial.com\/wp-content\/uploads\/elementor\/thumbs\/pagina-Tu-preguntas-q8yomkq9ce1bg12qr9w9bygdfveggnaxt44xsf0q00.png","contentUrl":"https:\/\/semanamundial.com\/wp-content\/uploads\/elementor\/thumbs\/pagina-Tu-preguntas-q8yomkq9ce1bg12qr9w9bygdfveggnaxt44xsf0q00.png"},{"@type":"BreadcrumbList","@id":"https:\/\/semanamundial.com\/ca\/tu-preguntes\/#breadcrumb","itemListElement":[{"@type":"ListItem","position":1,"name":"Portada","item":"https:\/\/semanamundial.com\/ca\/"},{"@type":"ListItem","position":2,"name":"Tu preguntes"}]},{"@type":"WebSite","@id":"https:\/\/semanamundial.com\/ca\/#website","url":"https:\/\/semanamundial.com\/ca\/","name":"Semana Mundial 2025","description":"","publisher":{"@id":"https:\/\/semanamundial.com\/ca\/#organization"},"potentialAction":[{"@type":"SearchAction","target":{"@type":"EntryPoint","urlTemplate":"https:\/\/semanamundial.com\/ca\/?s={search_term_string}"},"query-input":{"@type":"PropertyValueSpecification","valueRequired":true,"valueName":"search_term_string"}}],"inLanguage":"ca"},{"@type":"Organization","@id":"https:\/\/semanamundial.com\/ca\/#organization","name":"Semana Mundial 2025","url":"https:\/\/semanamundial.com\/ca\/","logo":{"@type":"ImageObject","inLanguage":"ca","@id":"https:\/\/semanamundial.com\/ca\/#\/schema\/logo\/image\/","url":"https:\/\/semanamundial.com\/wp-content\/uploads\/2025\/03\/LOGOS-SM24-CAT-05-e1743008465107.png","contentUrl":"https:\/\/semanamundial.com\/wp-content\/uploads\/2025\/03\/LOGOS-SM24-CAT-05-e1743008465107.png","width":150,"height":102,"caption":"Semana Mundial 2025"},"image":{"@id":"https:\/\/semanamundial.com\/ca\/#\/schema\/logo\/image\/"}}]}},"_links":{"self":[{"href":"https:\/\/semanamundial.com\/ca\/wp-json\/wp\/v2\/pages\/1182","targetHints":{"allow":["GET"]}}],"collection":[{"href":"https:\/\/semanamundial.com\/ca\/wp-json\/wp\/v2\/pages"}],"about":[{"href":"https:\/\/semanamundial.com\/ca\/wp-json\/wp\/v2\/types\/page"}],"author":[{"embeddable":true,"href":"https:\/\/semanamundial.com\/ca\/wp-json\/wp\/v2\/users\/2"}],"replies":[{"embeddable":true,"href":"https:\/\/semanamundial.com\/ca\/wp-json\/wp\/v2\/comments?post=1182"}],"version-history":[{"count":8,"href":"https:\/\/semanamundial.com\/ca\/wp-json\/wp\/v2\/pages\/1182\/revisions"}],"predecessor-version":[{"id":1433,"href":"https:\/\/semanamundial.com\/ca\/wp-json\/wp\/v2\/pages\/1182\/revisions\/1433"}],"wp:attachment":[{"href":"https:\/\/semanamundial.com\/ca\/wp-json\/wp\/v2\/media?parent=1182"}],"curies":[{"name":"wp","href":"https:\/\/api.w.org\/{rel}","templated":true}]}}